{"id":11903,"date":"2018-09-05T19:21:10","date_gmt":"2018-09-05T17:21:10","guid":{"rendered":"http:\/\/klubmamgdynia.pl\/index.php\/produkt\/heavy-fire-afghanistan-digital\/"},"modified":"2026-05-17T23:04:14","modified_gmt":"2026-05-17T21:04:14","slug":"heavy-fire-afghanistan-digital","status":"publish","type":"product","link":"http:\/\/klubmamgdynia.pl\/index.php\/produkt\/heavy-fire-afghanistan-digital\/","title":{"rendered":"Heavy Fire Afghanistan (Digital)"},"content":{"rendered":"<p>Heavy Fire: Afghanistan to strzelanina &#8222;na szynach&#8221; (z ang. rail shooter) stworzona przez polskie studio Teyon. Gracz nie kontroluje zatem postaci bezpo\u015brednio, jak w typowych FPS-ach, lecz jedynie strzela do cel\u00f3w pojawiaj\u0105cych si\u0119 na ekranie.Kampania dla pojedynczego gracza w Heavy Fire: Afghanistan sk\u0142ada si\u0119 z dwudziestu czterech zr\u00f3\u017cnicowanych misji umiejscowionych w rozmaitych rejonach Afganistanu. Poszczeg\u00f3lne zadania wykonujemy zar\u00f3wno na otwartym terenie , jak i w zamkni\u0119tych pomieszczeniach, dzia\u0142aj\u0105c w dzie\u0144 oraz pod os\u0142on\u0105 nocy.Heavy Fire: Afghanistan nie jest jednak wy\u0142\u0105cznie gr\u0105 dla os\u00f3b preferuj\u0105cych rozgrywk\u0119 w pojedynk\u0119. Bawi\u0107 si\u0119 mo\u017cna tak\u017ce w kooperacji z maksymalnie trzema innymi u\u017cytkownikami. Gra zawiera tabel\u0119 rankingow\u0105 i umo\u017cliwia odblokowanie ponad sze\u015b\u0107dziesi\u0119ciu bonus\u00f3w, rang wojskowych oraz ulepsze\u0144 ekwipunku.<\/p>\n<h2>Heavy Fire Afghanistan (Digital) Teyon<\/h2>\n<p>adriana imi\u0119, podchwytliwe zagadki na inteligencj\u0119, test wiedzy z lektury przygody tomka sawyera z odpowiedziami, \u017carty na prima aprilis na rodzic\u00f3w, imie gaja, quizy miko\u0142ajek, quiz felix net i nika oraz gang niewidzialnych ludzi, zagadki wiosenne dla dzieci, zagadki z odpowiedziami, co na prezent dla nastolatk\u00f3w, jaki prezent na roczek, zagadki logiczne z odpowiedziami, szablon zaproszenia na urodziny do wydruku czarno bia\u0142e<\/p>\n<p>yyyyy<\/p>\n<p>&nbsp;<\/p>\n","protected":false},"excerpt":{"rendered":"<p>Heavy Fire: Afghanistan to strzelanina &#8222;na szynach&#8221; (z ang. rail shooter) stworzona przez polskie studio Teyon. Gracz nie kontroluje zatem postaci bezpo\u015brednio, jak w typowych FPS-ach, lecz jedynie strzela do cel\u00f3w pojawiaj\u0105cych si\u0119 na ekranie.Kampania dla pojedynczego gracza w Heavy Fire: Afghanistan sk\u0142ada si\u0119 z dwudziestu czterech zr\u00f3\u017cnicowanych misji umiejscowionych w rozmaitych rejonach Afganistanu. Poszczeg\u00f3lne [&hellip;]<\/p>\n","protected":false},"featured_media":11904,"comment_status":"closed","ping_status":"open","template":"","meta":[],"product_cat":[352,2085],"product_tag":[669,735,695],"class_list":["post-11903","product","type-product","status-publish","has-post-thumbnail","hentry","product_cat-gry-do-pobrania-na-pc","product_cat-teyon","product_tag-kolorowanki","product_tag-prezent-na-roczek-dziewczynka","product_tag-rzadkie-imiona-zenskie"],"_links":{"self":[{"href":"http:\/\/klubmamgdynia.pl\/index.php\/wp-json\/wp\/v2\/product\/11903","targetHints":{"allow":["GET"]}}],"collection":[{"href":"http:\/\/klubmamgdynia.pl\/index.php\/wp-json\/wp\/v2\/product"}],"about":[{"href":"http:\/\/klubmamgdynia.pl\/index.php\/wp-json\/wp\/v2\/types\/product"}],"replies":[{"embeddable":true,"href":"http:\/\/klubmamgdynia.pl\/index.php\/wp-json\/wp\/v2\/comments?post=11903"}],"wp:featuredmedia":[{"embeddable":true,"href":"http:\/\/klubmamgdynia.pl\/index.php\/wp-json\/wp\/v2\/media\/11904"}],"wp:attachment":[{"href":"http:\/\/klubmamgdynia.pl\/index.php\/wp-json\/wp\/v2\/media?parent=11903"}],"wp:term":[{"taxonomy":"product_cat","embeddable":true,"href":"http:\/\/klubmamgdynia.pl\/index.php\/wp-json\/wp\/v2\/product_cat?post=11903"},{"taxonomy":"product_tag","embeddable":true,"href":"http:\/\/klubmamgdynia.pl\/index.php\/wp-json\/wp\/v2\/product_tag?post=11903"}],"curies":[{"name":"wp","href":"https:\/\/api.w.org\/{rel}","templated":true}]}}