{"id":11905,"date":"2011-02-26T09:57:43","date_gmt":"2011-02-26T08:57:43","guid":{"rendered":"http:\/\/klubmamgdynia.pl\/index.php\/produkt\/jabadabado-lodziarnia-wozek-w7112-zabawka\/"},"modified":"2026-04-03T05:24:30","modified_gmt":"2026-04-03T03:24:30","slug":"jabadabado-lodziarnia-wozek-w7112-zabawka","status":"publish","type":"product","link":"http:\/\/klubmamgdynia.pl\/index.php\/produkt\/jabadabado-lodziarnia-wozek-w7112-zabawka\/","title":{"rendered":"Jabadabado Lodziarnia W\u00f3zek W7112 &#8211; Zabawka"},"content":{"rendered":"<p>Drewniana lodziarnia na k\u00f3\u0142kach &#8211; to gwarancja udanej, kreatywnej i smacznej zabawy! Wszystkie dzieci uwielbiaj\u0105 lody &#8211; mobilny w\u00f3zek z lodami, pozwoli na serwowanie ulubionych smako\u0142yk\u00f3w wszystkim misiom, lalom i cz\u0142onkom rodziny. Zabawa w dom, sklep czy lodziarni\u0119 \u015bwietnie pobudza dzieci\u0119c\u0105 wyobra\u017ani\u0119, rozwija s\u0142ownictwo a nak\u0142adanie lod\u00f3w \u0107wiczy sprawno\u015b\u0107 manualn\u0105 i koordynacj\u0119 r\u0119ka-oko. \u015awietny zestaw na prezent!W zestawie:w\u00f3zek na k\u00f3\u0142kach,pi\u0119\u0107 lod\u00f3w na patykach,pi\u0119\u0107 wafelk\u00f3w (ro\u017ck\u00f3w) i pi\u0119\u0107 kulek o r\u00f3\u017cnych smakach\u0142y\u017cka do lod\u00f3w, i polewa truskawkowaSpok\u00f3j, rado\u015b\u0107 i beztroska w wyj\u0105tkowych wn\u0119trzach Twojego dziecka &#8211; zapewniaj\u0105 meble i dodatki szwedzkiej marki Jabadabado. Wyposa\u017cenie pokoju Twojego dziecka, otoczenie w kt\u00f3rym sp\u0119dza czas ma ogromny wp\u0142yw na jego samopoczucie, osobowo\u015b\u0107 oraz poczucie smaku i gustu. Zadbaj o to, by Tw\u00f3j maluch we w\u0142asnych wn\u0119trzach czu\u0142 si\u0119 zawsze mi\u0142o, bezpiecznie i przyjemnie!Jabadabado to szwedzka firma istniej\u0105ca na rynku od 1993 roku specjalizuj\u0105ca si\u0119 w projektowaniu i produkcji zabawek drewnianych, element\u00f3w wyposa\u017cenia pokoi dzieci\u0119cych. Wszystkie produkty Jabadabado cechuje oryginalny design, pi\u0119kna kolorystyka i niezwykle staranne wykonanie. Wszystkie zabawki marki Jabadabado stworzone s\u0105 z my\u015bl\u0105 o dzieciach i pobudzaj\u0105 do kreatywnej zabawy.Dane techniczne:przeznaczona dla dzieci powy\u017cej 1 roku \u017cyciawymiary: 31 x 18 x 40 cm<\/p>\n<h2>Jabadabado Lodziarnia W\u00f3zek W7112 &#8211; Zabawka Jabadabado<\/h2>\n<p>zagadki logiczne dla dzieci, ozdoby na choinke przedszkole, test z lektury pies kt\u00f3ry je\u017adzi\u0142 kolej\u0105, darmowy szablon list do miko\u0142aja, jakie prezenty na roczek, cytaty dla przyjaciela, cytaty ma\u0142y ksi\u0105\u017ce, zagadki o przyborach szkolnych, wz\u00f3r drzewo genealogiczne szablon do wydruku, sing 2 multikino, kotki kolorowanka, imie kuba, ci\u0119\u017ckie zagadki, imi\u0119 gaja, buziak gify na dobranoc smieszne, alan imi\u0119, po\u0142\u0105cz kropki do druku<\/p>\n<p>yyyyy<\/p>\n<p>&nbsp;<\/p>\n","protected":false},"excerpt":{"rendered":"<p>Drewniana lodziarnia na k\u00f3\u0142kach &#8211; to gwarancja udanej, kreatywnej i smacznej zabawy! Wszystkie dzieci uwielbiaj\u0105 lody &#8211; mobilny w\u00f3zek z lodami, pozwoli na serwowanie ulubionych smako\u0142yk\u00f3w wszystkim misiom, lalom i cz\u0142onkom rodziny. Zabawa w dom, sklep czy lodziarni\u0119 \u015bwietnie pobudza dzieci\u0119c\u0105 wyobra\u017ani\u0119, rozwija s\u0142ownictwo a nak\u0142adanie lod\u00f3w \u0107wiczy sprawno\u015b\u0107 manualn\u0105 i koordynacj\u0119 r\u0119ka-oko. \u015awietny zestaw [&hellip;]<\/p>\n","protected":false},"featured_media":11906,"comment_status":"closed","ping_status":"open","template":"","meta":[],"product_cat":[483,53],"product_tag":[819,754,826,647],"class_list":["post-11905","product","type-product","status-publish","has-post-thumbnail","hentry","product_cat-jabadabado","product_cat-kaciki-zabaw","product_tag-co-kupic-nastolatce-na-swieta","product_tag-dyplomy-do-wydrukowania-a4","product_tag-prezent-dla-15-latka","product_tag-warszawa-z-dzieckiem"],"_links":{"self":[{"href":"http:\/\/klubmamgdynia.pl\/index.php\/wp-json\/wp\/v2\/product\/11905","targetHints":{"allow":["GET"]}}],"collection":[{"href":"http:\/\/klubmamgdynia.pl\/index.php\/wp-json\/wp\/v2\/product"}],"about":[{"href":"http:\/\/klubmamgdynia.pl\/index.php\/wp-json\/wp\/v2\/types\/product"}],"replies":[{"embeddable":true,"href":"http:\/\/klubmamgdynia.pl\/index.php\/wp-json\/wp\/v2\/comments?post=11905"}],"wp:featuredmedia":[{"embeddable":true,"href":"http:\/\/klubmamgdynia.pl\/index.php\/wp-json\/wp\/v2\/media\/11906"}],"wp:attachment":[{"href":"http:\/\/klubmamgdynia.pl\/index.php\/wp-json\/wp\/v2\/media?parent=11905"}],"wp:term":[{"taxonomy":"product_cat","embeddable":true,"href":"http:\/\/klubmamgdynia.pl\/index.php\/wp-json\/wp\/v2\/product_cat?post=11905"},{"taxonomy":"product_tag","embeddable":true,"href":"http:\/\/klubmamgdynia.pl\/index.php\/wp-json\/wp\/v2\/product_tag?post=11905"}],"curies":[{"name":"wp","href":"https:\/\/api.w.org\/{rel}","templated":true}]}}