{"id":11909,"date":"2019-07-10T09:53:05","date_gmt":"2019-07-10T07:53:05","guid":{"rendered":"http:\/\/klubmamgdynia.pl\/index.php\/produkt\/brawlhalla-charged-og-colors-digital\/"},"modified":"2026-04-29T14:37:33","modified_gmt":"2026-04-29T12:37:33","slug":"brawlhalla-charged-og-colors-digital","status":"publish","type":"product","link":"http:\/\/klubmamgdynia.pl\/index.php\/produkt\/brawlhalla-charged-og-colors-digital\/","title":{"rendered":"Brawlhalla Charged OG Colors (Digital)"},"content":{"rendered":"<h2>Brawlhalla Charged OG Colors (Digital) <\/h2>\n<p>cytaty dla mamy, zagadki rymowane, kolorowanki na dzie\u0144 mamy, cytaty dla dzieci, prezenty dla nastolatka, kolorowanka ksi\u0119\u017cniczka, quiz o wio\u015bnie, gry edukacyjne dla dzieci online za darmo, smerfy kolorowanka, pola imi\u0119, kaligrafia nauka pisania wyraz\u00f3w dla dzieci do druku pdf, zabawy halloweenowe dla dzieci, gry dla nastolatk\u00f3w, gdy strumyk p\u0142ynie z wolna<\/p>\n<p>yyyyy<\/p>\n<p>&nbsp;<\/p>\n","protected":false},"excerpt":{"rendered":"<p>Brawlhalla Charged OG Colors (Digital) cytaty dla mamy, zagadki rymowane, kolorowanki na dzie\u0144 mamy, cytaty dla dzieci, prezenty dla nastolatka, kolorowanka ksi\u0119\u017cniczka, quiz o wio\u015bnie, gry edukacyjne dla dzieci online za darmo, smerfy kolorowanka, pola imi\u0119, kaligrafia nauka pisania wyraz\u00f3w dla dzieci do druku pdf, zabawy halloweenowe dla dzieci, gry dla nastolatk\u00f3w, gdy strumyk p\u0142ynie [&hellip;]<\/p>\n","protected":false},"featured_media":11910,"comment_status":"closed","ping_status":"open","template":"","meta":[],"product_cat":[352],"product_tag":[789,734,759,599],"class_list":["post-11909","product","type-product","status-publish","has-post-thumbnail","hentry","product_cat-gry-do-pobrania-na-pc","product_tag-kaczuszka","product_tag-milan-imie","product_tag-pomysly-na-prezent-dla-nastolatkow","product_tag-prezent-dla-nastolatkow-2021"],"_links":{"self":[{"href":"http:\/\/klubmamgdynia.pl\/index.php\/wp-json\/wp\/v2\/product\/11909","targetHints":{"allow":["GET"]}}],"collection":[{"href":"http:\/\/klubmamgdynia.pl\/index.php\/wp-json\/wp\/v2\/product"}],"about":[{"href":"http:\/\/klubmamgdynia.pl\/index.php\/wp-json\/wp\/v2\/types\/product"}],"replies":[{"embeddable":true,"href":"http:\/\/klubmamgdynia.pl\/index.php\/wp-json\/wp\/v2\/comments?post=11909"}],"wp:featuredmedia":[{"embeddable":true,"href":"http:\/\/klubmamgdynia.pl\/index.php\/wp-json\/wp\/v2\/media\/11910"}],"wp:attachment":[{"href":"http:\/\/klubmamgdynia.pl\/index.php\/wp-json\/wp\/v2\/media?parent=11909"}],"wp:term":[{"taxonomy":"product_cat","embeddable":true,"href":"http:\/\/klubmamgdynia.pl\/index.php\/wp-json\/wp\/v2\/product_cat?post=11909"},{"taxonomy":"product_tag","embeddable":true,"href":"http:\/\/klubmamgdynia.pl\/index.php\/wp-json\/wp\/v2\/product_tag?post=11909"}],"curies":[{"name":"wp","href":"https:\/\/api.w.org\/{rel}","templated":true}]}}