{"id":11911,"date":"2014-08-01T00:25:43","date_gmt":"2014-07-31T22:25:43","guid":{"rendered":"http:\/\/klubmamgdynia.pl\/index.php\/produkt\/simba-swinka-peppa-maskotka-pluszowa-tata-37cm\/"},"modified":"2026-04-28T17:13:59","modified_gmt":"2026-04-28T15:13:59","slug":"simba-swinka-peppa-maskotka-pluszowa-tata-37cm","status":"publish","type":"product","link":"http:\/\/klubmamgdynia.pl\/index.php\/produkt\/simba-swinka-peppa-maskotka-pluszowa-tata-37cm\/","title":{"rendered":"Simba \u015awinka Peppa Maskotka pluszowa Tata 37cm"},"content":{"rendered":"<p>\u015awinka Peppa, Maskotka pluszowa tata \u015bwinka, 37 cm.Maskotka pluszowa z wizerunkiem taty tytu\u0142owej bohaterki.Wysoko\u015b\u0107: 37 cm.Wiek: +0.<\/p>\n<h2>Simba \u015awinka Peppa Maskotka pluszowa Tata 37cm Simba<\/h2>\n<p>pomys\u0142y na pakowanie prezent\u00f3w, by\u0142 sobie kr\u00f3l, farma dyni poznan, kolorowanka pokemon, lucjan imi\u0119, koty kolorowanki do druku, co kupi\u0107 na roczek, ci\u0119\u017ckie zagadki, sk\u0142adniki do pizzy kolorowanka, cytaty o przyja\u017ani ma\u0142y ksi\u0105\u017c\u0119, bajka terapeutyczna o z\u0142o\u015bci pdf, maski karnawa\u0142owe do druku, iwo imie, dyplom za udzia\u0142 w konkursie do druku, kolorowanki uk\u0142ad s\u0142oneczny<\/p>\n<p>yyyyy<\/p>\n<p>&nbsp;<\/p>\n","protected":false},"excerpt":{"rendered":"<p>\u015awinka Peppa, Maskotka pluszowa tata \u015bwinka, 37 cm.Maskotka pluszowa z wizerunkiem taty tytu\u0142owej bohaterki.Wysoko\u015b\u0107: 37 cm.Wiek: +0. Simba \u015awinka Peppa Maskotka pluszowa Tata 37cm Simba pomys\u0142y na pakowanie prezent\u00f3w, by\u0142 sobie kr\u00f3l, farma dyni poznan, kolorowanka pokemon, lucjan imi\u0119, koty kolorowanki do druku, co kupi\u0107 na roczek, ci\u0119\u017ckie zagadki, sk\u0142adniki do pizzy kolorowanka, cytaty o [&hellip;]<\/p>\n","protected":false},"featured_media":11912,"comment_status":"closed","ping_status":"open","template":"","meta":[],"product_cat":[42,279],"product_tag":[864,650,673,620,633],"class_list":["post-11911","product","type-product","status-publish","has-post-thumbnail","hentry","product_cat-maskotki","product_cat-simba","product_tag-basen-warszawa","product_tag-choinka-z-bibuly","product_tag-juz-blisko-koleda-tekst","product_tag-quiz-opowiesci-z-narnii","product_tag-zagadki-z-odpowiedziami"],"_links":{"self":[{"href":"http:\/\/klubmamgdynia.pl\/index.php\/wp-json\/wp\/v2\/product\/11911","targetHints":{"allow":["GET"]}}],"collection":[{"href":"http:\/\/klubmamgdynia.pl\/index.php\/wp-json\/wp\/v2\/product"}],"about":[{"href":"http:\/\/klubmamgdynia.pl\/index.php\/wp-json\/wp\/v2\/types\/product"}],"replies":[{"embeddable":true,"href":"http:\/\/klubmamgdynia.pl\/index.php\/wp-json\/wp\/v2\/comments?post=11911"}],"wp:featuredmedia":[{"embeddable":true,"href":"http:\/\/klubmamgdynia.pl\/index.php\/wp-json\/wp\/v2\/media\/11912"}],"wp:attachment":[{"href":"http:\/\/klubmamgdynia.pl\/index.php\/wp-json\/wp\/v2\/media?parent=11911"}],"wp:term":[{"taxonomy":"product_cat","embeddable":true,"href":"http:\/\/klubmamgdynia.pl\/index.php\/wp-json\/wp\/v2\/product_cat?post=11911"},{"taxonomy":"product_tag","embeddable":true,"href":"http:\/\/klubmamgdynia.pl\/index.php\/wp-json\/wp\/v2\/product_tag?post=11911"}],"curies":[{"name":"wp","href":"https:\/\/api.w.org\/{rel}","templated":true}]}}