{"id":11913,"date":"2016-02-03T03:06:07","date_gmt":"2016-02-03T02:06:07","guid":{"rendered":"http:\/\/klubmamgdynia.pl\/index.php\/produkt\/gra-planszowa-wsiasc-do-pociagu-londyn\/"},"modified":"2026-04-03T23:45:22","modified_gmt":"2026-04-03T21:45:22","slug":"gra-planszowa-wsiasc-do-pociagu-londyn","status":"publish","type":"product","link":"http:\/\/klubmamgdynia.pl\/index.php\/produkt\/gra-planszowa-wsiasc-do-pociagu-londyn\/","title":{"rendered":"Gra planszowa Wsi\u0105\u015b\u0107 Do Poci\u0105gu: Londyn"},"content":{"rendered":"<p>Wsi\u0105\u015b\u0107 do poci\u0105gu: LondynWitamy w \u015bwiatowej stolicy mody i muzyki z lat 70-tych! Wskocz na pok\u0142ad pi\u0119trowego autobusu, aby przemkn\u0105\u0107 zabytkowymi ulicami Londynu, min\u0105\u0107 Pa\u0142ac Buckingham, wst\u0105pi\u0107 do British Museum lub zatrzyma\u0107 si\u0119 nad Tamiz\u0105 i pos\u0142ucha\u0107 echa dzwon\u00f3w Big Bena.                            <\/p>\n<p>Wsi\u0105\u015b\u0107 do Poci\u0105gu: Londyn to kusz\u0105ca prostot\u0105 gra, kontynuuj\u0105ca my\u015bl przewodni\u0105 bestsellerowej serii. Podczas zabawy gracze b\u0119d\u0105 \u015bcigali si\u0119 po Londynie z lat 70-tych, staraj\u0105c si\u0119 zrealizowa\u0107 jak najwiecej autobusowych tras i \u0142\u0105cz\u0105c ze sob\u0105 najwa\u017cniejsze dzielnice stolicy Wielkiej Brytanii. Dzi\u0119ki prostym zasadom i niewielkiemu formatowi planszy, Wsi\u0105\u015b\u0107 do Poci\u0105gu: Londyn jest gr\u0105 niezwykle przyjemn\u0105 i prost\u0105 w obs\u0142udze. \u015awietnie sprawdzi si\u0119 zar\u00f3wno w\u015br\u00f3d fan\u00f3w serii, jak i na pocz\u0105tek przygody z plansz\u00f3wkami.                            <\/p>\n<p>ZAWARTO\u015a\u0106 PUDE\u0141KA<\/p>\n<p>plansza przedstawiaj\u0105ca map\u0119 po\u0142\u0105cze\u0144 w Londynie68 plastikowych autobus\u00f3w (po 17 w ka\u017cdym kolorze)44 karty Lokomocji20 kart Bilet\u00f3w4 znaczniki punktacjiinstrukcja<\/p>\n<h2>Gra planszowa Wsi\u0105\u015b\u0107 Do Poci\u0105gu: Londyn Rebel<\/h2>\n<p>pa\u0144stwa europy i ich stolice quiz, \u0142atwe zagadki, karteczki wydruku wr\u00f3\u017cby andrzejkowe dla dzieci, maski superbohater\u00f3w do wydrukowania, wiersze \u0142ama\u0144ce j\u0119zykowe dla dzieci, bajki dla dzieci do czytania, gry planszowe dla m\u0142odzie\u017cy, kolorowanka sky, zagadki dla dzieci 7 lat, kajko i kokosz szko\u0142a latania test z odpowiedziami, dzie\u0144 pluszowego misia napis, sporty po francusku, prezent dla 15 latki 2021, malowanki, zagadka matematyczna, tezeusz<\/p>\n<p>yyyyy<\/p>\n<p>&nbsp;<\/p>\n","protected":false},"excerpt":{"rendered":"<p>Wsi\u0105\u015b\u0107 do poci\u0105gu: LondynWitamy w \u015bwiatowej stolicy mody i muzyki z lat 70-tych! Wskocz na pok\u0142ad pi\u0119trowego autobusu, aby przemkn\u0105\u0107 zabytkowymi ulicami Londynu, min\u0105\u0107 Pa\u0142ac Buckingham, wst\u0105pi\u0107 do British Museum lub zatrzyma\u0107 si\u0119 nad Tamiz\u0105 i pos\u0142ucha\u0107 echa dzwon\u00f3w Big Bena. Wsi\u0105\u015b\u0107 do Poci\u0105gu: Londyn to kusz\u0105ca prostot\u0105 gra, kontynuuj\u0105ca my\u015bl przewodni\u0105 bestsellerowej serii. Podczas [&hellip;]<\/p>\n","protected":false},"featured_media":11914,"comment_status":"closed","ping_status":"open","template":"","meta":[],"product_cat":[235,219],"product_tag":[671,646,743,712,873,756],"class_list":["post-11913","product","type-product","status-publish","has-post-thumbnail","hentry","product_cat-gry-planszowe","product_cat-rebel","product_tag-cicha-noc-po-angielsku-tekst","product_tag-prezent-na-pierwsze-urodziny","product_tag-quiz-dla-dzieci","product_tag-zagadki-o-zwierzetach","product_tag-zagadki-z-odpowiedziami-dla-dzieci","product_tag-zaproszenie-na-urodziny-do-druku"],"_links":{"self":[{"href":"http:\/\/klubmamgdynia.pl\/index.php\/wp-json\/wp\/v2\/product\/11913","targetHints":{"allow":["GET"]}}],"collection":[{"href":"http:\/\/klubmamgdynia.pl\/index.php\/wp-json\/wp\/v2\/product"}],"about":[{"href":"http:\/\/klubmamgdynia.pl\/index.php\/wp-json\/wp\/v2\/types\/product"}],"replies":[{"embeddable":true,"href":"http:\/\/klubmamgdynia.pl\/index.php\/wp-json\/wp\/v2\/comments?post=11913"}],"wp:featuredmedia":[{"embeddable":true,"href":"http:\/\/klubmamgdynia.pl\/index.php\/wp-json\/wp\/v2\/media\/11914"}],"wp:attachment":[{"href":"http:\/\/klubmamgdynia.pl\/index.php\/wp-json\/wp\/v2\/media?parent=11913"}],"wp:term":[{"taxonomy":"product_cat","embeddable":true,"href":"http:\/\/klubmamgdynia.pl\/index.php\/wp-json\/wp\/v2\/product_cat?post=11913"},{"taxonomy":"product_tag","embeddable":true,"href":"http:\/\/klubmamgdynia.pl\/index.php\/wp-json\/wp\/v2\/product_tag?post=11913"}],"curies":[{"name":"wp","href":"https:\/\/api.w.org\/{rel}","templated":true}]}}