{"id":11915,"date":"2015-09-15T04:26:47","date_gmt":"2015-09-15T02:26:47","guid":{"rendered":"http:\/\/klubmamgdynia.pl\/index.php\/produkt\/barbie-extra-zwierzatko-ubranko-i-akcesoria-ast-hdj38\/"},"modified":"2026-05-17T22:46:25","modified_gmt":"2026-05-17T20:46:25","slug":"barbie-extra-zwierzatko-ubranko-i-akcesoria-ast-hdj38","status":"publish","type":"product","link":"http:\/\/klubmamgdynia.pl\/index.php\/produkt\/barbie-extra-zwierzatko-ubranko-i-akcesoria-ast-hdj38\/","title":{"rendered":"Barbie Extra Zwierz\u0105tko + ubranko i akcesoria Ast. HDJ38"},"content":{"rendered":"<p>Barbie Extra prezentuje unikalny i odwa\u017cny EKSTRA styl za pomoc\u0105 modnych stroj\u00f3w o wyrazistych wzorach i kolorach. Cz\u0119\u015bci\u0105 linii s\u0105 tak\u017ce modne zwierzaki \u2013 wszystkie wygl\u0105daj\u0105 bardzo uroczo i modnie! Te zestawy Barbie Extra Zwierz\u0105tko + ubranko poszerzaj\u0105 mo\u017cliwo\u015bci zabawy za pomoc\u0105 ubranka i akcesorium dla lalki Barbie (sprzedawana oddzielnie) oraz uroczego zwierz\u0105tka z 3 w\u0142asnymi akcesoriami. Dzi\u0119ki tak wielu niezwyk\u0142ym elementom mo\u017cesz wyra\u017ca\u0107 siebie poprzez styl i tworzy\u0107 EXTRA stylizacje na ka\u017cd\u0105 przygod\u0119 Barbie. Zestawy s\u0105 sprzedawane oddzielnie, zale\u017cnie od dost\u0119pno\u015bci. Lalki sprzedawane oddzielnie. Kolory i elementy dekoracyjne mog\u0105 si\u0119 r\u00f3\u017cni\u0107.Zawarto\u015b\u0107 i cechy zestawu:Lalki Barbie Extra (sprzedawane oddzielnie) uwielbiaj\u0105 zabaw\u0119 z mod\u0105, a ich zwierz\u0105tka dor\u00f3wnuj\u0105 im poczuciem stylu.Ka\u017cdy zestaw Barbie Extra Zwierz\u0105tko + ubranko to \u015bwietny dodatek do linii poszerzaj\u0105cy modow\u0105 zabaw\u0119.Lalka Barbie Extra (sprzedawana oddzielnie) mo\u017ce dopracowa\u0107 swoj\u0105 stylizacj\u0119 dzi\u0119ki wyj\u0105tkowemu ubranku i akcesorium. W zestawie jest te\u017c urocze zwierz\u0105tko i 3 akcesoria dla niego.Ka\u017cdy zestaw zawiera zwierz\u0105tko z wyj\u0105tkowymi detalami i trzy akcesoria dla zwierz\u0105tka dost\u0119pne tylko z nim, takie jak kosmyk w\u0142os\u00f3w, opaski na g\u0142ow\u0119 lub okulary przeciws\u0142oneczne.Zestaw Barbie Extra Zwierz\u0105tko + ubranko to \u015bwietny prezent dla dzieci w wieku od 3 do 10 lat, zw\u0142aszcza tych, kt\u00f3re uwielbiaj\u0105 zadawa\u0107 szyku.Cena dotyczy: Barbie Extra &#8211; Zestaw Zwierz\u0105tko Wilk + Ubranko Futerko i Akcesoria HDJ40<\/p>\n<h2>Barbie Extra Zwierz\u0105tko + ubranko i akcesoria Ast. HDJ38 Barbie<\/h2>\n<p>cytat z ma\u0142ego ksi\u0119cia o przyja\u017ani, kolorowanka super zings, imi\u0119 alan, dobranoc zimowo, agroturystyka dla dzieci ze zwierz\u0119tami, zagadki na inteligencj\u0119 z odpowiedziami, quiz o usa, prezent na roczek dziewczynka, swinka peppa do czytania, darmowe kolorowanki do druku, bajki do czytania dla niemowl\u0105t, \u015bmieszne zagadki matematyczne, halloween 2021 dla dzieci, fajne zagadki dla dzieci<\/p>\n<p>yyyyy<\/p>\n<p>&nbsp;<\/p>\n","protected":false},"excerpt":{"rendered":"<p>Barbie Extra prezentuje unikalny i odwa\u017cny EKSTRA styl za pomoc\u0105 modnych stroj\u00f3w o wyrazistych wzorach i kolorach. Cz\u0119\u015bci\u0105 linii s\u0105 tak\u017ce modne zwierzaki \u2013 wszystkie wygl\u0105daj\u0105 bardzo uroczo i modnie! Te zestawy Barbie Extra Zwierz\u0105tko + ubranko poszerzaj\u0105 mo\u017cliwo\u015bci zabawy za pomoc\u0105 ubranka i akcesorium dla lalki Barbie (sprzedawana oddzielnie) oraz uroczego zwierz\u0105tka z 3 [&hellip;]<\/p>\n","protected":false},"featured_media":11916,"comment_status":"closed","ping_status":"open","template":"","meta":[],"product_cat":[173,50],"product_tag":[739,665,869],"class_list":["post-11915","product","type-product","status-publish","has-post-thumbnail","hentry","product_cat-barbie","product_cat-ubranka-i-buty-dla-lalek","product_tag-prima-aprilis-w-szkole","product_tag-proste-zagadki","product_tag-zagadki-na-logike"],"_links":{"self":[{"href":"http:\/\/klubmamgdynia.pl\/index.php\/wp-json\/wp\/v2\/product\/11915","targetHints":{"allow":["GET"]}}],"collection":[{"href":"http:\/\/klubmamgdynia.pl\/index.php\/wp-json\/wp\/v2\/product"}],"about":[{"href":"http:\/\/klubmamgdynia.pl\/index.php\/wp-json\/wp\/v2\/types\/product"}],"replies":[{"embeddable":true,"href":"http:\/\/klubmamgdynia.pl\/index.php\/wp-json\/wp\/v2\/comments?post=11915"}],"wp:featuredmedia":[{"embeddable":true,"href":"http:\/\/klubmamgdynia.pl\/index.php\/wp-json\/wp\/v2\/media\/11916"}],"wp:attachment":[{"href":"http:\/\/klubmamgdynia.pl\/index.php\/wp-json\/wp\/v2\/media?parent=11915"}],"wp:term":[{"taxonomy":"product_cat","embeddable":true,"href":"http:\/\/klubmamgdynia.pl\/index.php\/wp-json\/wp\/v2\/product_cat?post=11915"},{"taxonomy":"product_tag","embeddable":true,"href":"http:\/\/klubmamgdynia.pl\/index.php\/wp-json\/wp\/v2\/product_tag?post=11915"}],"curies":[{"name":"wp","href":"https:\/\/api.w.org\/{rel}","templated":true}]}}