{"id":1192,"date":"2020-08-10T16:20:57","date_gmt":"2020-08-10T14:20:57","guid":{"rendered":"http:\/\/klubmamgdynia.pl\/index.php\/produkt\/epee-lowca-duchow-piraci-03473\/"},"modified":"2026-04-20T13:49:08","modified_gmt":"2026-04-20T11:49:08","slug":"epee-lowca-duchow-piraci-03473","status":"publish","type":"product","link":"http:\/\/klubmamgdynia.pl\/index.php\/produkt\/epee-lowca-duchow-piraci-03473\/","title":{"rendered":"Epee \u0141owca Duch\u00f3w Piraci 03473"},"content":{"rendered":"<p>Gra \u0141owca Duch\u00f3w Piraci Epee<br \/>\nGra dla wszystkich, kt\u00f3rzy chc\u0105 prze\u017cy\u0107 przygod\u0119 jak z filmu o piratach. Rozwija umiej\u0119tno\u015bci zr\u0119czno\u015bciowe, spryt i oswaja z ciemno\u015bci\u0105. Statek piracki wy\u015bwietla w pomieszczeniu zjawy pirat\u00f3w, kt\u00f3re trzeba ustrzeli\u0107, by zebra\u0107 z\u0142ote monety i zdoby\u0107 Skarbiec.<\/p>\n<p>Gra wydaje niesamowite efekty d\u017awi\u0119kowe, dzi\u0119ki czemu poczujesz si\u0119 jak prawdziwy pogromca duch\u00f3w!                            <\/p>\n<p>Zawarto\u015b\u0107 zestawu:<br \/>\nstatek wy\u015bwietlaj\u0105cy duchy pirat\u00f3w na \u015bcianach w zaciemnionym pomieszczeniu (statek zawiera \u0142\u0105cznie a\u017c 6 wy\u015bwietlaczy duch\u00f3w, kt\u00f3re pojawiaj\u0105 si\u0119 w wi\u0119kszej ilo\u015bci i z wi\u0119ksz\u0105 pr\u0119dko\u015bci\u0105)<br \/>\nlaserowy pistolet \u2013 miotacz piracki                            <\/p>\n<p>_______________<\/p>\n<h2>Epee \u0141owca Duch\u00f3w Piraci 03473 Epee<\/h2>\n<p>test z lektury asiunia, opowie\u015bci z narni test, kira, bajka o biedronce, asiunia test, prezent na roczek dla dziecka, harry potter kolorowanka, pokemon kolorowanka, alan znaczenie imienia, znaczenie imienia marcel, filmy familijne walta disneya, kolorowanki star wars, pomys\u0142 na roczek, zagadki dla dzieci 7 lat o zwierz\u0119tach, kolorowanki do pobrania, prezent dla m\u0142odzie\u017cy, zagadki o przyborach szkolnych, o b\u0142\u0119dne dyktando, malowanki dla dziewczynek, akademia pana kleksa &#8211; test z odpowiedziami do druku<\/p>\n<p>yyyyy<\/p>\n<p>&nbsp;<\/p>\n","protected":false},"excerpt":{"rendered":"<p>Gra \u0141owca Duch\u00f3w Piraci Epee Gra dla wszystkich, kt\u00f3rzy chc\u0105 prze\u017cy\u0107 przygod\u0119 jak z filmu o piratach. Rozwija umiej\u0119tno\u015bci zr\u0119czno\u015bciowe, spryt i oswaja z ciemno\u015bci\u0105. Statek piracki wy\u015bwietla w pomieszczeniu zjawy pirat\u00f3w, kt\u00f3re trzeba ustrzeli\u0107, by zebra\u0107 z\u0142ote monety i zdoby\u0107 Skarbiec. Gra wydaje niesamowite efekty d\u017awi\u0119kowe, dzi\u0119ki czemu poczujesz si\u0119 jak prawdziwy pogromca duch\u00f3w! [&hellip;]<\/p>\n","protected":false},"featured_media":1193,"comment_status":"closed","ping_status":"open","template":"","meta":[],"product_cat":[49,130],"product_tag":[662,637,684,823,746],"class_list":["post-1192","product","type-product","status-publish","has-post-thumbnail","hentry","product_cat-epee","product_cat-gry-dzieciece","product_tag-bajki-na-dobranoc","product_tag-niech-zyja-wakacje-tekst","product_tag-prezent-dla-dziewczynki-na-roczek","product_tag-zagadki-dla-dzieci-7-lat","product_tag-zagadki-typu-co-to-jest"],"_links":{"self":[{"href":"http:\/\/klubmamgdynia.pl\/index.php\/wp-json\/wp\/v2\/product\/1192","targetHints":{"allow":["GET"]}}],"collection":[{"href":"http:\/\/klubmamgdynia.pl\/index.php\/wp-json\/wp\/v2\/product"}],"about":[{"href":"http:\/\/klubmamgdynia.pl\/index.php\/wp-json\/wp\/v2\/types\/product"}],"replies":[{"embeddable":true,"href":"http:\/\/klubmamgdynia.pl\/index.php\/wp-json\/wp\/v2\/comments?post=1192"}],"wp:featuredmedia":[{"embeddable":true,"href":"http:\/\/klubmamgdynia.pl\/index.php\/wp-json\/wp\/v2\/media\/1193"}],"wp:attachment":[{"href":"http:\/\/klubmamgdynia.pl\/index.php\/wp-json\/wp\/v2\/media?parent=1192"}],"wp:term":[{"taxonomy":"product_cat","embeddable":true,"href":"http:\/\/klubmamgdynia.pl\/index.php\/wp-json\/wp\/v2\/product_cat?post=1192"},{"taxonomy":"product_tag","embeddable":true,"href":"http:\/\/klubmamgdynia.pl\/index.php\/wp-json\/wp\/v2\/product_tag?post=1192"}],"curies":[{"name":"wp","href":"https:\/\/api.w.org\/{rel}","templated":true}]}}