{"id":11923,"date":"2022-06-01T07:12:55","date_gmt":"2022-06-01T05:12:55","guid":{"rendered":"http:\/\/klubmamgdynia.pl\/index.php\/produkt\/wader-magic-trucks-emergency-straz-36220\/"},"modified":"2026-04-12T12:19:58","modified_gmt":"2026-04-12T10:19:58","slug":"wader-magic-trucks-emergency-straz-36220","status":"publish","type":"product","link":"http:\/\/klubmamgdynia.pl\/index.php\/produkt\/wader-magic-trucks-emergency-straz-36220\/","title":{"rendered":"Wader Magic Trucks Emergency Stra\u017c 36220"},"content":{"rendered":"<p>Wader 36220 Stra\u017c Po\u017carna fluorescencyjne \u015bwiat\u0142aOpis produktu:Wejd\u017a do \u015bwiata magicznych ci\u0119\u017car\u00f3wek \u015bwiec\u0105cych w ciemno\u015bci!Magic Truck Action to niepowtarzalna seria du\u017cych pojazd\u00f3w, o kt\u00f3rych marzy ka\u017cde dziecko. Stworzone z pasj\u0105, s\u0105 odzwierciedleniem prawdziwych ci\u0119\u017car\u00f3wek dzi\u0119ki czemu mo\u017cna si\u0119 nimi bawi\u0107 na wiele sposob\u00f3w, w dzie\u0144 i w nocy!Magic Truck Action &#8211; Stra\u017c Po\u017carna jak na prawdziwy w\u00f3z stra\u017cacki przysta\u0142o, posiada wysuwan\u0105, ruchom\u0105 drabin\u0119, na ko\u0144cu kt\u00f3rej znajduje si\u0119 kosz dla stra\u017caka, pompk\u0119 oraz w\u0105\u017c, z kt\u00f3rego, po nape\u0142nieniu zbiorniczka, tryska woda. Obrotowe elementy sprawiaj\u0105, \u017ce strumie\u0144 wody mo\u017cna skierowa\u0107 w dowoln\u0105 stron\u0119. Skr\u0119tn\u0105 naczep\u0119 mo\u017cna przyczepi\u0107 do kabiny na dwa sposoby, przez co auto mo\u017ce osi\u0105gn\u0105\u0107 d\u0142ugo\u015b\u0107 80 cm. Dodatkowo zosta\u0142a ona wyposa\u017cona w wysuwane n\u00f3\u017cki podporowe, dzi\u0119ki czemu mo\u017ce r\u00f3wnie\u017c sta\u0107 samodzielnie. Auto z przodu ma zamontowane fluorescencyjne \u015bwiat\u0142a, kt\u00f3re po na\u015bwietleniu \u015bwiec\u0105 w ciemno\u015bciach. Pojazd wykonany jest z materia\u0142\u00f3w bezpiecznych dla dzieci. Ogromn\u0105 zalet\u0105 jest trwa\u0142o\u015b\u0107 i wytrzyma\u0142o\u015b\u0107 konstrukcji, co sprawia, \u017ce zabawka mo\u017ce s\u0142u\u017cy\u0107 dzieciom latami.Opis techniczny:\u2713 z przodu zamontowane s\u0105 fluorescencyjne \u015bwiat\u0142a, kt\u00f3re po na\u015bwietleniu \u015bwiec\u0105 w ciemno\u015bciach.\u2713 du\u017cy, wytrzyma\u0142y, o solidnej konstrukcji w\u00f3z stra\u017cacki o d\u0142ugo\u015bci 79 cm\u2713 wyposa\u017cony w wysuwan\u0105, ruchom\u0105 drabin\u0119 z koszem dla stra\u017caka, w\u0105\u017c, pompk\u0119 oraz zbiornik na wod\u0119\u2713 zabawka wykonana z bardzo trwa\u0142ych i bezpiecznych materia\u0142\u00f3w odpornych na warunki atmosferyczne\u2713 przeznaczona dla dzieci 3+Wymiary opakowania:\u2713 Szeroko\u015b\u0107 [cm]: 20,5\u2713 Wysoko\u015b\u0107 [cm]: 29,5\u2713 D\u0142ugo\u015b\u0107 [cm]: 79\u2713 Waga [kg]: 2,74<\/p>\n<h2>Wader Magic Trucks Emergency Stra\u017c 36220 Wader<\/h2>\n<p>kolorowanki konie, zak\u0142adka do ksi\u0105\u017cki szablon, ninjago kolorowanki, test z lektury opowie\u015bci z narnii lew czarownica i stara szafa, jak narysowa\u0107, prezent na pierwsze urodziny, my little pony kolorowanki celestia, zagadki dla dzieci 6 lat, jak namalowa\u0107 kota, cytaty o wychowaniu dzieci<\/p>\n<p>yyyyy<\/p>\n<p>&nbsp;<\/p>\n","protected":false},"excerpt":{"rendered":"<p>Wader 36220 Stra\u017c Po\u017carna fluorescencyjne \u015bwiat\u0142aOpis produktu:Wejd\u017a do \u015bwiata magicznych ci\u0119\u017car\u00f3wek \u015bwiec\u0105cych w ciemno\u015bci!Magic Truck Action to niepowtarzalna seria du\u017cych pojazd\u00f3w, o kt\u00f3rych marzy ka\u017cde dziecko. Stworzone z pasj\u0105, s\u0105 odzwierciedleniem prawdziwych ci\u0119\u017car\u00f3wek dzi\u0119ki czemu mo\u017cna si\u0119 nimi bawi\u0107 na wiele sposob\u00f3w, w dzie\u0144 i w nocy!Magic Truck Action &#8211; Stra\u017c Po\u017carna jak na prawdziwy [&hellip;]<\/p>\n","protected":false},"featured_media":11924,"comment_status":"closed","ping_status":"open","template":"","meta":[],"product_cat":[83,514],"product_tag":[827,862,800],"class_list":["post-11923","product","type-product","status-publish","has-post-thumbnail","hentry","product_cat-auta-i-inne-pojazdy-do-zabawy","product_cat-wader","product_tag-bajki-dla-niemowlat","product_tag-nasza-zima-zla-tekst","product_tag-zagadki-smieszne"],"_links":{"self":[{"href":"http:\/\/klubmamgdynia.pl\/index.php\/wp-json\/wp\/v2\/product\/11923","targetHints":{"allow":["GET"]}}],"collection":[{"href":"http:\/\/klubmamgdynia.pl\/index.php\/wp-json\/wp\/v2\/product"}],"about":[{"href":"http:\/\/klubmamgdynia.pl\/index.php\/wp-json\/wp\/v2\/types\/product"}],"replies":[{"embeddable":true,"href":"http:\/\/klubmamgdynia.pl\/index.php\/wp-json\/wp\/v2\/comments?post=11923"}],"wp:featuredmedia":[{"embeddable":true,"href":"http:\/\/klubmamgdynia.pl\/index.php\/wp-json\/wp\/v2\/media\/11924"}],"wp:attachment":[{"href":"http:\/\/klubmamgdynia.pl\/index.php\/wp-json\/wp\/v2\/media?parent=11923"}],"wp:term":[{"taxonomy":"product_cat","embeddable":true,"href":"http:\/\/klubmamgdynia.pl\/index.php\/wp-json\/wp\/v2\/product_cat?post=11923"},{"taxonomy":"product_tag","embeddable":true,"href":"http:\/\/klubmamgdynia.pl\/index.php\/wp-json\/wp\/v2\/product_tag?post=11923"}],"curies":[{"name":"wp","href":"https:\/\/api.w.org\/{rel}","templated":true}]}}