{"id":11925,"date":"2025-04-13T11:13:34","date_gmt":"2025-04-13T09:13:34","guid":{"rendered":"http:\/\/klubmamgdynia.pl\/?post_type=product&#038;p=11925"},"modified":"2026-04-04T04:18:34","modified_gmt":"2026-04-04T02:18:34","slug":"jokomisiada-klocki-drewniane-abc-50el-litery-cyfry-za3236","status":"publish","type":"product","link":"http:\/\/klubmamgdynia.pl\/index.php\/produkt\/jokomisiada-klocki-drewniane-abc-50el-litery-cyfry-za3236\/","title":{"rendered":"Jokomisiada Klocki Drewniane Abc 50El. Litery Cyfry Za3236"},"content":{"rendered":"<p>DREWNIANE KLOCKI to jedna z najwspanialszych zabawek. Zapewne b\u0119d\u0105 towarzyszy\u0107 Twojemu maluszkowi przez ca\u0142e dzieci\u0144stwo.Podczas zabawy Twoje dziecko, kszta\u0142tuje precyzj\u0119 ruch\u00f3w ma\u0142ych r\u0105czek, poprawia koordynacj\u0119 wzrokowo-ruchow\u0105, uczy si\u0119 te\u017c koncentracji. Klocki wprowadzaj\u0105 Twoje dziecko w \u015bwiat poznawania cyfr, liter, kojarzenia rysunk\u00f3w na klockach. Poza tym wspaniale rozbudzaj\u0105 wyobra\u017ani\u0119. Budowa domku z klock\u00f3w to pierwsze \u0107wiczenie rozwijaj\u0105ce postrzeganie przestrzenne.W sk\u0142ad zestawu wchodzi 50 drewnianych klock\u00f3w oraz bia\u0142y woreczek na klocki.Wymiar klocka:3 cm x 3 cmZabawa klockami wspomaga rozw\u00f3j zdolno\u015bci manualnych, wyobra\u017ani, oraz koordynacji ruchowej. Poprzez zabaw\u0119 maluch uczy si\u0119 rozpoznawania kszta\u0142t\u00f3w, kolor\u00f3w, pos\u0142ugiwania si\u0119 przedmiotami i dopasowywania ich do siebie, a tak\u017ce kreatywnego i logicznego my\u015blenia. Klocki s\u0105 doskona\u0142ym sposobem na wsp\u00f3ln\u0105 zabaw\u0119. Dzi\u0119ki takim zabawom, dzieci mog\u0105 sp\u0119dzi\u0107 wi\u0119cej czasu w\u015br\u00f3d r\u00f3wie\u015bnik\u00f3w lub z rodzicami jednocze\u015bnie nabywaj\u0105c nowych umiej\u0119tno\u015bci. Zestaw zapakowany w oryginalne, efektowne opakowanie idealnie nadaj\u0105ce si\u0119 na prezent. Sklep Jokomisiada oferuje szereg tematycznych klock\u00f3w oraz r\u00f3\u017cnych zabawek.<\/p>\n<h2>Jokomisiada Klocki Drewniane Abc 50El. Litery Cyfry Za3236 Jokomisiada<\/h2>\n<p>wzruszaj\u0105ce teksty dla mamy, kolorowanka sky, gad\u017cety dla nastolatk\u00f3w 2021, s\u0142owa do przyjaciela, el\u017cbieta imie, wierszyki na \u015bmigusa dyngusa, warszawa atrakcje dla m\u0142odzie\u017cy, jagna, imie nadia, zagadki o wiosnie, alfons<\/p>\n<p>yyyyy<\/p>\n<p>&nbsp;<\/p>\n","protected":false},"excerpt":{"rendered":"<p>DREWNIANE KLOCKI to jedna z najwspanialszych zabawek. Zapewne b\u0119d\u0105 towarzyszy\u0107 Twojemu maluszkowi przez ca\u0142e dzieci\u0144stwo.Podczas zabawy Twoje dziecko, kszta\u0142tuje precyzj\u0119 ruch\u00f3w ma\u0142ych r\u0105czek, poprawia koordynacj\u0119 wzrokowo-ruchow\u0105, uczy si\u0119 te\u017c koncentracji. Klocki wprowadzaj\u0105 Twoje dziecko w \u015bwiat poznawania cyfr, liter, kojarzenia rysunk\u00f3w na klockach. Poza tym wspaniale rozbudzaj\u0105 wyobra\u017ani\u0119. Budowa domku z klock\u00f3w to pierwsze \u0107wiczenie [&hellip;]<\/p>\n","protected":false},"featured_media":11926,"comment_status":"closed","ping_status":"open","template":"","meta":[],"product_cat":[131,113],"product_tag":[845,738,581,623,724],"class_list":["post-11925","product","type-product","status-publish","has-post-thumbnail","hentry","product_cat-jokomisiada","product_cat-klocki","product_tag-ach-spij-kochanie-tekst","product_tag-wroclaw-dla-dzieci","product_tag-zagadki-dla-8-latka","product_tag-zagadki-logiczne-smieszne","product_tag-zagadki-podchwytliwe"],"_links":{"self":[{"href":"http:\/\/klubmamgdynia.pl\/index.php\/wp-json\/wp\/v2\/product\/11925","targetHints":{"allow":["GET"]}}],"collection":[{"href":"http:\/\/klubmamgdynia.pl\/index.php\/wp-json\/wp\/v2\/product"}],"about":[{"href":"http:\/\/klubmamgdynia.pl\/index.php\/wp-json\/wp\/v2\/types\/product"}],"replies":[{"embeddable":true,"href":"http:\/\/klubmamgdynia.pl\/index.php\/wp-json\/wp\/v2\/comments?post=11925"}],"wp:featuredmedia":[{"embeddable":true,"href":"http:\/\/klubmamgdynia.pl\/index.php\/wp-json\/wp\/v2\/media\/11926"}],"wp:attachment":[{"href":"http:\/\/klubmamgdynia.pl\/index.php\/wp-json\/wp\/v2\/media?parent=11925"}],"wp:term":[{"taxonomy":"product_cat","embeddable":true,"href":"http:\/\/klubmamgdynia.pl\/index.php\/wp-json\/wp\/v2\/product_cat?post=11925"},{"taxonomy":"product_tag","embeddable":true,"href":"http:\/\/klubmamgdynia.pl\/index.php\/wp-json\/wp\/v2\/product_tag?post=11925"}],"curies":[{"name":"wp","href":"https:\/\/api.w.org\/{rel}","templated":true}]}}