{"id":11927,"date":"2019-06-02T17:08:59","date_gmt":"2019-06-02T15:08:59","guid":{"rendered":"http:\/\/klubmamgdynia.pl\/index.php\/produkt\/clementoni-puzzle-sorter-37040\/"},"modified":"2026-04-28T10:49:26","modified_gmt":"2026-04-28T08:49:26","slug":"clementoni-puzzle-sorter-37040","status":"publish","type":"product","link":"http:\/\/klubmamgdynia.pl\/index.php\/produkt\/clementoni-puzzle-sorter-37040\/","title":{"rendered":"Clementoni Puzzle Sorter 37040"},"content":{"rendered":"<p>Clementoni Puzzle Sorter 37040                            <\/p>\n<p>Idealny sorter do uk\u0142adania puzzli.<br \/>\n\u00a0Nadaje si\u0119 do podzia\u0142u r\u00f3\u017cnych puzzli w zale\u017cno\u015bci od kszta\u0142tu, koloru czy rodzaju.<\/p>\n<p>Opakowanie zawiera 6 tacek-sorter\u00f3w, kt\u00f3re pomieszcz\u0105 \u0142\u0105cznie 1000 element\u00f3w.<\/p>\n<h2>Clementoni Puzzle Sorter 37040 Clementoni<\/h2>\n<p>kinderbal przepisy, ci\u0119\u017ckie zagadki, krecik bajka, gry planszowe dla nastolatk\u00f3w, kolorowanki kotka, felix net i nika oraz gang niewidzialnych ludzi pytania i odpowiedzi, darmowy szablon list do miko\u0142aja, zagadki co to jest, lol surprise kolorowanka, \u015bwinka peppa bajka do czytania, wzruszajace cytaty o rodzinie<\/p>\n<p>yyyyy<\/p>\n<p>&nbsp;<\/p>\n","protected":false},"excerpt":{"rendered":"<p>Clementoni Puzzle Sorter 37040 Idealny sorter do uk\u0142adania puzzli. \u00a0Nadaje si\u0119 do podzia\u0142u r\u00f3\u017cnych puzzli w zale\u017cno\u015bci od kszta\u0142tu, koloru czy rodzaju. Opakowanie zawiera 6 tacek-sorter\u00f3w, kt\u00f3re pomieszcz\u0105 \u0142\u0105cznie 1000 element\u00f3w. Clementoni Puzzle Sorter 37040 Clementoni kinderbal przepisy, ci\u0119\u017ckie zagadki, krecik bajka, gry planszowe dla nastolatk\u00f3w, kolorowanki kotka, felix net i nika oraz gang niewidzialnych [&hellip;]<\/p>\n","protected":false},"featured_media":11928,"comment_status":"closed","ping_status":"open","template":"","meta":[],"product_cat":[163,90],"product_tag":[627,860,812],"class_list":["post-11927","product","type-product","status-publish","has-post-thumbnail","hentry","product_cat-clementoni","product_cat-puzzle","product_tag-quiz-dzieci-z-bullerbyn","product_tag-zagadki-logiczne-dla-doroslych","product_tag-zagadki-logiczne-na-inteligencje"],"_links":{"self":[{"href":"http:\/\/klubmamgdynia.pl\/index.php\/wp-json\/wp\/v2\/product\/11927","targetHints":{"allow":["GET"]}}],"collection":[{"href":"http:\/\/klubmamgdynia.pl\/index.php\/wp-json\/wp\/v2\/product"}],"about":[{"href":"http:\/\/klubmamgdynia.pl\/index.php\/wp-json\/wp\/v2\/types\/product"}],"replies":[{"embeddable":true,"href":"http:\/\/klubmamgdynia.pl\/index.php\/wp-json\/wp\/v2\/comments?post=11927"}],"wp:featuredmedia":[{"embeddable":true,"href":"http:\/\/klubmamgdynia.pl\/index.php\/wp-json\/wp\/v2\/media\/11928"}],"wp:attachment":[{"href":"http:\/\/klubmamgdynia.pl\/index.php\/wp-json\/wp\/v2\/media?parent=11927"}],"wp:term":[{"taxonomy":"product_cat","embeddable":true,"href":"http:\/\/klubmamgdynia.pl\/index.php\/wp-json\/wp\/v2\/product_cat?post=11927"},{"taxonomy":"product_tag","embeddable":true,"href":"http:\/\/klubmamgdynia.pl\/index.php\/wp-json\/wp\/v2\/product_tag?post=11927"}],"curies":[{"name":"wp","href":"https:\/\/api.w.org\/{rel}","templated":true}]}}