{"id":11933,"date":"2020-12-30T20:27:05","date_gmt":"2020-12-30T19:27:05","guid":{"rendered":"http:\/\/klubmamgdynia.pl\/index.php\/produkt\/jokomisiada-pila-motorowa-elektryczna-dla-dzieci-za0319-zabawka\/"},"modified":"2026-05-17T22:33:10","modified_gmt":"2026-05-17T20:33:10","slug":"jokomisiada-pila-motorowa-elektryczna-dla-dzieci-za0319-zabawka","status":"publish","type":"product","link":"http:\/\/klubmamgdynia.pl\/index.php\/produkt\/jokomisiada-pila-motorowa-elektryczna-dla-dzieci-za0319-zabawka\/","title":{"rendered":"Jokomisiada Pi\u0142a Motorowa Elektryczna Dla Dzieci ZA0319 &#8211; Zabawka"},"content":{"rendered":"<p>SKLEP STACJONARNY: Krak\u00f3w, ul. Ofiar D\u0105bia 4 (pomara\u0144czowe plakaty).Czynne od poniedzia\u0142ku do pi\u0105tku od 9:00 do 17:00, sobota: 9:00 do 12:00, niedziela (zadzwo\u0144 aby um\u00f3wi\u0107 si\u0119 po odbi\u00f3r towaru).Po wcze\u015bniejszym kontakcie telefonicznym odbi\u00f3r towaru mo\u017cliwy jest do 21:00. Zadzwo\u0144 i spytaj czy Tw\u00f3j towar jest gotowy do odbioru.Wysy\u0142amy te\u017c towar za pobraniem tzn. p\u0142aci si\u0119 kurierowi przy dostawie.Koszt wysy\u0142ki to od 10 do 20z\u0142 w zale\u017cno\u015bci od wielko\u015bci towaru.Mo\u017cliwy jest te\u017c odbi\u00f3r osobisty w KRAKOWIE: ul. Ofiar D\u0105bia 4 (Sklep z pojazdami na akumulator)Opis produktu:Bezpieczna PI\u0141A MOTOROWA ELEKTRYCZNA dla dzieci, d\u017awi\u0119k warkot ZA0319Ka\u017cdy ma\u0142y pomagier taty czy dziadka ch\u0119tnie chce pomaga\u0107 przy wiosennych albo jesiennych porz\u0105dkach w ogrodzie.No i jak tu dziecku odm\u00f3wi\u0107 pomagania, kiedy jest to zaj\u0119cie bardzo edukacyjne a zarazem jest to \u015bwietny spos\u00f3b na sp\u0119dzenie czasu z maluchem.W\u0142a\u015bnie dlatego, mamy propozycje dla Pa\u0144stwa pomocnik\u00f3w w postaci BEZPIECZNEJ pi\u0142y do zabawy.Dziadek lub tata b\u0119dzie u\u017cywa\u0142 prawdziwego sprz\u0119tu, a pomocnik bezpiecznej pi\u0142y i wszyscy b\u0119d\u0105 zadowoleni.Ga\u0142\u0119zie w ogrodzie b\u0119d\u0105 wykarczowane, dziadek b\u0119dzie dumny z wnuka, kt\u00f3ry dzielnie pracowa\u0142, wnuk b\u0119dzie czu\u0142 satysfakcj\u0119, \u017ce pomaga\u0142, a babcia i mama b\u0119d\u0105 mia\u0142y pi\u0119kny ogr\u00f3d.No i jak tu nie kupi\u0107 takiej pi\u0142y?!DZIA\u0141ANIE ZABAWKI:Pi\u0142\u0119 uruchamia si\u0119 lekko poci\u0105gaj\u0105c &#8222;link\u0119 od rozrusznika&#8221; znajduj\u0105c\u0105 si\u0119 z lewej strony.Us\u0142yszymy w\u00f3wczas rozruch sprz\u0119tu, a nast\u0119pnie trzymaj\u0105c pi\u0142\u0119 za r\u0105czk\u0119 wciskamy przycisk, kt\u00f3ry wprawia w ruch \u0142a\u0144cuch pi\u0142y.Warkot, kt\u00f3ry wydaje zabawka, jest bardzo realistyczny i zapewne spodoba si\u0119 ka\u017cdemu ma\u0142emu ch\u0142opcu.Zabawka zapakowana w \u0142adne kartonowe opakowanie, idealnie nadaj\u0105ce si\u0119 na prezent.DODATKOWE INFORMACJE:certyfikat: CEwiek: 3 +wymiar opakowania: ok. 40cm x 20cm x10cmwymiary zabawki ok. 37 cm x 10 cm x 15 cmwaga: 1,1 kgp\u0142e\u0107 : ch\u0142opiec, baterie: 3 x 1,5 V AA (brak w zestawie)<\/p>\n<h2>Jokomisiada Pi\u0142a Motorowa Elektryczna Dla Dzieci ZA0319 &#8211; Zabawka Jokomisiada<\/h2>\n<p>gabriela, zagadki wielkanocne przedszkole, kolorowanki do druku dla ch\u0142opc\u00f3w, pikachu kolorowanka<\/p>\n<p>yyyyy<\/p>\n<p>&nbsp;<\/p>\n","protected":false},"excerpt":{"rendered":"<p>SKLEP STACJONARNY: Krak\u00f3w, ul. Ofiar D\u0105bia 4 (pomara\u0144czowe plakaty).Czynne od poniedzia\u0142ku do pi\u0105tku od 9:00 do 17:00, sobota: 9:00 do 12:00, niedziela (zadzwo\u0144 aby um\u00f3wi\u0107 si\u0119 po odbi\u00f3r towaru).Po wcze\u015bniejszym kontakcie telefonicznym odbi\u00f3r towaru mo\u017cliwy jest do 21:00. Zadzwo\u0144 i spytaj czy Tw\u00f3j towar jest gotowy do odbioru.Wysy\u0142amy te\u017c towar za pobraniem tzn. p\u0142aci si\u0119 [&hellip;]<\/p>\n","protected":false},"featured_media":11934,"comment_status":"closed","ping_status":"open","template":"","meta":[],"product_cat":[131,53],"product_tag":[650,853,659,693],"class_list":["post-11933","product","type-product","status-publish","has-post-thumbnail","hentry","product_cat-jokomisiada","product_cat-kaciki-zabaw","product_tag-choinka-z-bibuly","product_tag-kolorowanki-do-druku-dla-doroslych","product_tag-tupu-tup-po-sniegu-tekst","product_tag-zagadki-dla-doroslych"],"_links":{"self":[{"href":"http:\/\/klubmamgdynia.pl\/index.php\/wp-json\/wp\/v2\/product\/11933","targetHints":{"allow":["GET"]}}],"collection":[{"href":"http:\/\/klubmamgdynia.pl\/index.php\/wp-json\/wp\/v2\/product"}],"about":[{"href":"http:\/\/klubmamgdynia.pl\/index.php\/wp-json\/wp\/v2\/types\/product"}],"replies":[{"embeddable":true,"href":"http:\/\/klubmamgdynia.pl\/index.php\/wp-json\/wp\/v2\/comments?post=11933"}],"wp:featuredmedia":[{"embeddable":true,"href":"http:\/\/klubmamgdynia.pl\/index.php\/wp-json\/wp\/v2\/media\/11934"}],"wp:attachment":[{"href":"http:\/\/klubmamgdynia.pl\/index.php\/wp-json\/wp\/v2\/media?parent=11933"}],"wp:term":[{"taxonomy":"product_cat","embeddable":true,"href":"http:\/\/klubmamgdynia.pl\/index.php\/wp-json\/wp\/v2\/product_cat?post=11933"},{"taxonomy":"product_tag","embeddable":true,"href":"http:\/\/klubmamgdynia.pl\/index.php\/wp-json\/wp\/v2\/product_tag?post=11933"}],"curies":[{"name":"wp","href":"https:\/\/api.w.org\/{rel}","templated":true}]}}