{"id":11935,"date":"2022-10-25T00:01:28","date_gmt":"2022-10-24T22:01:28","guid":{"rendered":"http:\/\/klubmamgdynia.pl\/?post_type=product&#038;p=11935"},"modified":"2026-04-04T21:01:32","modified_gmt":"2026-04-04T19:01:32","slug":"little-tikes-muzyczny-autobus-3w1-little-baby-bum-cymbalki-653766","status":"publish","type":"product","link":"http:\/\/klubmamgdynia.pl\/index.php\/produkt\/little-tikes-muzyczny-autobus-3w1-little-baby-bum-cymbalki-653766\/","title":{"rendered":"Little Tikes Muzyczny Autobus 3w1 Little Baby Bum Cymba\u0142ki 653766"},"content":{"rendered":"<p>Little Baby Bum Muzyczny Autobus 3w1 Cymba\u0142ki                            <\/p>\n<p>Little Baby Bum Muzyczny autobus to innowacyjna zabawka, kt\u00f3ra odtwarza piosenki, posiada cymba\u0142ki i tocz\u0105cy si\u0119 autobus w jednym. Naci\u015bni\u0119cie ka\u017cdego z okien autobusu odtwarza r\u00f3\u017cne d\u017awi\u0119ki i rymowanki, a dzieci mog\u0105 tworzy\u0107 w\u0142asn\u0105 muzyk\u0119, korzystaj\u0105c z cymba\u0142ek znajduj\u0105cych si\u0119 na dachu autobusu i do\u0142\u0105czonej pa\u0142eczki. Dzieci mog\u0105 r\u00f3wnie\u017c odgrywa\u0107 swoje ulubione historie Little Baby Bum, wcielaj\u0105c si\u0119 w muzyczny autobus. Co najwa\u017cniejsze, autobus muzyczny 3w1 pomaga dzieciom rozwija\u0107 umiej\u0119tno\u015bci motoryczne, poczucie rytmu i zdolno\u015b\u0107 rymowania. Graj i ucz si\u0119 razem z Little Baby Bum i Little Tikes!                            <\/p>\n<p>Charakterystyka:<\/p>\n<p>&#8211; muzyczny autobus 3w1 z efektem \u015bwietlnym i d\u017awi\u0119kowym,<br \/>\n&#8211; cymba\u0142ki (ksylofon) + pa\u0142eczka,<br \/>\n&#8211; posiada 3 sposoby zabawy: naci\u015bnij, a by pos\u0142ucha\u0107 muzyki, zagraj melodi\u0119 na cymba\u0142kach, je\u017adzij autobusem,<br \/>\n&#8211; odtwarza piosenki: &#8222;Pi\u0119\u0107 ma\u0142ych kaczek&#8221;, &#8222;Stary MacDonald&#8221;, &#8222;Trzy ma\u0142e kotki&#8221;,<br \/>\n&#8211; przyciski na oknach w\u0142\u0105czaj\u0105 piosenki.\u00a0Zabawka rozwija:<\/p>\n<p>&#8211; zdolno\u015bci motoryczne,<br \/>\n&#8211; koordynacj\u0119 r\u0119ka-oko,<br \/>\n&#8211; poczucie rytmu,<br \/>\n&#8211; wyobra\u017ani\u0119,<br \/>\n&#8211; kreatywno\u015b\u0107.<\/p>\n<p>Produkty firmy Little Tikes s\u0105 znane i lubiane na wszystkich kontynentach, w wielu domach w\u015br\u00f3d niezliczonej rzeszy u\u015bmiechni\u0119tych dzieci oraz zadowolonych rodzic\u00f3w. Maj\u0105c na uwadze bezpiecze\u0144stwo dzieci, firma Little Tikes wytwarza produkty, kt\u00f3re gwarantuj\u0105 wszystkie niezb\u0119dne normy bezpiecze\u0144stwa. Maj\u0105c na wzgl\u0119dzie wytrzyma\u0142o\u015b\u0107 produkt\u00f3w, zabawki projektowane i produkowane s\u0105 w najbardziej w\u0142a\u015bciwej technologii jak\u0105 jest &#8222;rotomolding&#8221;, gwarantuj\u0105c wspania\u0142\u0105 zabaw\u0119 przez d\u0142ugie lata. Ostrze\u017cenie. Wy\u0142\u0105cznie do u\u017cytku domowego.<\/p>\n<h2>Little Tikes Muzyczny Autobus 3w1 Little Baby Bum Cymba\u0142ki 653766 Little Tikes<\/h2>\n<p>kamila, imi\u0119 nela, kalina imi\u0119, z\u0142ote my\u015bli o przyja\u017ani, wielkanocne zagadki, koty kolorowanka, bo\u017ce narodzenie quiz<\/p>\n<p>yyyyy<\/p>\n<p>&nbsp;<\/p>\n","protected":false},"excerpt":{"rendered":"<p>Little Baby Bum Muzyczny Autobus 3w1 Cymba\u0142ki Little Baby Bum Muzyczny autobus to innowacyjna zabawka, kt\u00f3ra odtwarza piosenki, posiada cymba\u0142ki i tocz\u0105cy si\u0119 autobus w jednym. Naci\u015bni\u0119cie ka\u017cdego z okien autobusu odtwarza r\u00f3\u017cne d\u017awi\u0119ki i rymowanki, a dzieci mog\u0105 tworzy\u0107 w\u0142asn\u0105 muzyk\u0119, korzystaj\u0105c z cymba\u0142ek znajduj\u0105cych si\u0119 na dachu autobusu i do\u0142\u0105czonej pa\u0142eczki. Dzieci mog\u0105 [&hellip;]<\/p>\n","protected":false},"featured_media":11936,"comment_status":"closed","ping_status":"open","template":"","meta":[],"product_cat":[83,317],"product_tag":[861,583,745,856,579,608],"class_list":["post-11935","product","type-product","status-publish","has-post-thumbnail","hentry","product_cat-auta-i-inne-pojazdy-do-zabawy","product_cat-little-tikes","product_tag-jak-narysowac-psa","product_tag-kolysanki-dla-dzieci-tekst","product_tag-prezent-dla-15-latki","product_tag-prezent-dla-16-latki","product_tag-quiz-opowiesci-z-narnii-lew-czarownica-i-stara-szafa","product_tag-zagadki-i-odpowiedzi"],"_links":{"self":[{"href":"http:\/\/klubmamgdynia.pl\/index.php\/wp-json\/wp\/v2\/product\/11935","targetHints":{"allow":["GET"]}}],"collection":[{"href":"http:\/\/klubmamgdynia.pl\/index.php\/wp-json\/wp\/v2\/product"}],"about":[{"href":"http:\/\/klubmamgdynia.pl\/index.php\/wp-json\/wp\/v2\/types\/product"}],"replies":[{"embeddable":true,"href":"http:\/\/klubmamgdynia.pl\/index.php\/wp-json\/wp\/v2\/comments?post=11935"}],"wp:featuredmedia":[{"embeddable":true,"href":"http:\/\/klubmamgdynia.pl\/index.php\/wp-json\/wp\/v2\/media\/11936"}],"wp:attachment":[{"href":"http:\/\/klubmamgdynia.pl\/index.php\/wp-json\/wp\/v2\/media?parent=11935"}],"wp:term":[{"taxonomy":"product_cat","embeddable":true,"href":"http:\/\/klubmamgdynia.pl\/index.php\/wp-json\/wp\/v2\/product_cat?post=11935"},{"taxonomy":"product_tag","embeddable":true,"href":"http:\/\/klubmamgdynia.pl\/index.php\/wp-json\/wp\/v2\/product_tag?post=11935"}],"curies":[{"name":"wp","href":"https:\/\/api.w.org\/{rel}","templated":true}]}}