{"id":11937,"date":"2014-01-13T17:03:39","date_gmt":"2014-01-13T16:03:39","guid":{"rendered":"http:\/\/klubmamgdynia.pl\/index.php\/produkt\/schleich-czas-na-zabawe-uroczych-kotkow-drapak-dla-kota-42501\/"},"modified":"2026-04-30T12:56:58","modified_gmt":"2026-04-30T10:56:58","slug":"schleich-czas-na-zabawe-uroczych-kotkow-drapak-dla-kota-42501","status":"publish","type":"product","link":"http:\/\/klubmamgdynia.pl\/index.php\/produkt\/schleich-czas-na-zabawe-uroczych-kotkow-drapak-dla-kota-42501\/","title":{"rendered":"Schleich Czas Na Zabaw\u0119 Uroczych Kotk\u00f3w Drapak Dla Kota 42501"},"content":{"rendered":"<p>Seria Farm World zawiera okazy zwierz\u0105t hodowanych w gospodarstwach na ca\u0142ym \u015bwiecie. Teraz dzi\u0119ki figurkom Schleicha i licznym akcesoriom dodatkowym, jak chocia\u017cby: stajnie, zagrody czy w\u00f3z z zaprz\u0119giem mali mi\u0142o\u015bnicy przyrody mog\u0105 stworzy\u0107 swoj\u0105 w\u0142asn\u0105 FARM\u0118 z prawdziwego zdarzenia, w zaciszu w\u0142asnego pokoju.Wszystkie figurki firmy Schleich projektowane s\u0105 z naciskiem na szczeg\u00f3\u0142y oraz s\u0105 starannie r\u0119cznie malowane, co sprawia, \u017ce mog\u0105 stanowi\u0107 doskona\u0142\u0105 zabawk\u0119, pozycj\u0119 kolekcjonersk\u0105 lub upominek.Zabawki dla uroczych kotk\u00f3w z serii Schleich Farm World to idealny prezent na ka\u017cd\u0105 okazj\u0119. Dzi\u0119ki zabawkom dla uroczych kotk\u00f3w z serii Schleich Farm World s\u0142odkie kociaki bawi\u0105 si\u0119 k\u0142\u0119bkiem we\u0142ny, goni\u0105 si\u0119 po drapaku czy chowaj\u0105 w swym domku. Po tak intensywnej zabawie odpoczywaj\u0105 potem w swym \u0142\u00f3\u017ceczku. Drapak dla kot\u00f3w da si\u0119 dowolnie formowa\u0107, a domek mo\u017cna ustawia\u0107 wed\u0142ug \u017cyczenia. Zestaw zawiera trzy s\u0142odkie kotki i akcesoria. Ciekawostka Kiedy koty spadaj\u0105, l\u0105duj\u0105 zawsze na czterech \u0142apach.Zawarto\u015b\u0107:KotKotek stoj\u0105cyKotek bawi\u0105cy si\u0119DrapakDomekKoszykMiskaK\u0142\u0119bek we\u0142nySznurekG\u0142\u00f3wne cechy produktu:Producent SchelichDla dzieci od 3 roku \u017cyciaZestaw uroczych kotk\u00f3wStarannie wykonanaR\u0119cznie malowanaWymiary: 12 x 12 x 15 cmWysoka jako\u015b\u0107 wykonaniaO firmie Schleich:Utworzona ponad 80 lat temu przez Friedricha Schleicha w Schw\u00e4bisch Gm\u00fcnd firma Schleich jest jednym z najwi\u0119kszych w Niemczech producent\u00f3w zabawek oraz czo\u0142owym mi\u0119dzynarodowym dostawc\u0105 figurek. S\u0142ynne figurki Schleich, ukochane przez dzieci na ca\u0142ym \u015bwiecie, s\u0105 sprzedawane s\u0105 w ponad 50 krajach.<\/p>\n<h2>Schleich Czas Na Zabaw\u0119 Uroczych Kotk\u00f3w Drapak Dla Kota 42501 Schleich<\/h2>\n<p>imie gaja, test z lektury dynastia mizio\u0142k\u00f3w, zgadywanki dla dzieci, imi\u0119 leon, w uk\u0142adzie s\u0142onecznym tekst, co kupi\u0107 dziecku na roczek, quiz o kosmosie dla dzieci, kolorowanka kotki do druku, sybilla, fajne rzeczy dla nastolatk\u00f3w, zagadki na my\u015blenie, g\u0142upie zagadki<\/p>\n<p>yyyyy<\/p>\n<p>&nbsp;<\/p>\n","protected":false},"excerpt":{"rendered":"<p>Seria Farm World zawiera okazy zwierz\u0105t hodowanych w gospodarstwach na ca\u0142ym \u015bwiecie. Teraz dzi\u0119ki figurkom Schleicha i licznym akcesoriom dodatkowym, jak chocia\u017cby: stajnie, zagrody czy w\u00f3z z zaprz\u0119giem mali mi\u0142o\u015bnicy przyrody mog\u0105 stworzy\u0107 swoj\u0105 w\u0142asn\u0105 FARM\u0118 z prawdziwego zdarzenia, w zaciszu w\u0142asnego pokoju.Wszystkie figurki firmy Schleich projektowane s\u0105 z naciskiem na szczeg\u00f3\u0142y oraz s\u0105 starannie [&hellip;]<\/p>\n","protected":false},"featured_media":11938,"comment_status":"closed","ping_status":"open","template":"","meta":[],"product_cat":[95,952],"product_tag":[703,701,635],"class_list":["post-11937","product","type-product","status-publish","has-post-thumbnail","hentry","product_cat-figurki-makiety-i-zestawy","product_cat-schleich","product_tag-prezent-dla-nastolatki","product_tag-zgadywanki-dla-dzieci","product_tag-znaki-drogowe-do-druku"],"_links":{"self":[{"href":"http:\/\/klubmamgdynia.pl\/index.php\/wp-json\/wp\/v2\/product\/11937","targetHints":{"allow":["GET"]}}],"collection":[{"href":"http:\/\/klubmamgdynia.pl\/index.php\/wp-json\/wp\/v2\/product"}],"about":[{"href":"http:\/\/klubmamgdynia.pl\/index.php\/wp-json\/wp\/v2\/types\/product"}],"replies":[{"embeddable":true,"href":"http:\/\/klubmamgdynia.pl\/index.php\/wp-json\/wp\/v2\/comments?post=11937"}],"wp:featuredmedia":[{"embeddable":true,"href":"http:\/\/klubmamgdynia.pl\/index.php\/wp-json\/wp\/v2\/media\/11938"}],"wp:attachment":[{"href":"http:\/\/klubmamgdynia.pl\/index.php\/wp-json\/wp\/v2\/media?parent=11937"}],"wp:term":[{"taxonomy":"product_cat","embeddable":true,"href":"http:\/\/klubmamgdynia.pl\/index.php\/wp-json\/wp\/v2\/product_cat?post=11937"},{"taxonomy":"product_tag","embeddable":true,"href":"http:\/\/klubmamgdynia.pl\/index.php\/wp-json\/wp\/v2\/product_tag?post=11937"}],"curies":[{"name":"wp","href":"https:\/\/api.w.org\/{rel}","templated":true}]}}