{"id":11939,"date":"2023-04-11T02:31:24","date_gmt":"2023-04-11T00:31:24","guid":{"rendered":"http:\/\/klubmamgdynia.pl\/?post_type=product&#038;p=11939"},"modified":"2026-04-20T16:33:39","modified_gmt":"2026-04-20T14:33:39","slug":"wader-gigant-wywrotka-farmer-zielona-65015","status":"publish","type":"product","link":"http:\/\/klubmamgdynia.pl\/index.php\/produkt\/wader-gigant-wywrotka-farmer-zielona-65015\/","title":{"rendered":"Wader Gigant Wywrotka Farmer zielona 65015"},"content":{"rendered":"<p>Gigant Truck Wywrotka Farmer to fantastyczny, du\u017cy samoch\u00f3d utrzymany w zielonej, farmerskiej kolorystyce.Pojazd posiada zaczep z przodu (mo\u017cliwo\u015b\u0107 zamontowania sznurka, linki do ci\u0105gni\u0119cia) i z ty\u0142u. Zaczep z ty\u0142u umo\u017cliwia do\u0142\u0105czenie przyczepy, np. z zestawu Gigant Traktor z przyczep\u0105. Wywrotka posiada otwierany kiper z wygodnym uchwytem, na kt\u00f3rym dziecko mo\u017ce przewozi\u0107, co tylko zechce.Dzieciaki pokochaj\u0105 mo\u017cliwo\u015b\u0107 \u0142adowania, roz\u0142adowywania i przewo\u017cenia ulubionych zabawek, a tak\u017ce zwariowanej jazdy w domu i ogrodzie. Ogromna wytrzyma\u0142o\u015b\u0107 (no\u015bno\u015b\u0107 do 150 kg) gwarantuje wspania\u0142\u0105 zabaw\u0119 zar\u00f3wno samemu, jak i w towarzystwie przyjaci\u00f3\u0142 oraz rodzic\u00f3w. Solidna i trwa\u0142a, wielofunkcyjna konstrukcja rozpali serca wszystkich ma\u0142ych wielbicieli pojazd\u00f3w ci\u0119\u017carowych i b\u0119dzie im s\u0142u\u017cy\u0107 latami.Zabawa Wywrotk\u0105 Farmer z serii Gigant Truck pobudzi wyobra\u017ani\u0119 najm\u0142odszych, wspiera umiej\u0119tno\u015bci manualne i koordynacj\u0119 ruchow\u0105 dziecka, a r\u00f3\u017cnokolorowe elementy pomog\u0105 w poznawaniu \u015bwiata kolor\u00f3w. Zabawka wykonana jest z najwy\u017cszej jako\u015bci materia\u0142\u00f3w bezpiecznych dla dzieci. Nadaje si\u0119 do zabawy zar\u00f3wno w domu, jak i na \u015bwie\u017cym powietrzu.Solidna i trwa\u0142a konstrukcja, ogromna wytrzyma\u0142o\u015b\u0107 (no\u015bno\u015b\u0107 do 150 kg)Gigantyczna wywrotka o d\u0142. 55 cm, posiada otwierany kiper z wygodnym uchwytem2 zaczepy z przodu i z ty\u0142u (mo\u017cna doczepi\u0107 inny pojazd lub przyczep\u0119 z serii Gigant oraz link\u0119 do ci\u0105gni\u0119cia)Mo\u017ce s\u0142u\u017cy\u0107 jako pojazd do przewo\u017cenia r\u00f3\u017cnych przedmiot\u00f3w czy zabawek oraz jako pojazd do samodzielnego poruszania si\u0119 przez dzieckoWykonana z najwy\u017cszej jako\u015bci, trwa\u0142ego i wytrzyma\u0142ego na warunki atmosferyczne tworzywa, bezpieczna, wyprodukowana zgodnie z normami unijnymiZabawa z wykorzystaniem Gigant Truck Wywrotka Farmer firmy Wader pobudza wyobra\u017ani\u0119 dziecka, wspiera rozw\u00f3j jego umiej\u0119tno\u015bci manualnych i koordynacji ruchowej oraz wprowadza w \u015bwiat kolor\u00f3wEAN:  5900694650152Gwarancja:  24 miesi\u0105ceKod dostawcy:  65015Nr katalogowy:  65015Marka:  BrakRodzaj:  BudowlaneMateria\u0142:  Tworzywo sztuczneWymagania wiekowe:  od 12 miesi\u0119cyP\u0142e\u0107:  Ch\u0142opcyKolor:  SzaryD\u0142ugo\u015b\u0107:  55 cmPozosta\u0142e parametry:  Wymiary opakowania: 55 x 36 x 32 cm<\/p>\n<h2>Wader Gigant Wywrotka Farmer zielona 65015 Wader<\/h2>\n<p>teksty ko\u0142ysanek, mia imie, \u0142amig\u0142owki do druku, lukrecja imi\u0119, dzieci pl<\/p>\n<p>yyyyy<\/p>\n<p>&nbsp;<\/p>\n","protected":false},"excerpt":{"rendered":"<p>Gigant Truck Wywrotka Farmer to fantastyczny, du\u017cy samoch\u00f3d utrzymany w zielonej, farmerskiej kolorystyce.Pojazd posiada zaczep z przodu (mo\u017cliwo\u015b\u0107 zamontowania sznurka, linki do ci\u0105gni\u0119cia) i z ty\u0142u. Zaczep z ty\u0142u umo\u017cliwia do\u0142\u0105czenie przyczepy, np. z zestawu Gigant Traktor z przyczep\u0105. Wywrotka posiada otwierany kiper z wygodnym uchwytem, na kt\u00f3rym dziecko mo\u017ce przewozi\u0107, co tylko zechce.Dzieciaki pokochaj\u0105 [&hellip;]<\/p>\n","protected":false},"featured_media":11940,"comment_status":"closed","ping_status":"open","template":"","meta":[],"product_cat":[83,514],"product_tag":[589,620,737],"class_list":["post-11939","product","type-product","status-publish","has-post-thumbnail","hentry","product_cat-auta-i-inne-pojazdy-do-zabawy","product_cat-wader","product_tag-prezent-dla-rocznego-dziecka","product_tag-quiz-opowiesci-z-narnii","product_tag-test-z-lektury-felix-net-i-nika-oraz-gang-niewidzialnych-ludzi"],"_links":{"self":[{"href":"http:\/\/klubmamgdynia.pl\/index.php\/wp-json\/wp\/v2\/product\/11939","targetHints":{"allow":["GET"]}}],"collection":[{"href":"http:\/\/klubmamgdynia.pl\/index.php\/wp-json\/wp\/v2\/product"}],"about":[{"href":"http:\/\/klubmamgdynia.pl\/index.php\/wp-json\/wp\/v2\/types\/product"}],"replies":[{"embeddable":true,"href":"http:\/\/klubmamgdynia.pl\/index.php\/wp-json\/wp\/v2\/comments?post=11939"}],"wp:featuredmedia":[{"embeddable":true,"href":"http:\/\/klubmamgdynia.pl\/index.php\/wp-json\/wp\/v2\/media\/11940"}],"wp:attachment":[{"href":"http:\/\/klubmamgdynia.pl\/index.php\/wp-json\/wp\/v2\/media?parent=11939"}],"wp:term":[{"taxonomy":"product_cat","embeddable":true,"href":"http:\/\/klubmamgdynia.pl\/index.php\/wp-json\/wp\/v2\/product_cat?post=11939"},{"taxonomy":"product_tag","embeddable":true,"href":"http:\/\/klubmamgdynia.pl\/index.php\/wp-json\/wp\/v2\/product_tag?post=11939"}],"curies":[{"name":"wp","href":"https:\/\/api.w.org\/{rel}","templated":true}]}}