{"id":1194,"date":"2012-11-28T10:45:45","date_gmt":"2012-11-28T09:45:45","guid":{"rendered":"http:\/\/klubmamgdynia.pl\/index.php\/produkt\/stokke-tacka-do-krzeselka-tripp-trapp-black\/"},"modified":"2026-04-06T04:43:28","modified_gmt":"2026-04-06T02:43:28","slug":"stokke-tacka-do-krzeselka-tripp-trapp-black","status":"publish","type":"product","link":"http:\/\/klubmamgdynia.pl\/index.php\/produkt\/stokke-tacka-do-krzeselka-tripp-trapp-black\/","title":{"rendered":"Stokke Tacka Do Krzese\u0142ka Tripp Trapp Black"},"content":{"rendered":"<p>Stokke, Tacka do krzese\u0142ka Tripp Trapp &#8211; Tray Krzes\u0142o Tripp Trapp zosta\u0142o tak zaprojektowane , aby pasowa\u0142o do Twojego sto\u0142u i jednocze\u015bnie umo\u017cliwia\u0142o wniesienie Twojego dziecka do serca Twojej rodziny.Jednak przy niekt\u00f3rych okazjach, tacka kt\u00f3ra pasuje do krzes\u0142a i jest mocowana do krzes\u0142a wraz z zestawem niemowl\u0119cym, mo\u017ce by\u0107 cennym dodatkiem.Zamie\u0144 Twoje krzes\u0142o Tripp Trapp w wolno stoj\u0105ce krzes\u0142o, z tack\u0105 Stokke.Tacka jest idealna do szybkiej konsumpcji jedzenia lub zamiast siedzenia przy zat\u0142oczonych sto\u0142ach.Tacka zaprojektowana przez skandynawskich projektant\u00f3w jest dope\u0142nieniem krzes\u0142a Tripp Trapp i wraz z nim tworzy unikatowe i wyj\u0105tkowe miejsce do siedzenia.Zapewnia dodatkow\u0105 wszechstronno\u015b\u0107 Twojemu krzes\u0142u Tripp Trapp i domu.Nie zawieraj\u0105cy BPA plastik jest \u0142atwy do czyszczenia jakichkolwiek naciek\u00f3w i rozlanych p\u0142yn\u00f3w.Przeznaczona do stosowania z drug\u0105 wersj\u0105 (V2) zestawu niemowl\u0119cego.Tacka Stokke nie jest przeznaczona do bezpiecznego utrzymania dziecka w krze\u015ble. Zalecamy ka\u017cdorazowe u\u017cycie szelek Stokke, kiedy Twoje dziecko siedzi na krzese\u0142ku Tripp Trapp.Zapewnia dodatkow\u0105 wszechstronno\u015b\u0107 Twojemu krzes\u0142u Tripp Trapp i domu.Nie zawieraj\u0105cy BPA plastik jest \u0142atwy do czyszczenia jakichkolwiek naciek\u00f3w i rozlanych p\u0142yn\u00f3w.Przeznaczona do stosowania z drug\u0105 wersj\u0105 (V2) zestawu niemowl\u0119cego.Tacka Stokke nie jest przeznaczona do bezpiecznego utrzymania dziecka w krze\u015ble. Zalecamy ka\u017cdorazowe u\u017cycie szelek Stokke, kiedy Twoje dziecko siedzi na krzese\u0142ku Tripp Trapp.<\/p>\n<h2>Stokke Tacka Do Krzese\u0142ka Tripp Trapp Black Stokke<\/h2>\n<p>znaczenie imienia milan, narysowa\u0107 rysunki \u0142atwe, cytat o rodzinie, fajne rzeczy dla nastolatk\u00f3w, prezent dla nastoletniego ch\u0142opca, \u015bmieszne zagadki matematyczne, zaproszenia do druku<\/p>\n<p>yyyyy<\/p>\n<p>&nbsp;<\/p>\n","protected":false},"excerpt":{"rendered":"<p>Stokke, Tacka do krzese\u0142ka Tripp Trapp &#8211; Tray Krzes\u0142o Tripp Trapp zosta\u0142o tak zaprojektowane , aby pasowa\u0142o do Twojego sto\u0142u i jednocze\u015bnie umo\u017cliwia\u0142o wniesienie Twojego dziecka do serca Twojej rodziny.Jednak przy niekt\u00f3rych okazjach, tacka kt\u00f3ra pasuje do krzes\u0142a i jest mocowana do krzes\u0142a wraz z zestawem niemowl\u0119cym, mo\u017ce by\u0107 cennym dodatkiem.Zamie\u0144 Twoje krzes\u0142o Tripp Trapp [&hellip;]<\/p>\n","protected":false},"featured_media":1195,"comment_status":"closed","ping_status":"open","template":"","meta":[],"product_cat":[158,353],"product_tag":[706,677,594],"class_list":["post-1194","product","type-product","status-publish","has-post-thumbnail","hentry","product_cat-krzeselka-do-karmienia","product_cat-stokke","product_tag-imie-kuba","product_tag-milosz-imie","product_tag-podchwytliwe-zagadki-dla-dzieci"],"_links":{"self":[{"href":"http:\/\/klubmamgdynia.pl\/index.php\/wp-json\/wp\/v2\/product\/1194","targetHints":{"allow":["GET"]}}],"collection":[{"href":"http:\/\/klubmamgdynia.pl\/index.php\/wp-json\/wp\/v2\/product"}],"about":[{"href":"http:\/\/klubmamgdynia.pl\/index.php\/wp-json\/wp\/v2\/types\/product"}],"replies":[{"embeddable":true,"href":"http:\/\/klubmamgdynia.pl\/index.php\/wp-json\/wp\/v2\/comments?post=1194"}],"wp:featuredmedia":[{"embeddable":true,"href":"http:\/\/klubmamgdynia.pl\/index.php\/wp-json\/wp\/v2\/media\/1195"}],"wp:attachment":[{"href":"http:\/\/klubmamgdynia.pl\/index.php\/wp-json\/wp\/v2\/media?parent=1194"}],"wp:term":[{"taxonomy":"product_cat","embeddable":true,"href":"http:\/\/klubmamgdynia.pl\/index.php\/wp-json\/wp\/v2\/product_cat?post=1194"},{"taxonomy":"product_tag","embeddable":true,"href":"http:\/\/klubmamgdynia.pl\/index.php\/wp-json\/wp\/v2\/product_tag?post=1194"}],"curies":[{"name":"wp","href":"https:\/\/api.w.org\/{rel}","templated":true}]}}