{"id":11941,"date":"2024-04-05T08:05:06","date_gmt":"2024-04-05T06:05:06","guid":{"rendered":"http:\/\/klubmamgdynia.pl\/?post_type=product&#038;p=11941"},"modified":"2026-04-29T22:05:07","modified_gmt":"2026-04-29T20:05:07","slug":"barbie-lalka-ken-plazowy-geometryczne-spodenki-fjf09","status":"publish","type":"product","link":"http:\/\/klubmamgdynia.pl\/index.php\/produkt\/barbie-lalka-ken-plazowy-geometryczne-spodenki-fjf09\/","title":{"rendered":"Barbie Lalka Ken pla\u017cowy geometryczne spodenki FJF09"},"content":{"rendered":"<p>Przystojny Ken w wakacyjnym stroju. Lalka ubrana jest w k\u0105piel\u00f3wki w kwiatowe, letnie wzory.Najwa\u017cniejsze cechy: seria Barbieken w pla\u017cowym ubrankulalka nie stoi samodzielniezabawka przeznaczona dla dziewczynek od 3 roku \u017cycia<\/p>\n<h2>Barbie Lalka Ken pla\u017cowy geometryczne spodenki FJF09 Barbie<\/h2>\n<p>test z lektury dzieci z bullerbyn, elzbieta imie, kolorowanki konie, \u015bwi\u0105teczny film dla dzieci, niech \u017cyj\u0105 wakacje tekst, zagadki na inteligencj\u0119<\/p>\n<p>yyyyy<\/p>\n<p>&nbsp;<\/p>\n","protected":false},"excerpt":{"rendered":"<p>Przystojny Ken w wakacyjnym stroju. Lalka ubrana jest w k\u0105piel\u00f3wki w kwiatowe, letnie wzory.Najwa\u017cniejsze cechy: seria Barbieken w pla\u017cowym ubrankulalka nie stoi samodzielniezabawka przeznaczona dla dziewczynek od 3 roku \u017cycia Barbie Lalka Ken pla\u017cowy geometryczne spodenki FJF09 Barbie test z lektury dzieci z bullerbyn, elzbieta imie, kolorowanki konie, \u015bwi\u0105teczny film dla dzieci, niech \u017cyj\u0105 wakacje [&hellip;]<\/p>\n","protected":false},"featured_media":11942,"comment_status":"closed","ping_status":"open","template":"","meta":[],"product_cat":[173,65],"product_tag":[825,654,813,584,698],"class_list":["post-11941","product","type-product","status-publish","has-post-thumbnail","hentry","product_cat-barbie","product_cat-lalki","product_tag-bajka-na-dobranoc-do-czytania","product_tag-krotkie-bajki-dla-dzieci-do-czytania","product_tag-krotkie-zagadki-matematyczne-z-odpowiedziami","product_tag-liwia","product_tag-zagadki-dla-przedszkolakow"],"_links":{"self":[{"href":"http:\/\/klubmamgdynia.pl\/index.php\/wp-json\/wp\/v2\/product\/11941","targetHints":{"allow":["GET"]}}],"collection":[{"href":"http:\/\/klubmamgdynia.pl\/index.php\/wp-json\/wp\/v2\/product"}],"about":[{"href":"http:\/\/klubmamgdynia.pl\/index.php\/wp-json\/wp\/v2\/types\/product"}],"replies":[{"embeddable":true,"href":"http:\/\/klubmamgdynia.pl\/index.php\/wp-json\/wp\/v2\/comments?post=11941"}],"wp:featuredmedia":[{"embeddable":true,"href":"http:\/\/klubmamgdynia.pl\/index.php\/wp-json\/wp\/v2\/media\/11942"}],"wp:attachment":[{"href":"http:\/\/klubmamgdynia.pl\/index.php\/wp-json\/wp\/v2\/media?parent=11941"}],"wp:term":[{"taxonomy":"product_cat","embeddable":true,"href":"http:\/\/klubmamgdynia.pl\/index.php\/wp-json\/wp\/v2\/product_cat?post=11941"},{"taxonomy":"product_tag","embeddable":true,"href":"http:\/\/klubmamgdynia.pl\/index.php\/wp-json\/wp\/v2\/product_tag?post=11941"}],"curies":[{"name":"wp","href":"https:\/\/api.w.org\/{rel}","templated":true}]}}