{"id":11943,"date":"2012-05-20T12:18:36","date_gmt":"2012-05-20T10:18:36","guid":{"rendered":"http:\/\/klubmamgdynia.pl\/index.php\/produkt\/norimpex-drewniana-wieza-z-cyferkami\/"},"modified":"2026-04-30T00:30:44","modified_gmt":"2026-04-29T22:30:44","slug":"norimpex-drewniana-wieza-z-cyferkami","status":"publish","type":"product","link":"http:\/\/klubmamgdynia.pl\/index.php\/produkt\/norimpex-drewniana-wieza-z-cyferkami\/","title":{"rendered":"Norimpex Drewniana Wie\u017ca Z Cyferkami"},"content":{"rendered":"<p>&#8211; #zosta\u0144wdomu #wspierampolskiemarki<\/p>\n<h2>Norimpex Drewniana Wie\u017ca Z Cyferkami Norimpex<\/h2>\n<p>kalina imi\u0119, wierszyki na smigus dyngus, kuchcikowo przepisy dla dzieci, kolorowanki harry potter, jak narysowa\u0107 cz\u0142owieka, m\u0105dre bajki dla dzieci do czytania, jak narysowa\u0107 psa, kiekrz, pokemon kolorowanki do druku, co oznacza nazwa jordan, cytaty o macierzy\u0144stwie, \u017c\u0105rty na prima aprilis, m\u0105dre prezenty dla 7 latki, walentynka dla syna<\/p>\n<p>yyyyy<\/p>\n<p>&nbsp;<\/p>\n","protected":false},"excerpt":{"rendered":"<p>&#8211; #zosta\u0144wdomu #wspierampolskiemarki Norimpex Drewniana Wie\u017ca Z Cyferkami Norimpex kalina imi\u0119, wierszyki na smigus dyngus, kuchcikowo przepisy dla dzieci, kolorowanki harry potter, jak narysowa\u0107 cz\u0142owieka, m\u0105dre bajki dla dzieci do czytania, jak narysowa\u0107 psa, kiekrz, pokemon kolorowanki do druku, co oznacza nazwa jordan, cytaty o macierzy\u0144stwie, \u017c\u0105rty na prima aprilis, m\u0105dre prezenty dla 7 latki, [&hellip;]<\/p>\n","protected":false},"featured_media":11944,"comment_status":"closed","ping_status":"open","template":"","meta":[],"product_cat":[130,554],"product_tag":[578,797,669,729],"class_list":["post-11943","product","type-product","status-publish","has-post-thumbnail","hentry","product_cat-gry-dzieciece","product_cat-norimpex","product_tag-fajne-zarty-na-prima-aprilis","product_tag-kiekrz","product_tag-kolorowanki","product_tag-madre-bajki-dla-dzieci-do-czytania"],"_links":{"self":[{"href":"http:\/\/klubmamgdynia.pl\/index.php\/wp-json\/wp\/v2\/product\/11943","targetHints":{"allow":["GET"]}}],"collection":[{"href":"http:\/\/klubmamgdynia.pl\/index.php\/wp-json\/wp\/v2\/product"}],"about":[{"href":"http:\/\/klubmamgdynia.pl\/index.php\/wp-json\/wp\/v2\/types\/product"}],"replies":[{"embeddable":true,"href":"http:\/\/klubmamgdynia.pl\/index.php\/wp-json\/wp\/v2\/comments?post=11943"}],"wp:featuredmedia":[{"embeddable":true,"href":"http:\/\/klubmamgdynia.pl\/index.php\/wp-json\/wp\/v2\/media\/11944"}],"wp:attachment":[{"href":"http:\/\/klubmamgdynia.pl\/index.php\/wp-json\/wp\/v2\/media?parent=11943"}],"wp:term":[{"taxonomy":"product_cat","embeddable":true,"href":"http:\/\/klubmamgdynia.pl\/index.php\/wp-json\/wp\/v2\/product_cat?post=11943"},{"taxonomy":"product_tag","embeddable":true,"href":"http:\/\/klubmamgdynia.pl\/index.php\/wp-json\/wp\/v2\/product_tag?post=11943"}],"curies":[{"name":"wp","href":"https:\/\/api.w.org\/{rel}","templated":true}]}}