{"id":11945,"date":"2022-12-30T12:45:50","date_gmt":"2022-12-30T11:45:50","guid":{"rendered":"http:\/\/klubmamgdynia.pl\/?post_type=product&#038;p=11945"},"modified":"2026-05-17T23:20:05","modified_gmt":"2026-05-17T21:20:05","slug":"norimpex-magiczna-zdrapka-obraz-zdrapywank-malowanie-zestaw-3","status":"publish","type":"product","link":"http:\/\/klubmamgdynia.pl\/index.php\/produkt\/norimpex-magiczna-zdrapka-obraz-zdrapywank-malowanie-zestaw-3\/","title":{"rendered":"Norimpex Magiczna Zdrapka Obraz Zdrapywank Malowanie Zestaw"},"content":{"rendered":"<p>Wydrapywany obraz Berlina to doskona\u0142a alternatywa dla wszystkich tych kt\u00f3rzy posiadaj\u0105 zaci\u0119cie artystyczne i lubi\u0105 wyzwania. Doskonale przemy\u015blane zastosowanie czarnego arkusza pozwala na stopniowym wydrapywaniu rysikiem poszczeg\u00f3lnych element\u00f3w obraz\u00f3w a w tym odkrywaniu jego pi\u0119kna.Efekty ju\u017c w pocz\u0105tkowej fazie zwalaj\u0105 z n\u00f3g. Kreatywne Obrazy wydrapywanki stworzone s\u0105 z my\u015bl\u0105 dla ambitnych dzieci lubi\u0105cych \u0142\u0105czy\u0107 wyzwania z dobr\u0105 zabaw\u0105.Pozwalaj\u0105 na ca\u0142kiem inny wymiar sp\u0119dza&#8230;<\/p>\n<h2>Norimpex Magiczna Zdrapka Obraz Zdrapywank Malowanie Zestaw Norimpex<\/h2>\n<p>kolorowanka super zings, \u017c\u0105rty na prima aprilis, gotowe zaproszenia na urodziny do wydrukowania, obrazki do druku, filmy rodzinne na halloween, tymoteusz znaczenie imienia, cytaty na dzie\u0144 edukacji narodowej, wielkanocne zagadki, star wars kolorowanka, zagadki dla dzieci 6-7 lat, jak narysowa\u0107 psa, szkic jak narysowa\u0107 kota, nauczyciel cytaty, samolot z papieru, dzieci.pl, bajki dla dziewczynek, alan imie, kwiaty polne nazwy i zdj\u0119cia, bajka terapeutyczna o dokuczaniu, bajki do czytania dla dzieci, zagadki o bajkach<\/p>\n<p>yyyyy<\/p>\n<p>&nbsp;<\/p>\n","protected":false},"excerpt":{"rendered":"<p>Wydrapywany obraz Berlina to doskona\u0142a alternatywa dla wszystkich tych kt\u00f3rzy posiadaj\u0105 zaci\u0119cie artystyczne i lubi\u0105 wyzwania. Doskonale przemy\u015blane zastosowanie czarnego arkusza pozwala na stopniowym wydrapywaniu rysikiem poszczeg\u00f3lnych element\u00f3w obraz\u00f3w a w tym odkrywaniu jego pi\u0119kna.Efekty ju\u017c w pocz\u0105tkowej fazie zwalaj\u0105 z n\u00f3g. Kreatywne Obrazy wydrapywanki stworzone s\u0105 z my\u015bl\u0105 dla ambitnych dzieci lubi\u0105cych \u0142\u0105czy\u0107 wyzwania [&hellip;]<\/p>\n","protected":false},"featured_media":11946,"comment_status":"closed","ping_status":"open","template":"","meta":[],"product_cat":[554,21],"product_tag":[660,681,638,795,771],"class_list":["post-11945","product","type-product","status-publish","has-post-thumbnail","hentry","product_cat-norimpex","product_cat-zabawki-plastyczne","product_tag-bianka","product_tag-flagi-europy-quiz","product_tag-miastodzieci","product_tag-mini-zoo-warszawa","product_tag-stolice-europy-quiz"],"_links":{"self":[{"href":"http:\/\/klubmamgdynia.pl\/index.php\/wp-json\/wp\/v2\/product\/11945","targetHints":{"allow":["GET"]}}],"collection":[{"href":"http:\/\/klubmamgdynia.pl\/index.php\/wp-json\/wp\/v2\/product"}],"about":[{"href":"http:\/\/klubmamgdynia.pl\/index.php\/wp-json\/wp\/v2\/types\/product"}],"replies":[{"embeddable":true,"href":"http:\/\/klubmamgdynia.pl\/index.php\/wp-json\/wp\/v2\/comments?post=11945"}],"wp:featuredmedia":[{"embeddable":true,"href":"http:\/\/klubmamgdynia.pl\/index.php\/wp-json\/wp\/v2\/media\/11946"}],"wp:attachment":[{"href":"http:\/\/klubmamgdynia.pl\/index.php\/wp-json\/wp\/v2\/media?parent=11945"}],"wp:term":[{"taxonomy":"product_cat","embeddable":true,"href":"http:\/\/klubmamgdynia.pl\/index.php\/wp-json\/wp\/v2\/product_cat?post=11945"},{"taxonomy":"product_tag","embeddable":true,"href":"http:\/\/klubmamgdynia.pl\/index.php\/wp-json\/wp\/v2\/product_tag?post=11945"}],"curies":[{"name":"wp","href":"https:\/\/api.w.org\/{rel}","templated":true}]}}