{"id":11947,"date":"2017-09-04T17:37:13","date_gmt":"2017-09-04T15:37:13","guid":{"rendered":"http:\/\/klubmamgdynia.pl\/index.php\/produkt\/woopie-hustawka-3w1-kubelkowa-siedzisko-prosta-rosnaca-wiszaca-czerwona-31514\/"},"modified":"2026-04-06T12:47:55","modified_gmt":"2026-04-06T10:47:55","slug":"woopie-hustawka-3w1-kubelkowa-siedzisko-prosta-rosnaca-wiszaca-czerwona-31514","status":"publish","type":"product","link":"http:\/\/klubmamgdynia.pl\/index.php\/produkt\/woopie-hustawka-3w1-kubelkowa-siedzisko-prosta-rosnaca-wiszaca-czerwona-31514\/","title":{"rendered":"Woopie Hu\u015btawka 3W1 Kube\u0142kowa Siedzisko Prosta Rosn\u0105ca Wisz\u0105ca Czerwona (31514)"},"content":{"rendered":"<p>Dzi\u0119ki hu\u015btawce 3w1 marki Woopie zapewnisz swojemu dziecku pi\u0119kne chwile pe\u0142ne zabawy i rado\u015bci.Hu\u015btawka Swing 3w1 w kolorze czerwonym to idealne uzupe\u0142nienie ka\u017cdego placu zabaw. Zapewni niesko\u0144czon\u0105 zabaw\u0119 ka\u017cdemu dziecku od 12 miesi\u0105ca \u017cycia.Dzi\u0119ki zdejmowanej os\u0142onie na n\u00f3\u017cki i zdejmowanemu oparciu hu\u015btawka b\u0119dzie idealna r\u00f3wnie\u017c dla starszych dzieci. Produkt ma 3 opcje u\u017cycia: hu\u015btawka dla dziecka z oparciem i os\u0142on\u0105 na n\u00f3\u017cki, hu\u015btawka z oparciem lub hu\u015btawka bez oparcia. Z biegiem czasu gdy dziecko ro\u015bnie, cz\u0119\u015bci hu\u015btawki mo\u017cna w \u0142atwy spos\u00f3b demontowa\u0107.Wysoko\u015b\u0107 mo\u017cna indywidualnie regulowa\u0107 dzi\u0119ki linie mocuj\u0105cej. Wygodne uchwyty zamocowane na linie, zapewni\u0105 \u0142atwy monta\u017c.Produkt wykonany jest z materia\u0142\u00f3wnajwy\u017cszej jako\u015bci, przyjaznych dla \u015brodowiskai jest ca\u0142kowicie bezpieczny dla zdrowia dziecka.Firma Woopie jest jednym z czo\u0142owych producent\u00f3w zabawek z tworzyw sztucznych w Europie. Produkty firmy Woopie s\u0105 sprzedawane z powodzeniem na rynku krajowym i w ca\u0142ej Europie.Zabawki marki Woopie maj\u0105 jeden cel &#8211; wzbudza\u0107 rado\u015b\u0107 dzieci! Po\u015br\u00f3d bogatego asortymentu, Woopie posiada mi\u0119dzy innymi stroje karnawa\u0142owe i przebrania dla dzieci, ale tak\u017ce hu\u015btawki zawieszane, zabawki piankowe, r\u00f3\u017cnego rodzaju zabawki ogrodowe, oraz du\u017co wi\u0119cej! Daj si\u0119 ponie\u015b\u0107 zabawie &#8211; daj si\u0119 ponie\u015b\u0107 Woopie!<\/p>\n<h2>Woopie Hu\u015btawka 3W1 Kube\u0142kowa Siedzisko Prosta Rosn\u0105ca Wisz\u0105ca Czerwona (31514) Woopie<\/h2>\n<p>bajki dla chlopcow, cukierku ty \u0142obuzie test, tymoteusz znaczenie imienia, wiersz o g\u00f3rniku, nietypowe imiona \u017ce\u0144skie, \u015bwinka peppa do druku, test z lektury opowie\u015bci z narnii lew czarownica i stara szafa z odpowiedziami, ziemia wyspa zielona tekst, kolorowanki do wydruku, sk\u0142adniki do pizzy kolorowanka, pia, rebusy i krzy\u017c\u00f3wki dla dzieci do druku, przechowywanie zabawek, quiz o flagach europy, prezent dla rocznego dziecka, znaczenie imienia pola, przygody tomka sawyera test, przyjazn, p\u0142atki \u015bniegu szablon, zabawy z pi\u0142k\u0105<\/p>\n<p>yyyyy<\/p>\n<p>&nbsp;<\/p>\n","protected":false},"excerpt":{"rendered":"<p>Dzi\u0119ki hu\u015btawce 3w1 marki Woopie zapewnisz swojemu dziecku pi\u0119kne chwile pe\u0142ne zabawy i rado\u015bci.Hu\u015btawka Swing 3w1 w kolorze czerwonym to idealne uzupe\u0142nienie ka\u017cdego placu zabaw. Zapewni niesko\u0144czon\u0105 zabaw\u0119 ka\u017cdemu dziecku od 12 miesi\u0105ca \u017cycia.Dzi\u0119ki zdejmowanej os\u0142onie na n\u00f3\u017cki i zdejmowanemu oparciu hu\u015btawka b\u0119dzie idealna r\u00f3wnie\u017c dla starszych dzieci. Produkt ma 3 opcje u\u017cycia: hu\u015btawka dla [&hellip;]<\/p>\n","protected":false},"featured_media":11948,"comment_status":"closed","ping_status":"open","template":"","meta":[],"product_cat":[127,177],"product_tag":[808,689,711,809,873],"class_list":["post-11947","product","type-product","status-publish","has-post-thumbnail","hentry","product_cat-akcesoria-do-wozkow","product_cat-woopie","product_tag-imie-mia","product_tag-linda","product_tag-prezenty-dla-nastolatkow","product_tag-zagadki","product_tag-zagadki-z-odpowiedziami-dla-dzieci"],"_links":{"self":[{"href":"http:\/\/klubmamgdynia.pl\/index.php\/wp-json\/wp\/v2\/product\/11947","targetHints":{"allow":["GET"]}}],"collection":[{"href":"http:\/\/klubmamgdynia.pl\/index.php\/wp-json\/wp\/v2\/product"}],"about":[{"href":"http:\/\/klubmamgdynia.pl\/index.php\/wp-json\/wp\/v2\/types\/product"}],"replies":[{"embeddable":true,"href":"http:\/\/klubmamgdynia.pl\/index.php\/wp-json\/wp\/v2\/comments?post=11947"}],"wp:featuredmedia":[{"embeddable":true,"href":"http:\/\/klubmamgdynia.pl\/index.php\/wp-json\/wp\/v2\/media\/11948"}],"wp:attachment":[{"href":"http:\/\/klubmamgdynia.pl\/index.php\/wp-json\/wp\/v2\/media?parent=11947"}],"wp:term":[{"taxonomy":"product_cat","embeddable":true,"href":"http:\/\/klubmamgdynia.pl\/index.php\/wp-json\/wp\/v2\/product_cat?post=11947"},{"taxonomy":"product_tag","embeddable":true,"href":"http:\/\/klubmamgdynia.pl\/index.php\/wp-json\/wp\/v2\/product_tag?post=11947"}],"curies":[{"name":"wp","href":"https:\/\/api.w.org\/{rel}","templated":true}]}}