{"id":11949,"date":"2012-02-19T15:55:27","date_gmt":"2012-02-19T14:55:27","guid":{"rendered":"http:\/\/klubmamgdynia.pl\/index.php\/produkt\/wader-smieciarka-gigant-jezdzik-kosz-67015\/"},"modified":"2026-04-29T23:37:47","modified_gmt":"2026-04-29T21:37:47","slug":"wader-smieciarka-gigant-jezdzik-kosz-67015","status":"publish","type":"product","link":"http:\/\/klubmamgdynia.pl\/index.php\/produkt\/wader-smieciarka-gigant-jezdzik-kosz-67015\/","title":{"rendered":"Wader \u015amieciarka Gigant Je\u017adzik + Kosz (67015)"},"content":{"rendered":"<p>Wader \u015amieciarka Gigant Je\u017adzik + Kosz (67015)\u00a0Zabawka Roku 2017 Gigant Farmer \u015amieciarka to wielki, wytrzyma\u0142y pojazd o d\u0142ugo\u015bci 60 cm.\u015amieciarka wyposa\u017cona jest w ruchomy podno\u015bnik do opr\u00f3\u017cniania kontener\u00f3w, posiada otwieran\u0105 tyln\u0105 klap\u0119. W zestawie znajduje si\u0119 kontener na \u015bmieci, kt\u00f3ry mo\u017cna przyczepi\u0107 do ty\u0142u samochodu. Auto z przodu ma zaczep (mo\u017cliwo\u015b\u0107 doczepienia do innego pojazdu lub przyczepienia linki do ci\u0105gni\u0119cia). Na g\u00f3rze znajduje si\u0119 uchwyt do przytrzymania si\u0119 przez dziecko podczas siadania na \u015bmieciarce.Ruchome elementy, mocna konstrukcja o ud\u017awigu do 50 kg, kt\u00f3ra odwzorowuje prawdziwy pojazd to gwarancja atrakcyjnej zabawy. Ca\u0142o\u015b\u0107 wykonana jest z wysokiej jako\u015bci nietoksycznego tworzywa sztucznego odpornego na warunki atmosferyczne, dzi\u0119ki czemu pojazd mo\u017cna przechowywa\u0107 przez ca\u0142y rok np. na podw\u00f3rku czy na balkonie.                            <\/p>\n<p>Charakter zabawki stwarza mo\u017cliwo\u015b\u0107 nauki dziecka o tym jak istotne jest utrzymanie czysto\u015bci nie tylko w domu, ale tak\u017ce w naszym otoczeniu. Zabawka pobudza wyobra\u017ani\u0119 najm\u0142odszych, wprowadza ich w tematy zwi\u0105zane z porz\u0105dkowaniem przestrzeni wok\u00f3\u0142 siebie oraz rozwija ich umiej\u0119tno\u015bci manualne i koordynacj\u0119 ruchow\u0105.Zabawka Roku 2017!Realistyczny pojazd o d\u0142ugo\u015bci 60 cm z kontenerem na \u015bmieci, kt\u00f3ry mo\u017cna doczepi\u0107 do ty\u0142u pojazdu, otwieran\u0105 tyln\u0105 klap\u0105 i ruchomym podno\u015bnikiem do opr\u00f3\u017cniania kontener\u00f3wZaczep z przodu umo\u017cliwia doczepienie do innego pojazdu lub przyczepienie linki do ci\u0105gni\u0119ciaSolidna, wytrzyma\u0142a konstrukcja o ud\u017awigu do 50 kg wykonana z nietoksycznych, bezpiecznych materia\u0142\u00f3w odpornych na r\u00f3\u017cne warunki atmosferyczneStwarza wiele mo\u017cliwo\u015bci zabawy i nauki przez zabaw\u0119 wprowadzenie element\u00f3w zwi\u0105zanych z utrzymaniem czysto\u015bci i porz\u0105dkowaniem przestrzeni wok\u00f3\u0142 siebieZabawa z wykorzystaniem Gigant Truck \u015amieciarka pobudza kreatywno\u015b\u0107 i wyobra\u017ani\u0119 dziecka, wspiera rozw\u00f3j jego umiej\u0119tno\u015bci manualnych i koordynacje ruchow\u0105<\/p>\n<h2>Wader \u015amieciarka Gigant Je\u017adzik + Kosz (67015) Wader<\/h2>\n<p>zagadki dla starszych dzieci, cytaty dla mamy od c\u00f3rki, prezent na roczek nie zabawka, wiosenna kolorowanka, quiz o zwierz\u0119tach domowych, zagadki zagadki, nauczyciel cytaty, roczek dziewczynki, zabawy z pi\u0142k\u0105, zagadki o wiosnie, wyprawka warszawiaka 2021, podchwytliwe zagadki matematyczne, zgadywanki, test z dzieci z bullerbyn, prezenty dla 7 latka, sporty po francusku, miasto dzieci.pl, malgorzata znaczenie imienia<\/p>\n<p>yyyyy<\/p>\n<p>&nbsp;<\/p>\n","protected":false},"excerpt":{"rendered":"<p>Wader \u015amieciarka Gigant Je\u017adzik + Kosz (67015)\u00a0Zabawka Roku 2017 Gigant Farmer \u015amieciarka to wielki, wytrzyma\u0142y pojazd o d\u0142ugo\u015bci 60 cm.\u015amieciarka wyposa\u017cona jest w ruchomy podno\u015bnik do opr\u00f3\u017cniania kontener\u00f3w, posiada otwieran\u0105 tyln\u0105 klap\u0119. W zestawie znajduje si\u0119 kontener na \u015bmieci, kt\u00f3ry mo\u017cna przyczepi\u0107 do ty\u0142u samochodu. Auto z przodu ma zaczep (mo\u017cliwo\u015b\u0107 doczepienia do innego pojazdu [&hellip;]<\/p>\n","protected":false},"featured_media":11950,"comment_status":"closed","ping_status":"open","template":"","meta":[],"product_cat":[83,514],"product_tag":[839,798,615],"class_list":["post-11949","product","type-product","status-publish","has-post-thumbnail","hentry","product_cat-auta-i-inne-pojazdy-do-zabawy","product_cat-wader","product_tag-bajki-na-dobranoc-do-czytania","product_tag-prezenty-dla-nastolatki","product_tag-znane-misie-z-filmow-animowanych"],"_links":{"self":[{"href":"http:\/\/klubmamgdynia.pl\/index.php\/wp-json\/wp\/v2\/product\/11949","targetHints":{"allow":["GET"]}}],"collection":[{"href":"http:\/\/klubmamgdynia.pl\/index.php\/wp-json\/wp\/v2\/product"}],"about":[{"href":"http:\/\/klubmamgdynia.pl\/index.php\/wp-json\/wp\/v2\/types\/product"}],"replies":[{"embeddable":true,"href":"http:\/\/klubmamgdynia.pl\/index.php\/wp-json\/wp\/v2\/comments?post=11949"}],"wp:featuredmedia":[{"embeddable":true,"href":"http:\/\/klubmamgdynia.pl\/index.php\/wp-json\/wp\/v2\/media\/11950"}],"wp:attachment":[{"href":"http:\/\/klubmamgdynia.pl\/index.php\/wp-json\/wp\/v2\/media?parent=11949"}],"wp:term":[{"taxonomy":"product_cat","embeddable":true,"href":"http:\/\/klubmamgdynia.pl\/index.php\/wp-json\/wp\/v2\/product_cat?post=11949"},{"taxonomy":"product_tag","embeddable":true,"href":"http:\/\/klubmamgdynia.pl\/index.php\/wp-json\/wp\/v2\/product_tag?post=11949"}],"curies":[{"name":"wp","href":"https:\/\/api.w.org\/{rel}","templated":true}]}}