{"id":11951,"date":"2019-10-13T05:36:07","date_gmt":"2019-10-13T03:36:07","guid":{"rendered":"http:\/\/klubmamgdynia.pl\/index.php\/produkt\/kidkraft-domek-dla-lalek-amelia-65093\/"},"modified":"2026-04-20T16:59:34","modified_gmt":"2026-04-20T14:59:34","slug":"kidkraft-domek-dla-lalek-amelia-65093","status":"publish","type":"product","link":"http:\/\/klubmamgdynia.pl\/index.php\/produkt\/kidkraft-domek-dla-lalek-amelia-65093\/","title":{"rendered":"Kidkraft Domek Dla Lalek Amelia 65093"},"content":{"rendered":"<p>Kidkraft Domek Dla Lalek Amelia <\/p>\n<p>Uwaga, czas na zabaw\u0119 ulubionymi lalkami, Domek Amelia to idealny prezent na ka\u017cd\u0105 okazj\u0119Dziewczynki polubi\u0105 kolorowy styl domku, dok\u0142adno\u015b\u0107 wykonania i wspania\u0142e mebelkiDomek zawiera w komplecie 14 szt mebelk\u00f3wSzerokie okna umo\u017cliwiaj\u0105 podgl\u0105danie \u017cycia lalek z wielu miejscPrzesuwana windaWyszukane a\u017curowe elementy dekoracyjneWisz\u0105cy kandelabrPasuje do lalek do 30 cm wysoko\u015bciWykonany z drewnaPrzemy\u015blana i mocna konstrukcjaZawiera instrukcj\u0119 we wszystkich j\u0119zykach Unii Europejskiej r\u00f3wnie\u017c po Polsku80 cm d\u0142 x 33 cm szer x 117 cm wys<\/p>\n<h2>Kidkraft Domek Dla Lalek Amelia 65093 KidKraft<\/h2>\n<p>asiunia test, karyna, zagatki, calineczka test z odpowiedziami, zagadki na logiczne my\u015blenie, prezent dla nastolatk\u00f3w, ostatni dzwonek tekst, quiz samochodowy<\/p>\n<p>yyyyy<\/p>\n<p>&nbsp;<\/p>\n","protected":false},"excerpt":{"rendered":"<p>Kidkraft Domek Dla Lalek Amelia Uwaga, czas na zabaw\u0119 ulubionymi lalkami, Domek Amelia to idealny prezent na ka\u017cd\u0105 okazj\u0119Dziewczynki polubi\u0105 kolorowy styl domku, dok\u0142adno\u015b\u0107 wykonania i wspania\u0142e mebelkiDomek zawiera w komplecie 14 szt mebelk\u00f3wSzerokie okna umo\u017cliwiaj\u0105 podgl\u0105danie \u017cycia lalek z wielu miejscPrzesuwana windaWyszukane a\u017curowe elementy dekoracyjneWisz\u0105cy kandelabrPasuje do lalek do 30 cm wysoko\u015bciWykonany z drewnaPrzemy\u015blana [&hellip;]<\/p>\n","protected":false},"featured_media":11952,"comment_status":"closed","ping_status":"open","template":"","meta":[],"product_cat":[1635,2052],"product_tag":[838,603,637,856,643,703],"class_list":["post-11951","product","type-product","status-publish","has-post-thumbnail","hentry","product_cat-domki-dla-lalek","product_cat-kidkraft","product_tag-bajki-dla-dzieci-na-dobranoc","product_tag-bajki-do-czytania","product_tag-niech-zyja-wakacje-tekst","product_tag-prezent-dla-16-latki","product_tag-prezent-dla-17-latki","product_tag-prezent-dla-nastolatki"],"_links":{"self":[{"href":"http:\/\/klubmamgdynia.pl\/index.php\/wp-json\/wp\/v2\/product\/11951","targetHints":{"allow":["GET"]}}],"collection":[{"href":"http:\/\/klubmamgdynia.pl\/index.php\/wp-json\/wp\/v2\/product"}],"about":[{"href":"http:\/\/klubmamgdynia.pl\/index.php\/wp-json\/wp\/v2\/types\/product"}],"replies":[{"embeddable":true,"href":"http:\/\/klubmamgdynia.pl\/index.php\/wp-json\/wp\/v2\/comments?post=11951"}],"wp:featuredmedia":[{"embeddable":true,"href":"http:\/\/klubmamgdynia.pl\/index.php\/wp-json\/wp\/v2\/media\/11952"}],"wp:attachment":[{"href":"http:\/\/klubmamgdynia.pl\/index.php\/wp-json\/wp\/v2\/media?parent=11951"}],"wp:term":[{"taxonomy":"product_cat","embeddable":true,"href":"http:\/\/klubmamgdynia.pl\/index.php\/wp-json\/wp\/v2\/product_cat?post=11951"},{"taxonomy":"product_tag","embeddable":true,"href":"http:\/\/klubmamgdynia.pl\/index.php\/wp-json\/wp\/v2\/product_tag?post=11951"}],"curies":[{"name":"wp","href":"https:\/\/api.w.org\/{rel}","templated":true}]}}