{"id":11953,"date":"2019-12-22T17:38:14","date_gmt":"2019-12-22T16:38:14","guid":{"rendered":"http:\/\/klubmamgdynia.pl\/index.php\/produkt\/milin-przeplotka-trzeszczyk\/"},"modified":"2026-04-24T23:12:52","modified_gmt":"2026-04-24T21:12:52","slug":"milin-przeplotka-trzeszczyk","status":"publish","type":"product","link":"http:\/\/klubmamgdynia.pl\/index.php\/produkt\/milin-przeplotka-trzeszczyk\/","title":{"rendered":"Milin Przeplotka Trzeszczyk"},"content":{"rendered":"<p>Ci\u0105gle patrzy, wypatruje,do zabawy si\u0119 szykuje. Przeplotki rozwijaj\u0105 kreatywno\u015b\u0107, wyobra\u017ani\u0119 oraz zdolno\u015bci motoryki ma\u0142ej.Przeplatanie zwierz\u0105tek sznur\u00f3wk\u0105 b\u0119dzie radosnym czasem zabawy, poznawania zwierz\u0105t oraz kolor\u00f3w. Rekomendowane przez lekarza okulist\u0119, dziecko podczas zabawy \u0107wiczy mi\u0119\u015bnie oka. Rekomendowane dla dzieci powy\u017cej 3 roku \u017cycia. NAZWA PRZEPLOTKA &#8211; TRZESZCZYK PRODUCENT MILIN WIEK 3+ EAN 5902490418141 Znajd\u017a podobne wed\u0142ug klucza: MILIN (483899)<\/p>\n<h2>Milin Przeplotka Trzeszczyk Milin<\/h2>\n<p>jak narysowa\u0107 oko, harry potter kolorowanka, zagadki dla dzieci 6 lat, co \u0142apie ale nie rzuca, co kupic na roczek, zagadki dla ma\u0142ych dzieci, maski karnawa\u0142owe dla dzieci szablony, aneta, pia, okolice wroc\u0142awia atrakcje, zagadki matematyczne na logik\u0119, lew czarownica i stara szafa test, asiunia &#8211; test z lektury pdf, rebusy i krzy\u017c\u00f3wki dla dzieci do druku, zagadki przyrodnicze, zagadki i odpowiedzi, zabawy urodzinowe dla dzieci, wiersze o wakacjach, literki<\/p>\n<p>yyyyy<\/p>\n<p>&nbsp;<\/p>\n","protected":false},"excerpt":{"rendered":"<p>Ci\u0105gle patrzy, wypatruje,do zabawy si\u0119 szykuje. Przeplotki rozwijaj\u0105 kreatywno\u015b\u0107, wyobra\u017ani\u0119 oraz zdolno\u015bci motoryki ma\u0142ej.Przeplatanie zwierz\u0105tek sznur\u00f3wk\u0105 b\u0119dzie radosnym czasem zabawy, poznawania zwierz\u0105t oraz kolor\u00f3w. Rekomendowane przez lekarza okulist\u0119, dziecko podczas zabawy \u0107wiczy mi\u0119\u015bnie oka. Rekomendowane dla dzieci powy\u017cej 3 roku \u017cycia. NAZWA PRZEPLOTKA &#8211; TRZESZCZYK PRODUCENT MILIN WIEK 3+ EAN 5902490418141 Znajd\u017a podobne wed\u0142ug klucza: [&hellip;]<\/p>\n","protected":false},"featured_media":11954,"comment_status":"closed","ping_status":"open","template":"","meta":[],"product_cat":[82,99],"product_tag":[630,856,726,846,803],"class_list":["post-11953","product","type-product","status-publish","has-post-thumbnail","hentry","product_cat-milin","product_cat-zabawki-ekologiczne","product_tag-podchwytliwe-zagadki-z-odpowiedziami","product_tag-prezent-dla-16-latki","product_tag-quiz-zemsta","product_tag-rysowanki","product_tag-szlaczki-do-druku"],"_links":{"self":[{"href":"http:\/\/klubmamgdynia.pl\/index.php\/wp-json\/wp\/v2\/product\/11953","targetHints":{"allow":["GET"]}}],"collection":[{"href":"http:\/\/klubmamgdynia.pl\/index.php\/wp-json\/wp\/v2\/product"}],"about":[{"href":"http:\/\/klubmamgdynia.pl\/index.php\/wp-json\/wp\/v2\/types\/product"}],"replies":[{"embeddable":true,"href":"http:\/\/klubmamgdynia.pl\/index.php\/wp-json\/wp\/v2\/comments?post=11953"}],"wp:featuredmedia":[{"embeddable":true,"href":"http:\/\/klubmamgdynia.pl\/index.php\/wp-json\/wp\/v2\/media\/11954"}],"wp:attachment":[{"href":"http:\/\/klubmamgdynia.pl\/index.php\/wp-json\/wp\/v2\/media?parent=11953"}],"wp:term":[{"taxonomy":"product_cat","embeddable":true,"href":"http:\/\/klubmamgdynia.pl\/index.php\/wp-json\/wp\/v2\/product_cat?post=11953"},{"taxonomy":"product_tag","embeddable":true,"href":"http:\/\/klubmamgdynia.pl\/index.php\/wp-json\/wp\/v2\/product_tag?post=11953"}],"curies":[{"name":"wp","href":"https:\/\/api.w.org\/{rel}","templated":true}]}}