{"id":11959,"date":"2023-05-04T10:53:10","date_gmt":"2023-05-04T08:53:10","guid":{"rendered":"http:\/\/klubmamgdynia.pl\/?post_type=product&#038;p=11959"},"modified":"2026-05-17T22:38:02","modified_gmt":"2026-05-17T20:38:02","slug":"big-waterplay-tor-wodny-niagara-55100","status":"publish","type":"product","link":"http:\/\/klubmamgdynia.pl\/index.php\/produkt\/big-waterplay-tor-wodny-niagara-55100\/","title":{"rendered":"Big Waterplay Tor Wodny Niagara 55100"},"content":{"rendered":"<p>Sk\u0142adany tor wodny to idealna zabawka dla dzieci lubi\u0105cych pluska\u0107 si\u0119 we wodzie. Dziecko wlewaj\u0105c wod\u0119 powoduje ruch, dzi\u0119ki kt\u00f3remu poruszaj\u0105 znajduj\u0105ce si\u0119 w kana\u0142ach \u0142\u00f3dki. Pr\u0105d wody w kanale mo\u017cna uzyska\u0107 tak\u017ce wprawiaj\u0105c w ruch ko\u0142o wodne. Atrakcj\u0105 tego modelu s\u0105 zapory, pompa oraz \u015bluza, po\u0142\u0105czona z kana\u0142em o du\u017cym k\u0105cie nachylenia. W zestawie znajduj\u0105 si\u0119 3 \u0142\u00f3dki, wodolot oraz 4 figurki ludzi. Tor jest \u0142atwy w monta\u017cu, mo\u017ce by\u0107 sk\u0142adany na r\u00f3\u017cne sposoby a tak\u017ce \u0142\u0105czony z innymi torami wodnymi BIG Waterplay. zalet\u0105 zabawek Waterplay jest ich kompatybilno\u015b\u0107 z LEGO Duplo. Tor przeszed\u0142 test LGA pod \u015bcis\u0142ymi wytycznymi dotycz\u0105cymi zabawek.Wymiary: 130 x 90 x 22 cmWiek: od 3 latOstrze\u017cenie:<\/p>\n<h2>Big Waterplay Tor Wodny Niagara 55100 Big<\/h2>\n<p>milosz imie, wystawy dla dzieci warszawa, milan imie, co kupi\u0107 nastolatce na urodziny, \u015bmieszne zagadki, zagadki o psach, ko\u0142ysanki dla dzieci + tekst, zabawka na roczek, z\u0142ote my\u015bli pedagogiczne, kuchcikowo przepisy dla dzieci, ka\u0142u\u017cy\u015bci, ciasteczka na halloween dla dzieci, kolorowanki dla ch\u0142opc\u00f3w do druku, zaj\u0105czek z jajka ugotowanego, transformers kolorowanka, cytat o przyja\u017ani, piosenka na dzie\u0144 nauczyciela przedszkole, karty pracy po ukrai\u0144sku, zagadki dla nastolatk\u00f3w, miastodzieci, lilianna<\/p>\n<p>yyyyy<\/p>\n<p>&nbsp;<\/p>\n","protected":false},"excerpt":{"rendered":"<p>Sk\u0142adany tor wodny to idealna zabawka dla dzieci lubi\u0105cych pluska\u0107 si\u0119 we wodzie. Dziecko wlewaj\u0105c wod\u0119 powoduje ruch, dzi\u0119ki kt\u00f3remu poruszaj\u0105 znajduj\u0105ce si\u0119 w kana\u0142ach \u0142\u00f3dki. Pr\u0105d wody w kanale mo\u017cna uzyska\u0107 tak\u017ce wprawiaj\u0105c w ruch ko\u0142o wodne. Atrakcj\u0105 tego modelu s\u0105 zapory, pompa oraz \u015bluza, po\u0142\u0105czona z kana\u0142em o du\u017cym k\u0105cie nachylenia. W zestawie [&hellip;]<\/p>\n","protected":false},"featured_media":11960,"comment_status":"closed","ping_status":"open","template":"","meta":[],"product_cat":[400,141],"product_tag":[836,844,797,636],"class_list":["post-11959","product","type-product","status-publish","has-post-thumbnail","hentry","product_cat-big","product_cat-parkingi-garaze-i-tory-wyscigowe","product_tag-co-kupic-dziecku-na-roczek","product_tag-co-kupic-na-roczek","product_tag-kiekrz","product_tag-teksty-kolysanek"],"_links":{"self":[{"href":"http:\/\/klubmamgdynia.pl\/index.php\/wp-json\/wp\/v2\/product\/11959","targetHints":{"allow":["GET"]}}],"collection":[{"href":"http:\/\/klubmamgdynia.pl\/index.php\/wp-json\/wp\/v2\/product"}],"about":[{"href":"http:\/\/klubmamgdynia.pl\/index.php\/wp-json\/wp\/v2\/types\/product"}],"replies":[{"embeddable":true,"href":"http:\/\/klubmamgdynia.pl\/index.php\/wp-json\/wp\/v2\/comments?post=11959"}],"wp:featuredmedia":[{"embeddable":true,"href":"http:\/\/klubmamgdynia.pl\/index.php\/wp-json\/wp\/v2\/media\/11960"}],"wp:attachment":[{"href":"http:\/\/klubmamgdynia.pl\/index.php\/wp-json\/wp\/v2\/media?parent=11959"}],"wp:term":[{"taxonomy":"product_cat","embeddable":true,"href":"http:\/\/klubmamgdynia.pl\/index.php\/wp-json\/wp\/v2\/product_cat?post=11959"},{"taxonomy":"product_tag","embeddable":true,"href":"http:\/\/klubmamgdynia.pl\/index.php\/wp-json\/wp\/v2\/product_tag?post=11959"}],"curies":[{"name":"wp","href":"https:\/\/api.w.org\/{rel}","templated":true}]}}