{"id":1196,"date":"2025-08-12T10:18:21","date_gmt":"2025-08-12T08:18:21","guid":{"rendered":"http:\/\/klubmamgdynia.pl\/?post_type=product&#038;p=1196"},"modified":"2026-05-17T23:23:11","modified_gmt":"2026-05-17T21:23:11","slug":"lisciani-puzzle-60el-myszka-miki-i-przyjaciele","status":"publish","type":"product","link":"http:\/\/klubmamgdynia.pl\/index.php\/produkt\/lisciani-puzzle-60el-myszka-miki-i-przyjaciele\/","title":{"rendered":"Lisciani Puzzle 60El. Myszka Miki I Przyjaciele"},"content":{"rendered":"<p>Puzzle Double-Face firmy Lisciani to naprawd\u0119 wyj\u0105tkowa zabawka. To nie tylko puzzle do uk\u0142adania: na odwrocie dzieci mog\u0105 go r\u00f3wnie\u017c pokolorowa\u0107. To dodatkowa zabawka pozwalaj\u0105ca na nieskr\u0119powany wyraz dzieci\u0119cej wyobra\u017ani i kreatywno\u015bci&#8230;.<\/p>\n<h2>Lisciani Puzzle 60El. Myszka Miki I Przyjaciele Lisciani<\/h2>\n<p>cytaty na dzie\u0144 edukacji narodowej, wycinanki puzzle do druku, zagadka logiczna, cytaty dziecko<\/p>\n<p>yyyyy<\/p>\n<p>&nbsp;<\/p>\n","protected":false},"excerpt":{"rendered":"<p>Puzzle Double-Face firmy Lisciani to naprawd\u0119 wyj\u0105tkowa zabawka. To nie tylko puzzle do uk\u0142adania: na odwrocie dzieci mog\u0105 go r\u00f3wnie\u017c pokolorowa\u0107. To dodatkowa zabawka pozwalaj\u0105ca na nieskr\u0119powany wyraz dzieci\u0119cej wyobra\u017ani i kreatywno\u015bci&#8230;. Lisciani Puzzle 60El. Myszka Miki I Przyjaciele Lisciani cytaty na dzie\u0144 edukacji narodowej, wycinanki puzzle do druku, zagadka logiczna, cytaty dziecko yyyyy &nbsp;<\/p>\n","protected":false},"featured_media":1197,"comment_status":"closed","ping_status":"open","template":"","meta":[],"product_cat":[362,90],"product_tag":[825,807,759,846,820],"class_list":["post-1196","product","type-product","status-publish","has-post-thumbnail","hentry","product_cat-lisciani","product_cat-puzzle","product_tag-bajka-na-dobranoc-do-czytania","product_tag-logiczne-zagadki","product_tag-pomysly-na-prezent-dla-nastolatkow","product_tag-rysowanki","product_tag-ziemia-wyspa-zielona-tekst"],"_links":{"self":[{"href":"http:\/\/klubmamgdynia.pl\/index.php\/wp-json\/wp\/v2\/product\/1196","targetHints":{"allow":["GET"]}}],"collection":[{"href":"http:\/\/klubmamgdynia.pl\/index.php\/wp-json\/wp\/v2\/product"}],"about":[{"href":"http:\/\/klubmamgdynia.pl\/index.php\/wp-json\/wp\/v2\/types\/product"}],"replies":[{"embeddable":true,"href":"http:\/\/klubmamgdynia.pl\/index.php\/wp-json\/wp\/v2\/comments?post=1196"}],"wp:featuredmedia":[{"embeddable":true,"href":"http:\/\/klubmamgdynia.pl\/index.php\/wp-json\/wp\/v2\/media\/1197"}],"wp:attachment":[{"href":"http:\/\/klubmamgdynia.pl\/index.php\/wp-json\/wp\/v2\/media?parent=1196"}],"wp:term":[{"taxonomy":"product_cat","embeddable":true,"href":"http:\/\/klubmamgdynia.pl\/index.php\/wp-json\/wp\/v2\/product_cat?post=1196"},{"taxonomy":"product_tag","embeddable":true,"href":"http:\/\/klubmamgdynia.pl\/index.php\/wp-json\/wp\/v2\/product_tag?post=1196"}],"curies":[{"name":"wp","href":"https:\/\/api.w.org\/{rel}","templated":true}]}}