{"id":11961,"date":"2021-10-03T14:47:34","date_gmt":"2021-10-03T12:47:34","guid":{"rendered":"http:\/\/klubmamgdynia.pl\/index.php\/produkt\/dickie-traktor-ares-z-przyczepka-57-cm\/"},"modified":"2026-04-22T16:24:16","modified_gmt":"2026-04-22T14:24:16","slug":"dickie-traktor-ares-z-przyczepka-57-cm","status":"publish","type":"product","link":"http:\/\/klubmamgdynia.pl\/index.php\/produkt\/dickie-traktor-ares-z-przyczepka-57-cm\/","title":{"rendered":"Dickie Traktor Ares z Przyczepk\u0105 57 cm"},"content":{"rendered":"<p>Dickie Traktor Ares z Przyczepk\u0105 57 cm<\/p>\n<p>Class Ares z przyczep\u0105\u00a0jako pojazd na licencji marki wygl\u0105da<br \/>\nzupe\u0142nie jak jego realny odpowiednik. Posiada 4 du\u017ce, ruchome ko\u0142a z oponami<br \/>\npokrytymi bie\u017cnikiem oraz masywn\u0105, funkcyjn\u0105 naczep\u0119 &#8211; wywrotk\u0119. Naczep\u0119 mo\u017cna<br \/>\nod\u0142\u0105czy\u0107 od traktorka. Stanowi idealny prezent dla najm\u0142odszych fan\u00f3w traktor\u00f3w<br \/>\ni maszyn rolniczych.                            <\/p>\n<p>Charakterystyka produktu:Traktor<br \/>\n     na licencji ClassCa\u0142kowita<br \/>\n     d\u0142ugo\u015b\u0107 traktorka wraz z doczepion\u0105 przyczep\u0105 ok 56 cm.Odczepiana<br \/>\n     przyczepa &#8211; wywrotkaW<br \/>\n     momencie unoszenia przyczepy automatycznie odchyla si\u0119 klapaPojazd<br \/>\n     idealny do zabawy zar\u00f3wno w domu jak i na \u015bwie\u017cym powietrzu<\/p>\n<h2>Dickie Traktor Ares z Przyczepk\u0105 57 cm Dickie<\/h2>\n<p>cytaty o wychowaniu i nauczaniu, pomys\u0142y na prezent dla nastolatk\u00f3w, quiz o ro\u015blinach, bajka dla dzieci do czytania, gloria imie<\/p>\n<p>yyyyy<\/p>\n<p>&nbsp;<\/p>\n","protected":false},"excerpt":{"rendered":"<p>Dickie Traktor Ares z Przyczepk\u0105 57 cm Class Ares z przyczep\u0105\u00a0jako pojazd na licencji marki wygl\u0105da zupe\u0142nie jak jego realny odpowiednik. Posiada 4 du\u017ce, ruchome ko\u0142a z oponami pokrytymi bie\u017cnikiem oraz masywn\u0105, funkcyjn\u0105 naczep\u0119 &#8211; wywrotk\u0119. Naczep\u0119 mo\u017cna od\u0142\u0105czy\u0107 od traktorka. Stanowi idealny prezent dla najm\u0142odszych fan\u00f3w traktor\u00f3w i maszyn rolniczych. Charakterystyka produktu:Traktor na licencji [&hellip;]<\/p>\n","protected":false},"featured_media":11962,"comment_status":"closed","ping_status":"open","template":"","meta":[],"product_cat":[83,1637],"product_tag":[831,669,638,749,625,725],"class_list":["post-11961","product","type-product","status-publish","has-post-thumbnail","hentry","product_cat-auta-i-inne-pojazdy-do-zabawy","product_cat-dickie","product_tag-bruno","product_tag-kolorowanki","product_tag-miastodzieci","product_tag-najlepsze-zarty-na-prima-aprilis","product_tag-trojmiasto-atrakcje-dla-dzieci","product_tag-zgadywanki"],"_links":{"self":[{"href":"http:\/\/klubmamgdynia.pl\/index.php\/wp-json\/wp\/v2\/product\/11961","targetHints":{"allow":["GET"]}}],"collection":[{"href":"http:\/\/klubmamgdynia.pl\/index.php\/wp-json\/wp\/v2\/product"}],"about":[{"href":"http:\/\/klubmamgdynia.pl\/index.php\/wp-json\/wp\/v2\/types\/product"}],"replies":[{"embeddable":true,"href":"http:\/\/klubmamgdynia.pl\/index.php\/wp-json\/wp\/v2\/comments?post=11961"}],"wp:featuredmedia":[{"embeddable":true,"href":"http:\/\/klubmamgdynia.pl\/index.php\/wp-json\/wp\/v2\/media\/11962"}],"wp:attachment":[{"href":"http:\/\/klubmamgdynia.pl\/index.php\/wp-json\/wp\/v2\/media?parent=11961"}],"wp:term":[{"taxonomy":"product_cat","embeddable":true,"href":"http:\/\/klubmamgdynia.pl\/index.php\/wp-json\/wp\/v2\/product_cat?post=11961"},{"taxonomy":"product_tag","embeddable":true,"href":"http:\/\/klubmamgdynia.pl\/index.php\/wp-json\/wp\/v2\/product_tag?post=11961"}],"curies":[{"name":"wp","href":"https:\/\/api.w.org\/{rel}","templated":true}]}}