{"id":11965,"date":"2016-10-13T17:58:35","date_gmt":"2016-10-13T15:58:35","guid":{"rendered":"http:\/\/klubmamgdynia.pl\/index.php\/produkt\/filibabba-smoczki-uspokajajace-0m-golden-mustard-2-szt\/"},"modified":"2026-05-17T22:57:40","modified_gmt":"2026-05-17T20:57:40","slug":"filibabba-smoczki-uspokajajace-0m-golden-mustard-2-szt","status":"publish","type":"product","link":"http:\/\/klubmamgdynia.pl\/index.php\/produkt\/filibabba-smoczki-uspokajajace-0m-golden-mustard-2-szt\/","title":{"rendered":"Filibabba Smoczki Uspokajaj\u0105ce 0M+ Golden Mustard 2 Szt."},"content":{"rendered":"<p>Smoczek Filibabba Moments z symetrycznym smoczkiem wykonanym z silikonu. Smoczki s\u0105 dost\u0119pne w 15 pi\u0119knych kolorach w rozmiarze 0-6 miesi\u0119cy i +6 miesi\u0119cy. Smoczki wysy\u0142ane s\u0105 z pude\u0142kiem do przechowywania i sterylizacji.<\/p>\n<h2>Filibabba Smoczki Uspokajaj\u0105ce 0M+ Golden Mustard 2 Szt. Filibabba<\/h2>\n<p>zabawki dla rocznej dziewczynki, tabliczka mno\u017cenia kolorowanki do wydruku, znaczenie imiona alan, test wiedzy zemsta, zagadki dla 6 latka, cicha noc po angielsku, zabawki dla dziewczynki na roczek, gry dla nastolatk\u00f3w, bajka o biedronce, pomysly na prima aprilis, atrakcje dla dzieci warszawa i okolice, zagadki na my\u015blenie, okolice wroc\u0142awia atrakcje, gad\u017cety dla nastolatka, szablon zaproszenia na urodziny do wydruku czarno bia\u0142e, sky kolorowanka, bajka terapeutyczna o dokuczaniu<\/p>\n<p>yyyyy<\/p>\n<p>&nbsp;<\/p>\n","protected":false},"excerpt":{"rendered":"<p>Smoczek Filibabba Moments z symetrycznym smoczkiem wykonanym z silikonu. Smoczki s\u0105 dost\u0119pne w 15 pi\u0119knych kolorach w rozmiarze 0-6 miesi\u0119cy i +6 miesi\u0119cy. Smoczki wysy\u0142ane s\u0105 z pude\u0142kiem do przechowywania i sterylizacji. Filibabba Smoczki Uspokajaj\u0105ce 0M+ Golden Mustard 2 Szt. Filibabba zabawki dla rocznej dziewczynki, tabliczka mno\u017cenia kolorowanki do wydruku, znaczenie imiona alan, test wiedzy [&hellip;]<\/p>\n","protected":false},"featured_media":11966,"comment_status":"closed","ping_status":"open","template":"","meta":[],"product_cat":[1228,255],"product_tag":[686,731,785,579,770],"class_list":["post-11965","product","type-product","status-publish","has-post-thumbnail","hentry","product_cat-filibabba","product_cat-smoczki-uspokajajace","product_tag-co-na-roczek-dla-chlopca","product_tag-maly-ksiaze-cytaty","product_tag-prezent-dla-nastolatkow","product_tag-quiz-opowiesci-z-narnii-lew-czarownica-i-stara-szafa","product_tag-samolot-z-papieru"],"_links":{"self":[{"href":"http:\/\/klubmamgdynia.pl\/index.php\/wp-json\/wp\/v2\/product\/11965","targetHints":{"allow":["GET"]}}],"collection":[{"href":"http:\/\/klubmamgdynia.pl\/index.php\/wp-json\/wp\/v2\/product"}],"about":[{"href":"http:\/\/klubmamgdynia.pl\/index.php\/wp-json\/wp\/v2\/types\/product"}],"replies":[{"embeddable":true,"href":"http:\/\/klubmamgdynia.pl\/index.php\/wp-json\/wp\/v2\/comments?post=11965"}],"wp:featuredmedia":[{"embeddable":true,"href":"http:\/\/klubmamgdynia.pl\/index.php\/wp-json\/wp\/v2\/media\/11966"}],"wp:attachment":[{"href":"http:\/\/klubmamgdynia.pl\/index.php\/wp-json\/wp\/v2\/media?parent=11965"}],"wp:term":[{"taxonomy":"product_cat","embeddable":true,"href":"http:\/\/klubmamgdynia.pl\/index.php\/wp-json\/wp\/v2\/product_cat?post=11965"},{"taxonomy":"product_tag","embeddable":true,"href":"http:\/\/klubmamgdynia.pl\/index.php\/wp-json\/wp\/v2\/product_tag?post=11965"}],"curies":[{"name":"wp","href":"https:\/\/api.w.org\/{rel}","templated":true}]}}