{"id":11967,"date":"2011-01-21T05:17:19","date_gmt":"2011-01-21T04:17:19","guid":{"rendered":"http:\/\/klubmamgdynia.pl\/index.php\/produkt\/bruder-plug-sniezny-02349\/"},"modified":"2026-04-04T05:20:48","modified_gmt":"2026-04-04T03:20:48","slug":"bruder-plug-sniezny-02349","status":"publish","type":"product","link":"http:\/\/klubmamgdynia.pl\/index.php\/produkt\/bruder-plug-sniezny-02349\/","title":{"rendered":"Bruder P\u0142ug \u015bnie\u017cny (02349)"},"content":{"rendered":"<p>.                            <\/p>\n<p>BRUDER 02349 P\u0141UG \u015aNIE\u017bNYNr katalogowy:\u00a002349Seria:\u00a0ProfiSkala: 1:16Wymiary:\u00a014,5 x 18 x 21 cmMateria\u0142:\u00a0wysokiej jako\u015bci plastikOpakowanie:\u00a0oryginalny karton                            <\/p>\n<p>\u00a0                            <\/p>\n<p>OPIS PRODUKTUP\u0142ug \u015bnie\u017cny 02349 to kolejny dodatek do maszyn marki Bruder, kt\u00f3ry na pewno przyda si\u0119 podczas srogich zim. Zabawka wykonana zosta\u0142a z najwy\u017cszej jako\u015bci tworzywa sztucznego, dzi\u0119ki czemu nasza pociecha mo\u017ce rozsuwa\u0107 wi\u0119ksze zaspy \u015bniegu. Dodatek zosta\u0142 odwzorowany zgodnie z oryginaln\u0105 cz\u0119\u015bci\u0105 maszyny, przy zachowaniu intensywno\u015bci barw. Zabawka przeznaczona jest do zabawy dla dzieci powy\u017cej 3 roku \u017cycia.                            <\/p>\n<p>P\u0142ug \u015bnie\u017cny 02349 posiada regulowan\u0105 wysoko\u015b\u0107 pracy przy czym narz\u0119dzie mo\u017cna zablokowa\u0107 na ustalonej wysoko\u015bci, co pozwala dostosowa\u0107 maszyn\u0119 do danej wielko\u015bci zasp. Dziecko mo\u017ce zablokowa\u0107 uniesiony p\u0142ug i unikn\u0105\u0107 trudno\u015bci przy je\u017adzie po nier\u00f3wnym terenie. Podczas pracy wa\u0142ki obracaj\u0105 si\u0119 jak w prawdziwej maszynie a odgrywana scenka wydaje si\u0119 bardziej realna. Dodatkowo dmuchawa do wysypu \u015bniegu obraca si\u0119 o 360 stopni, by dziecko mog\u0142o ustawi\u0107 k\u0105t pod jakim ma wysypa\u0107 zebrany \u015bnieg.                            <\/p>\n<p>Maszyna posiada dwa po\u0142o\u017cenia &#8211; robocze i transportowe. W czasie przejazdu po drodze nasza pociecha mo\u017ce podnie\u015b\u0107 narz\u0119dzie by zajmowa\u0142o mniej miejsca i stwarza\u0142o mniejsze zagro\u017cenie. Wystarczy unie\u015b\u0107 delikatnie maszyn\u0119, a znajdzie si\u0119 ona w\u00f3wczas w po\u0142o\u017ceniu transportowym. Natomiast, gdy opu\u015bcimy p\u0142ug ni\u017cej b\u0119dzie ustawiony na poziomie traktorka, kt\u00f3ry podczas jazdy b\u0119dzie wprowadza\u0142 w ruch gotow\u0105 do pracy maszyn\u0119.\u00a0                            <\/p>\n<p>FUNKCJEdwa po\u0142o\u017cenia maszyny &#8211; robocze i transportoweruchome, obracaj\u0105ce si\u0119 walcemo\u017cliwo\u015b\u0107 blokady uniesionego p\u0142uguobracana o 360 stopni dmuchawa do wysypu \u015bniegu                            <\/p>\n<p>PASUJE DOtraktor\u00f3w z serii Profi 02000, 03000 oraz 04000.Man nr 02744, 02749, 02750, 02751, 02752, 02754, 02761, 02762, 02764, 02765, 02769, 02770, 02771, 02776,Mack nr 02812, 02813, 02815, 02818, 02820, 02821, 02823, 02824, 02826,Scania nr 03522, 03524, 03550, 03554, 03555, 03560, 03570, 03580, 03590,Mercedes nr 03622, 03623, 03651, 03654, 03670.                            <\/p>\n<p>O MARCE BRUDERBRUDER \u2013 to czo\u0142owy niemiecki producent zabawek dzia\u0142aj\u0105cy od 1926r. Wszystkie zabawki s\u0105 odwzorowaniem rzeczywistych maszyn i pojazd\u00f3w i s\u0105 wykonane w jednakowej skali 1:16 co sprawia, \u017ce mo\u017cna je ze sob\u0105 \u0142\u0105czy\u0107. Zabawki Bruder pobudzaj\u0105 wyobra\u017ani\u0119, kreatywno\u015b\u0107 i pozwalaj\u0105 dziecku w bezpieczny spos\u00f3b poznawa\u0107 realny \u015bwiat. Wszystkie produkty firmy Bruder s\u0105 produkowane od pocz\u0105tku do ko\u0144ca w Niemczech z wykorzystaniem najwy\u017cszej jako\u015bci tworzyw sztucznych oraz najnowszych technologii.\u00a0Wszystkie produkty pakowane s\u0105 w oryginalne opakowania i wysy\u0142ane do ponad 60 kraj\u00f3w na ca\u0142ym \u015bwiecie. Wysoka jako\u015b\u0107 i dost\u0119pno\u015b\u0107 cz\u0119\u015bci zamiennych gwarantuje Pa\u0144stwu \u017ce zabawki pos\u0142u\u017c\u0105 przez wiele lat.                            <\/p>\n<p>Zabawki Bruder posiadaj\u0105 rekomendacj\u0119 &#8222;spiel gut&#8221; (bawi\u0105 dobrze) niezale\u017cnego grona konsumenckiego co oznacza, \u017ce zosta\u0142a przetestowana przez dzieci i zbadana przez ekspert\u00f3w z pozytywnym rezultatem. Ocenie zosta\u0142y poddane: walory rozrywkowe, wykorzystane materia\u0142y, konstrukcja, trwa\u0142o\u015b\u0107, bezpiecze\u0144stwo, wzornictwo, rozmiar, jasno\u015b\u0107 instrukcji obs\u0142ug oraz dopasowanie do odpowiedniej grupy wiekowej.                            <\/p>\n<p>Wszystkie zabawki Bruder spe\u0142niaj\u0105 Europejsk\u0105 Norm\u0119 Bezpiecze\u0144stwa Zabawek.<\/p>\n<h2>Bruder P\u0142ug \u015bnie\u017cny (02349) Bruder<\/h2>\n<p>imi\u0119 kuba, kolorowanka my little pony, test znaki drogowe, prezent dla nastolatk\u00f3w ch\u0142opc\u00f3w, kolorowanki na andrzejki do wydruku, leonardo imi\u0119, choinka kolorowanka szablon, test opowie\u015bci z narnii lew czarownica i stara szafa do druku, zagadki logiczne na inteligencj\u0119, teksty o rodzinie, kalina imi\u0119, logiczne zagadki dla dzieci, prezent dla nastolatk\u00f3w 2021, platformy edukacyjne dla dzieci, trudne zagadki matematyczne, zagadki o zimie, literki do pisania do druku, kartka walentynkowa r\u0119cznie robiona \u0142atwa, quizy o koniach, jak rozmawia\u0107 z dzie\u0107mi o wojnie, proste dekoracje \u015bwi\u0105teczne dla dzieci<\/p>\n<p>yyyyy<\/p>\n<p>&nbsp;<\/p>\n","protected":false},"excerpt":{"rendered":"<p>. BRUDER 02349 P\u0141UG \u015aNIE\u017bNYNr katalogowy:\u00a002349Seria:\u00a0ProfiSkala: 1:16Wymiary:\u00a014,5 x 18 x 21 cmMateria\u0142:\u00a0wysokiej jako\u015bci plastikOpakowanie:\u00a0oryginalny karton \u00a0 OPIS PRODUKTUP\u0142ug \u015bnie\u017cny 02349 to kolejny dodatek do maszyn marki Bruder, kt\u00f3ry na pewno przyda si\u0119 podczas srogich zim. Zabawka wykonana zosta\u0142a z najwy\u017cszej jako\u015bci tworzywa sztucznego, dzi\u0119ki czemu nasza pociecha mo\u017ce rozsuwa\u0107 wi\u0119ksze zaspy \u015bniegu. Dodatek zosta\u0142 odwzorowany [&hellip;]<\/p>\n","protected":false},"featured_media":11968,"comment_status":"closed","ping_status":"open","template":"","meta":[],"product_cat":[83,1076],"product_tag":[777,784,814,822],"class_list":["post-11967","product","type-product","status-publish","has-post-thumbnail","hentry","product_cat-auta-i-inne-pojazdy-do-zabawy","product_cat-bruder","product_tag-co-na-roczek","product_tag-hymn-gorniczy","product_tag-prezenty-dla-nastolatek","product_tag-wierszyki-o-wakacjach-krotkie"],"_links":{"self":[{"href":"http:\/\/klubmamgdynia.pl\/index.php\/wp-json\/wp\/v2\/product\/11967","targetHints":{"allow":["GET"]}}],"collection":[{"href":"http:\/\/klubmamgdynia.pl\/index.php\/wp-json\/wp\/v2\/product"}],"about":[{"href":"http:\/\/klubmamgdynia.pl\/index.php\/wp-json\/wp\/v2\/types\/product"}],"replies":[{"embeddable":true,"href":"http:\/\/klubmamgdynia.pl\/index.php\/wp-json\/wp\/v2\/comments?post=11967"}],"wp:featuredmedia":[{"embeddable":true,"href":"http:\/\/klubmamgdynia.pl\/index.php\/wp-json\/wp\/v2\/media\/11968"}],"wp:attachment":[{"href":"http:\/\/klubmamgdynia.pl\/index.php\/wp-json\/wp\/v2\/media?parent=11967"}],"wp:term":[{"taxonomy":"product_cat","embeddable":true,"href":"http:\/\/klubmamgdynia.pl\/index.php\/wp-json\/wp\/v2\/product_cat?post=11967"},{"taxonomy":"product_tag","embeddable":true,"href":"http:\/\/klubmamgdynia.pl\/index.php\/wp-json\/wp\/v2\/product_tag?post=11967"}],"curies":[{"name":"wp","href":"https:\/\/api.w.org\/{rel}","templated":true}]}}