{"id":11971,"date":"2012-02-01T04:57:58","date_gmt":"2012-02-01T03:57:58","guid":{"rendered":"http:\/\/klubmamgdynia.pl\/index.php\/produkt\/malowany-las-drewniany-sorter-edukacyjny-domek-qzm-0070\/"},"modified":"2026-05-17T22:28:55","modified_gmt":"2026-05-17T20:28:55","slug":"malowany-las-drewniany-sorter-edukacyjny-domek-qzm-0070","status":"publish","type":"product","link":"http:\/\/klubmamgdynia.pl\/index.php\/produkt\/malowany-las-drewniany-sorter-edukacyjny-domek-qzm-0070\/","title":{"rendered":"Malowany Las Drewniany Sorter Edukacyjny Domek (Qzm-0070)"},"content":{"rendered":"<p>Drewniany domek to pi\u0119knie wykonany, wielofunkcyjny sorter edukacyjny.W dachu domku znajduj\u0105 si\u0119 otwory w kt\u00f3rych mo\u017cna umieszcza\u0107 klocki w kszta\u0142cie owoc\u00f3w.W klockach znajduj\u0105 si\u0119 otwory dzi\u0119ki kt\u00f3rym starsze dziecko mo\u017ce \u0107wiczy\u0107 precyzj\u0119 i cierpliwo\u015b\u0107 nawlekaj\u0105c je na do\u0142\u0105czony sznureczek.Z bok\u00f3w domku znajduj\u0105 si\u0119 obrotowe klocki z liczbami oraz koraliki liczyd\u0142a. M\u0142odsze dzieci na liczydle rozwijaj\u0105 zdolno\u015bci manualne, przek\u0142adaj\u0105c koraliki i \u0107wicz\u0105c ruchy precyzyjne a starsze mog\u0105 uczy\u0107 si\u0119 liczenia i poznawa\u0107 podstawy matematyki.Domek wykonany jest z drewna pokrytego bezpiecznymi farbami wodnymi.od 3 lat<\/p>\n<h2>Malowany Las Drewniany Sorter Edukacyjny Domek (Qzm-0070) Marioinex<\/h2>\n<p>kolorowanki z bajek, bajka dla niemowlaka, krzy\u017c\u00f3wki dla dzieci, kolorowanki dla dzieci do druku, bardzo trudne zagadki, markowa, szablony postacie do szopki do druku, z\u0142ote my\u015bli o rodzinie, zagadki podchwytliwe, basen warszawa, zagadki logiczne z odpowiedziami, jakie prezenty na roczek, menu urodzinowe dla dzieci w wieku 8 10 lat, jak dobra\u0107 narty dla dziecka, ko\u0142ysanki tekst<\/p>\n<p>yyyyy<\/p>\n<p>&nbsp;<\/p>\n","protected":false},"excerpt":{"rendered":"<p>Drewniany domek to pi\u0119knie wykonany, wielofunkcyjny sorter edukacyjny.W dachu domku znajduj\u0105 si\u0119 otwory w kt\u00f3rych mo\u017cna umieszcza\u0107 klocki w kszta\u0142cie owoc\u00f3w.W klockach znajduj\u0105 si\u0119 otwory dzi\u0119ki kt\u00f3rym starsze dziecko mo\u017ce \u0107wiczy\u0107 precyzj\u0119 i cierpliwo\u015b\u0107 nawlekaj\u0105c je na do\u0142\u0105czony sznureczek.Z bok\u00f3w domku znajduj\u0105 si\u0119 obrotowe klocki z liczbami oraz koraliki liczyd\u0142a. M\u0142odsze dzieci na liczydle rozwijaj\u0105 [&hellip;]<\/p>\n","protected":false},"featured_media":11972,"comment_status":"closed","ping_status":"open","template":"","meta":[],"product_cat":[328,61],"product_tag":[864,777,790,861],"class_list":["post-11971","product","type-product","status-publish","has-post-thumbnail","hentry","product_cat-marioinex","product_cat-zabawki-edukacyjne-dla-niemowlat","product_tag-basen-warszawa","product_tag-co-na-roczek","product_tag-gry-planszowe-dla-nastolatkow","product_tag-jak-narysowac-psa"],"_links":{"self":[{"href":"http:\/\/klubmamgdynia.pl\/index.php\/wp-json\/wp\/v2\/product\/11971","targetHints":{"allow":["GET"]}}],"collection":[{"href":"http:\/\/klubmamgdynia.pl\/index.php\/wp-json\/wp\/v2\/product"}],"about":[{"href":"http:\/\/klubmamgdynia.pl\/index.php\/wp-json\/wp\/v2\/types\/product"}],"replies":[{"embeddable":true,"href":"http:\/\/klubmamgdynia.pl\/index.php\/wp-json\/wp\/v2\/comments?post=11971"}],"wp:featuredmedia":[{"embeddable":true,"href":"http:\/\/klubmamgdynia.pl\/index.php\/wp-json\/wp\/v2\/media\/11972"}],"wp:attachment":[{"href":"http:\/\/klubmamgdynia.pl\/index.php\/wp-json\/wp\/v2\/media?parent=11971"}],"wp:term":[{"taxonomy":"product_cat","embeddable":true,"href":"http:\/\/klubmamgdynia.pl\/index.php\/wp-json\/wp\/v2\/product_cat?post=11971"},{"taxonomy":"product_tag","embeddable":true,"href":"http:\/\/klubmamgdynia.pl\/index.php\/wp-json\/wp\/v2\/product_tag?post=11971"}],"curies":[{"name":"wp","href":"https:\/\/api.w.org\/{rel}","templated":true}]}}