{"id":11973,"date":"2024-10-18T03:27:49","date_gmt":"2024-10-18T01:27:49","guid":{"rendered":"http:\/\/klubmamgdynia.pl\/?post_type=product&#038;p=11973"},"modified":"2026-04-06T01:54:45","modified_gmt":"2026-04-05T23:54:45","slug":"tm-toys-swinka-peppa-figurki-mix-comy-99686","status":"publish","type":"product","link":"http:\/\/klubmamgdynia.pl\/index.php\/produkt\/tm-toys-swinka-peppa-figurki-mix-comy-99686\/","title":{"rendered":"Tm toys \u015awinka Peppa figurki mix (COMY 99686)"},"content":{"rendered":"<p>&#8222;\u015awinka Peppa&#8221; to bajka uwielbiana przez wszystkie maluchy. Jej g\u0142\u00f3wna bohaterka &#8211; ma\u0142a \u015bwinka jest bardzo rozbrykana. Ci\u0105gle wpada w tarapaty i ma mn\u00f3stwo przyg\u00f3d. Peppa uwielbia czekoladowe ciasteczka, przyj\u0119cia urodzinowe oraz wycieczki rowerowe i pikniki. Najbardziej jednak kocha swoje b\u0142otnisko. W jej zabawnych perypetiach uczestniczy ca\u0142\u0105 rodzina: tata, mama, braciszek George, dziadek i babcia. Ka\u017cdy ma\u0142y fan \u015bwinki, ucieszy si\u0119 z serii figurek i zestaw\u00f3w tematycznych ze \u015bwink\u0105 Pepp\u0105.Figurki z bajki &#8222;\u015awinka Peppa&#8221; to wiernie odwzorowane postaci z uwielbianej przez dzieci animacji. Figurka \u015awinki Peppy stanowi wspania\u0142e uzupe\u0142nienie ca\u0142ej linii zabawek z kolekcji. Zbierz wszystkich bohater\u00f3w bajki i tw\u00f3rz nowe, fantastyczne przygody.<\/p>\n<h2>Tm toys \u015awinka Peppa figurki mix (COMY 99686) TM Toys<\/h2>\n<p>kolorowanki do druku lol, test spos\u00f3b na alcybiadesa, labirynt psi patrol, sentencje o dzieciach, zagadka dla dzieci, kolorowanka super zings, gwiazdka do druku, quiz felix net i nika oraz gang niewidzialnych ludzi, europa stolice quiz, prezent dla rocznego dziecka<\/p>\n<p>yyyyy<\/p>\n<p>&nbsp;<\/p>\n","protected":false},"excerpt":{"rendered":"<p>&#8222;\u015awinka Peppa&#8221; to bajka uwielbiana przez wszystkie maluchy. Jej g\u0142\u00f3wna bohaterka &#8211; ma\u0142a \u015bwinka jest bardzo rozbrykana. Ci\u0105gle wpada w tarapaty i ma mn\u00f3stwo przyg\u00f3d. Peppa uwielbia czekoladowe ciasteczka, przyj\u0119cia urodzinowe oraz wycieczki rowerowe i pikniki. Najbardziej jednak kocha swoje b\u0142otnisko. W jej zabawnych perypetiach uczestniczy ca\u0142\u0105 rodzina: tata, mama, braciszek George, dziadek i babcia. [&hellip;]<\/p>\n","protected":false},"featured_media":11974,"comment_status":"closed","ping_status":"open","template":"","meta":[],"product_cat":[95,145],"product_tag":[829,650,622,755,707,632],"class_list":["post-11973","product","type-product","status-publish","has-post-thumbnail","hentry","product_cat-figurki-makiety-i-zestawy","product_cat-tm-toys","product_tag-bajki-do-czytania-na-dobranoc","product_tag-choinka-z-bibuly","product_tag-fajne-zagadki","product_tag-henryk","product_tag-karty-pracy-dla-dzieci-z-ukrainy","product_tag-warszawa-atrakcje-dla-mlodziezy"],"_links":{"self":[{"href":"http:\/\/klubmamgdynia.pl\/index.php\/wp-json\/wp\/v2\/product\/11973","targetHints":{"allow":["GET"]}}],"collection":[{"href":"http:\/\/klubmamgdynia.pl\/index.php\/wp-json\/wp\/v2\/product"}],"about":[{"href":"http:\/\/klubmamgdynia.pl\/index.php\/wp-json\/wp\/v2\/types\/product"}],"replies":[{"embeddable":true,"href":"http:\/\/klubmamgdynia.pl\/index.php\/wp-json\/wp\/v2\/comments?post=11973"}],"wp:featuredmedia":[{"embeddable":true,"href":"http:\/\/klubmamgdynia.pl\/index.php\/wp-json\/wp\/v2\/media\/11974"}],"wp:attachment":[{"href":"http:\/\/klubmamgdynia.pl\/index.php\/wp-json\/wp\/v2\/media?parent=11973"}],"wp:term":[{"taxonomy":"product_cat","embeddable":true,"href":"http:\/\/klubmamgdynia.pl\/index.php\/wp-json\/wp\/v2\/product_cat?post=11973"},{"taxonomy":"product_tag","embeddable":true,"href":"http:\/\/klubmamgdynia.pl\/index.php\/wp-json\/wp\/v2\/product_tag?post=11973"}],"curies":[{"name":"wp","href":"https:\/\/api.w.org\/{rel}","templated":true}]}}