{"id":11975,"date":"2012-02-15T08:02:15","date_gmt":"2012-02-15T07:02:15","guid":{"rendered":"http:\/\/klubmamgdynia.pl\/index.php\/produkt\/yellow-tipi-kosz-na-zabawki-happy-band-mouse-25x30cm-25x25x30cm\/"},"modified":"2026-05-17T22:40:28","modified_gmt":"2026-05-17T20:40:28","slug":"yellow-tipi-kosz-na-zabawki-happy-band-mouse-25x30cm-25x25x30cm","status":"publish","type":"product","link":"http:\/\/klubmamgdynia.pl\/index.php\/produkt\/yellow-tipi-kosz-na-zabawki-happy-band-mouse-25x30cm-25x25x30cm\/","title":{"rendered":"Yellow Tipi Kosz Na Zabawki Happy Band Mouse 25X30Cm 25X25X30Cm"},"content":{"rendered":"<p>Oryginalny pojemnik na zabawki z motywem myszki. Kosz \u2013 mysz posiada urocze uszka wykonane z mi\u0119ciutkiej tkaniny velvet, dzi\u0119ki kt\u00f3rym zachwyci twoj\u0105 pociech\u0119.Pozwoli utrzyma\u0107 porz\u0105dek w pomieszczeniu oraz pos\u0142u\u017cy jako dekoracja do pokoju dziecka. Jest lekki i bezpieczny w u\u017cytkowaniu, a tak\u017ce \u0142atwy w utrzymaniu czysto\u015bci, poniewa\u017c nadaje si\u0119 do prania w pralce. Do kompletu polecamy drugi, wi\u0119kszy kosz z tym samym motywem.Poznaj ca\u0142y Happy Band!Wymiary: fi25x30cmKolor: szary<\/p>\n<h2>Yellow Tipi Kosz Na Zabawki Happy Band Mouse 25X30Cm 25X25X30Cm Yellow Tipi<\/h2>\n<p>kolorowanki na andrzejki do wydruku, krak\u00f3w atrakcje dla dzieci, kinderbal przepisy, lol surprise kolorowanki, roza imie<\/p>\n<p>yyyyy<\/p>\n<p>&nbsp;<\/p>\n","protected":false},"excerpt":{"rendered":"<p>Oryginalny pojemnik na zabawki z motywem myszki. Kosz \u2013 mysz posiada urocze uszka wykonane z mi\u0119ciutkiej tkaniny velvet, dzi\u0119ki kt\u00f3rym zachwyci twoj\u0105 pociech\u0119.Pozwoli utrzyma\u0107 porz\u0105dek w pomieszczeniu oraz pos\u0142u\u017cy jako dekoracja do pokoju dziecka. Jest lekki i bezpieczny w u\u017cytkowaniu, a tak\u017ce \u0142atwy w utrzymaniu czysto\u015bci, poniewa\u017c nadaje si\u0119 do prania w pralce. Do kompletu [&hellip;]<\/p>\n","protected":false},"featured_media":11976,"comment_status":"closed","ping_status":"open","template":"","meta":[],"product_cat":[990,287],"product_tag":[668,613,725,577],"class_list":["post-11975","product","type-product","status-publish","has-post-thumbnail","hentry","product_cat-skrzynie-i-pojemniki-na-zabawki","product_cat-yellow-tipi","product_tag-atrakcje-dla-dzieci-wroclaw","product_tag-na-wyspach-bergamutach","product_tag-zgadywanki","product_tag-znaki-drogowe-test"],"_links":{"self":[{"href":"http:\/\/klubmamgdynia.pl\/index.php\/wp-json\/wp\/v2\/product\/11975","targetHints":{"allow":["GET"]}}],"collection":[{"href":"http:\/\/klubmamgdynia.pl\/index.php\/wp-json\/wp\/v2\/product"}],"about":[{"href":"http:\/\/klubmamgdynia.pl\/index.php\/wp-json\/wp\/v2\/types\/product"}],"replies":[{"embeddable":true,"href":"http:\/\/klubmamgdynia.pl\/index.php\/wp-json\/wp\/v2\/comments?post=11975"}],"wp:featuredmedia":[{"embeddable":true,"href":"http:\/\/klubmamgdynia.pl\/index.php\/wp-json\/wp\/v2\/media\/11976"}],"wp:attachment":[{"href":"http:\/\/klubmamgdynia.pl\/index.php\/wp-json\/wp\/v2\/media?parent=11975"}],"wp:term":[{"taxonomy":"product_cat","embeddable":true,"href":"http:\/\/klubmamgdynia.pl\/index.php\/wp-json\/wp\/v2\/product_cat?post=11975"},{"taxonomy":"product_tag","embeddable":true,"href":"http:\/\/klubmamgdynia.pl\/index.php\/wp-json\/wp\/v2\/product_tag?post=11975"}],"curies":[{"name":"wp","href":"https:\/\/api.w.org\/{rel}","templated":true}]}}