{"id":11977,"date":"2019-09-01T22:56:32","date_gmt":"2019-09-01T20:56:32","guid":{"rendered":"http:\/\/klubmamgdynia.pl\/index.php\/produkt\/hasbro-swinka-peppa-krolik-rebecca-f2208\/"},"modified":"2026-05-17T22:39:06","modified_gmt":"2026-05-17T20:39:06","slug":"hasbro-swinka-peppa-krolik-rebecca-f2208","status":"publish","type":"product","link":"http:\/\/klubmamgdynia.pl\/index.php\/produkt\/hasbro-swinka-peppa-krolik-rebecca-f2208\/","title":{"rendered":"Hasbro \u015awinka Peppa Kr\u00f3lik Rebecca F2208"},"content":{"rendered":"<p>Hasbro \u015awinka Peppa Kr\u00f3lik Rebecca F2208&#8243;\u015awinka Peppa&#8221; to bajka uwielbiana przez wszystkie maluchy. Jej g\u0142\u00f3wna bohaterka &#8211; ma\u0142a \u015bwinka jest bardzo rozbrykana. Ci\u0105gle wpada w tarapaty i ma mn\u00f3stwo przyg\u00f3d. Peppa uwielbia czekoladowe ciasteczka, przyj\u0119cia urodzinowe oraz wycieczki rowerowe i pikniki. Najbardziej jednak kocha swoje b\u0142otnisko. W jej zabawnych perypetiach uczestniczy ca\u0142\u0105 rodzina: tata, mama, braciszek George, dziadek i babcia. Ka\u017cdy ma\u0142y fan \u015bwinki, ucieszy si\u0119 z serii figurek i zestaw\u00f3w tematycznych ze \u015bwink\u0105 Pepp\u0105.<br \/>\n\u00a0Figurki z bajki &#8222;\u015awinka Peppa&#8221; to wiernie odwzorowane postaci z uwielbianej przez dzieci animacji. Figurki stanowi\u0105 wspania\u0142e uzupe\u0142nienie ca\u0142ej linii zabawek z kolekcji. Zbierz wszystkich bohater\u00f3w bajki i tw\u00f3rz nowe, fantastyczne przygody. Pozosta\u0142e figurki sprzedawane oddzielnie.                            <\/p>\n<p>Zawarto\u015b\u0107 i cechy zestawu:<br \/>\nFigurka Kr\u00f3lik Rebecca ubrana w turkusow\u0105 sukienk\u0119 z motywem kurczaczka\u00a0Posiada ruchome r\u0119ce i g\u0142ow\u0119 oraz mo\u017ce siada\u0107<br \/>\nAkcesorium: koszyk z trzema kurczaczkami<\/p>\n<h2>Hasbro \u015awinka Peppa Kr\u00f3lik Rebecca F2208 Hasbro<\/h2>\n<p>papuga kolorowanka, test detektyw pozytywka, motyl kolorowanka, ada imie, co na roczek dla ch\u0142opca, zagadki z odpowiedziami dla dzieci, szablony zimowe do wydruku, piosenki dla dzieci o jesieni<\/p>\n<p>yyyyy<\/p>\n<p>&nbsp;<\/p>\n","protected":false},"excerpt":{"rendered":"<p>Hasbro \u015awinka Peppa Kr\u00f3lik Rebecca F2208&#8243;\u015awinka Peppa&#8221; to bajka uwielbiana przez wszystkie maluchy. Jej g\u0142\u00f3wna bohaterka &#8211; ma\u0142a \u015bwinka jest bardzo rozbrykana. Ci\u0105gle wpada w tarapaty i ma mn\u00f3stwo przyg\u00f3d. Peppa uwielbia czekoladowe ciasteczka, przyj\u0119cia urodzinowe oraz wycieczki rowerowe i pikniki. Najbardziej jednak kocha swoje b\u0142otnisko. W jej zabawnych perypetiach uczestniczy ca\u0142\u0105 rodzina: tata, mama, [&hellip;]<\/p>\n","protected":false},"featured_media":11978,"comment_status":"closed","ping_status":"open","template":"","meta":[],"product_cat":[95,129],"product_tag":[740,617,605,774,651],"class_list":["post-11977","product","type-product","status-publish","has-post-thumbnail","hentry","product_cat-figurki-makiety-i-zestawy","product_cat-hasbro","product_tag-fajne-prezenty-dla-nastolatkow","product_tag-keyword","product_tag-milena","product_tag-prezent-na-roczek-nie-zabawka","product_tag-quizy-online"],"_links":{"self":[{"href":"http:\/\/klubmamgdynia.pl\/index.php\/wp-json\/wp\/v2\/product\/11977","targetHints":{"allow":["GET"]}}],"collection":[{"href":"http:\/\/klubmamgdynia.pl\/index.php\/wp-json\/wp\/v2\/product"}],"about":[{"href":"http:\/\/klubmamgdynia.pl\/index.php\/wp-json\/wp\/v2\/types\/product"}],"replies":[{"embeddable":true,"href":"http:\/\/klubmamgdynia.pl\/index.php\/wp-json\/wp\/v2\/comments?post=11977"}],"wp:featuredmedia":[{"embeddable":true,"href":"http:\/\/klubmamgdynia.pl\/index.php\/wp-json\/wp\/v2\/media\/11978"}],"wp:attachment":[{"href":"http:\/\/klubmamgdynia.pl\/index.php\/wp-json\/wp\/v2\/media?parent=11977"}],"wp:term":[{"taxonomy":"product_cat","embeddable":true,"href":"http:\/\/klubmamgdynia.pl\/index.php\/wp-json\/wp\/v2\/product_cat?post=11977"},{"taxonomy":"product_tag","embeddable":true,"href":"http:\/\/klubmamgdynia.pl\/index.php\/wp-json\/wp\/v2\/product_tag?post=11977"}],"curies":[{"name":"wp","href":"https:\/\/api.w.org\/{rel}","templated":true}]}}