{"id":11981,"date":"2022-04-05T17:16:54","date_gmt":"2022-04-05T15:16:54","guid":{"rendered":"http:\/\/klubmamgdynia.pl\/index.php\/produkt\/leantoys-muzyczny-autobus-z-napedem-frykcyjnym-i-swiatlami-czerwony\/"},"modified":"2026-05-17T22:50:48","modified_gmt":"2026-05-17T20:50:48","slug":"leantoys-muzyczny-autobus-z-napedem-frykcyjnym-i-swiatlami-czerwony","status":"publish","type":"product","link":"http:\/\/klubmamgdynia.pl\/index.php\/produkt\/leantoys-muzyczny-autobus-z-napedem-frykcyjnym-i-swiatlami-czerwony\/","title":{"rendered":"LeanToys Muzyczny Autobus z Nap\u0119dem Frykcyjnym i \u015bwiat\u0142ami Czerwony"},"content":{"rendered":"<p>Muzyczny Autobus z Nap\u0119dem Frykcyjnym CzerwonyMa\u0142e samochodziki to najpopularniejsze zabawki, kt\u00f3re s\u0105 uwielbiane przez ch\u0142opc\u00f3w w ka\u017cdym wieku. A dla fan\u00f3w wielkich i d\u0142ugich aut mamy do zaproponowania autobus. S\u0142u\u017c\u0105 one do przer\u00f3\u017cnych zabaw oraz do kolekcjonowania. Twoje dziecko mo\u017ce od dzi\u015b zosta\u0107 kierowc\u0105 autobusu. Realistyczny model wykonany zosta\u0142 z du\u017c\u0105 precyzj\u0105. Gwarantuje \u015bwietn\u0105 zabaw\u0119, pozwala zapozna\u0107 mu si\u0119 ze \u015bwiatem realnym i rozwin\u0105\u0107 jego wyobra\u017anie.Autobus jest w kolorze czerwonym z naklejkami jak na prawdziwym autobusie. Konstrukcja inspirowana jest klasycznym modelem. Pierwsze z drzwi s\u0105 otwierane z przodu, wn\u0119trze jest jak w prawdziwym autobusie. Dodatkow\u0105 zalet\u0105 naszych autobus\u00f3w pi\u0119trowych jest funkcja wprawienia w ruch. Porusza si\u0119 nap\u0119dem frykcyjnym. Wystarczy poci\u0105gn\u0105\u0107 zabawk\u0119 po pod\u0142o\u017cu w ty\u0142 i autobus zacznie jecha\u0107.Na dachu autobusu znajduj\u0105ce si\u0119 4 przyciski z liczbami. Po naci\u015bni\u0119ciu pojawiaj\u0105 si\u0119 efekty \u015bwietlne i d\u017awi\u0119kowe. Wprawi\u0105 twoje dziecko w lepszy nastr\u00f3j, a i rozwin\u0105 zmys\u0142 s\u0142uchu i wzroku. B\u0119dzie du\u017co ch\u0119tniej bawi\u0142 si\u0119 autobusikiem ! Po naci\u015bni\u0119ciu 1 s\u0142ycha\u0107 d\u017awi\u0119k klaksonu, przy 2,3 i 4 gra przyjazna muzyczka.Muzyczny autobus sprawi, \u017ce jazda autobusem b\u0119dzie przyjemna i weso\u0142a !Wymiary pojazdu:32 cm x 8 cm x 10 cmWymiary opakowania: 36 cm x 12 cm x 19 cmPojazd zasilany jest dwoma bateriami AA 1.5V (brak w zestawie). Autobus przeznaczony jest dla dzieci powy\u017cej 3. roku \u017cycia. Zabawka posiada certyfikat CE i jest zgodna z norm\u0105 EN 71. Zapakowana jest w kartonik, dzi\u0119ki czemu nadaje si\u0119 na prezent dla dziecka.<\/p>\n<h2>LeanToys Muzyczny Autobus z Nap\u0119dem Frykcyjnym i \u015bwiat\u0142ami Czerwony Lean Toys<\/h2>\n<p>maski karnawa\u0142owe do druku, warszawa z dzieckiem, dzieci z bullerbyn quiz, quizy dla dzieci 10 lat<\/p>\n<p>yyyyy<\/p>\n<p>&nbsp;<\/p>\n","protected":false},"excerpt":{"rendered":"<p>Muzyczny Autobus z Nap\u0119dem Frykcyjnym CzerwonyMa\u0142e samochodziki to najpopularniejsze zabawki, kt\u00f3re s\u0105 uwielbiane przez ch\u0142opc\u00f3w w ka\u017cdym wieku. A dla fan\u00f3w wielkich i d\u0142ugich aut mamy do zaproponowania autobus. S\u0142u\u017c\u0105 one do przer\u00f3\u017cnych zabaw oraz do kolekcjonowania. Twoje dziecko mo\u017ce od dzi\u015b zosta\u0107 kierowc\u0105 autobusu. Realistyczny model wykonany zosta\u0142 z du\u017c\u0105 precyzj\u0105. Gwarantuje \u015bwietn\u0105 zabaw\u0119, [&hellip;]<\/p>\n","protected":false},"featured_media":11982,"comment_status":"closed","ping_status":"open","template":"","meta":[],"product_cat":[83,73],"product_tag":[744,624,816,786,672],"class_list":["post-11981","product","type-product","status-publish","has-post-thumbnail","hentry","product_cat-auta-i-inne-pojazdy-do-zabawy","product_cat-lean-toys","product_tag-kolorowanki-swiateczne-do-wydruku","product_tag-krotkie-zagadki","product_tag-place-zabaw-warszawa","product_tag-prezent-na-1-urodziny","product_tag-trudne-zagadki-z-odpowiedziami"],"_links":{"self":[{"href":"http:\/\/klubmamgdynia.pl\/index.php\/wp-json\/wp\/v2\/product\/11981","targetHints":{"allow":["GET"]}}],"collection":[{"href":"http:\/\/klubmamgdynia.pl\/index.php\/wp-json\/wp\/v2\/product"}],"about":[{"href":"http:\/\/klubmamgdynia.pl\/index.php\/wp-json\/wp\/v2\/types\/product"}],"replies":[{"embeddable":true,"href":"http:\/\/klubmamgdynia.pl\/index.php\/wp-json\/wp\/v2\/comments?post=11981"}],"wp:featuredmedia":[{"embeddable":true,"href":"http:\/\/klubmamgdynia.pl\/index.php\/wp-json\/wp\/v2\/media\/11982"}],"wp:attachment":[{"href":"http:\/\/klubmamgdynia.pl\/index.php\/wp-json\/wp\/v2\/media?parent=11981"}],"wp:term":[{"taxonomy":"product_cat","embeddable":true,"href":"http:\/\/klubmamgdynia.pl\/index.php\/wp-json\/wp\/v2\/product_cat?post=11981"},{"taxonomy":"product_tag","embeddable":true,"href":"http:\/\/klubmamgdynia.pl\/index.php\/wp-json\/wp\/v2\/product_tag?post=11981"}],"curies":[{"name":"wp","href":"https:\/\/api.w.org\/{rel}","templated":true}]}}