{"id":11983,"date":"2025-08-27T21:45:54","date_gmt":"2025-08-27T19:45:54","guid":{"rendered":"http:\/\/klubmamgdynia.pl\/?post_type=product&#038;p=11983"},"modified":"2026-04-05T21:41:31","modified_gmt":"2026-04-05T19:41:31","slug":"playgo-worek-na-zabawki-brazowe-paski","status":"publish","type":"product","link":"http:\/\/klubmamgdynia.pl\/index.php\/produkt\/playgo-worek-na-zabawki-brazowe-paski\/","title":{"rendered":"Play&amp;Go Worek Na Zabawki Br\u0105zowe Paski"},"content":{"rendered":"<p>Worek na zabawki i miejsce do zabawy w jednym od marki Play&amp; Go!Koncepcja markiWorki na zabawki i miejsce do zabawy w jednym pomog\u0105 utrzyma\u0107 porz\u0105dek w ka\u017cdym dzieci\u0119cym pokoju. Stanowi\u0105 oryginalne miejsce do przechowywania i zarazem do zabawy! S\u0105 funkcjonalne, a przy okazji tak proste w obs\u0142udze, \u017ce dzieci je uwielbiaj\u0105! Jak je rozpozna\u0107? &#8211; s\u0105 kolorowe i maj\u0105 przepi\u0119kne, oryginalne, designerskie wzory.ProduktW takim worku \u0142atwo schowa\u0107 klocki, samochodziki, pluszaki czy inne zabawki. Mo\u017cna go \u0142atwo z\u0142o\u017cy\u0107, roz\u0142o\u017cy\u0107 i przenie\u015b\u0107 w inne miejsce. Po roz\u0142o\u017ceniu worek w jednej chwili zmienia si\u0119 w miejsce do zabawy dla dzieci. Worek marki Play&amp;Go mo\u017cna zabra\u0107 ze sob\u0105 na wakacje, do znajomych, na wizyt\u0119 do dziadk\u00f3w czy do parku. Ka\u017cde dziecko mo\u017ce znale\u017a\u0107 w\u0142asne, oryginalne zastosowanie dla takiego worka w swoim pokoju. Mo\u017cna go powiesi\u0107, schowa\u0107 pod \u0142\u00f3\u017ckiem czy po prostu po\u0142o\u017cy\u0107 na pod\u0142odze. Worek Play&amp;Go s\u0142u\u017cy r\u00f3wnie\u017c dzieciom do nauki samodzielnego sprz\u0105tania pokoju &#8211; wystarczy wrzuci\u0107 do niego zabawki i gotowe!Nowoczesny designWorki s\u0105 wykonane z wytrzyma\u0142ego p\u0142\u00f3tna i maj\u0105 przepi\u0119kne wzory &#8211; w asortymencie marki Play&amp;Go opr\u00f3cz work\u00f3w jednokolorowych znajdziemy worki we wz\u00f3r pandy, w\u0105s\u00f3w, romb\u00f3w, lotki od badmingtona, kotwicy czy superbohater\u00f3w. Worki zachwycaj\u0105 nowoczesnym designem.O marce Play&amp;GoPlay&amp;Go to belgijska marka, kt\u00f3ra oferuje kolorowe, inspiruj\u0105ce produkty dla dzieci i do domu. Marka rozumie, jak wa\u017cna jest rola zabawy i rozwijania kreatywno\u015bci u dzieci. Projektuje i tworzy designerskie produkty wysokiej jako\u015bci, kt\u00f3re sprawiaj\u0105 dzieciom rado\u015b\u0107 i wywo\u0142uj\u0105 na ich twarzach u\u015bmiech.Wybierz sw\u00f3j ulubiony wz\u00f3r i baw si\u0119 razem z mark\u0105 Play&amp;Go!Wymiary: \u015brednica 140 cmMateria\u0142: 70% bawe\u0142na, 30% poliesterWiek: od 3 lat<\/p>\n<h2>Play&amp;Go Worek Na Zabawki Br\u0105zowe Paski Playgo<\/h2>\n<p>jak narysowa\u0107 konia, lodowiska w warszawie, mini zoo mazowieckie, cytat matka, g\u0142upie zagadki, glupie zagadki, wierszyki na smigus dyngus, janusz korczak cytaty, alfons, prezent na roczek nie zabawka, walentynka dla syna, test z lektury kajko i kokosz, kucyki pony kolorowanka, prezent dla 16 latka, zagadki dla doros\u0142ych, kajko i kokosz szko\u0142a latania test z odpowiedziami, zagadki dla dzieci o zwierz\u0119tach, kolorowanki lol do druku, malowanie past\u0105 do z\u0119b\u00f3w, wroc\u0142aw atrakcje dla dzieci, jak rozmawia\u0107 z dzie\u0107mi o wojnie<\/p>\n<p>yyyyy<\/p>\n<p>&nbsp;<\/p>\n","protected":false},"excerpt":{"rendered":"<p>Worek na zabawki i miejsce do zabawy w jednym od marki Play&amp; Go!Koncepcja markiWorki na zabawki i miejsce do zabawy w jednym pomog\u0105 utrzyma\u0107 porz\u0105dek w ka\u017cdym dzieci\u0119cym pokoju. Stanowi\u0105 oryginalne miejsce do przechowywania i zarazem do zabawy! S\u0105 funkcjonalne, a przy okazji tak proste w obs\u0142udze, \u017ce dzieci je uwielbiaj\u0105! Jak je rozpozna\u0107? &#8211; [&hellip;]<\/p>\n","protected":false},"featured_media":11984,"comment_status":"closed","ping_status":"open","template":"","meta":[],"product_cat":[1008,990],"product_tag":[590,705,771],"class_list":["post-11983","product","type-product","status-publish","has-post-thumbnail","hentry","product_cat-playgo","product_cat-skrzynie-i-pojemniki-na-zabawki","product_tag-plac-zabaw-warszawa","product_tag-prezent-na-roczek-dla-chlopca","product_tag-stolice-europy-quiz"],"_links":{"self":[{"href":"http:\/\/klubmamgdynia.pl\/index.php\/wp-json\/wp\/v2\/product\/11983","targetHints":{"allow":["GET"]}}],"collection":[{"href":"http:\/\/klubmamgdynia.pl\/index.php\/wp-json\/wp\/v2\/product"}],"about":[{"href":"http:\/\/klubmamgdynia.pl\/index.php\/wp-json\/wp\/v2\/types\/product"}],"replies":[{"embeddable":true,"href":"http:\/\/klubmamgdynia.pl\/index.php\/wp-json\/wp\/v2\/comments?post=11983"}],"wp:featuredmedia":[{"embeddable":true,"href":"http:\/\/klubmamgdynia.pl\/index.php\/wp-json\/wp\/v2\/media\/11984"}],"wp:attachment":[{"href":"http:\/\/klubmamgdynia.pl\/index.php\/wp-json\/wp\/v2\/media?parent=11983"}],"wp:term":[{"taxonomy":"product_cat","embeddable":true,"href":"http:\/\/klubmamgdynia.pl\/index.php\/wp-json\/wp\/v2\/product_cat?post=11983"},{"taxonomy":"product_tag","embeddable":true,"href":"http:\/\/klubmamgdynia.pl\/index.php\/wp-json\/wp\/v2\/product_tag?post=11983"}],"curies":[{"name":"wp","href":"https:\/\/api.w.org\/{rel}","templated":true}]}}