{"id":11985,"date":"2012-11-05T07:31:10","date_gmt":"2012-11-05T06:31:10","guid":{"rendered":"http:\/\/klubmamgdynia.pl\/index.php\/produkt\/steiff-overall-fleece-seashell-pink-dziewczynka-r-74\/"},"modified":"2026-04-06T16:59:38","modified_gmt":"2026-04-06T14:59:38","slug":"steiff-overall-fleece-seashell-pink-dziewczynka-r-74","status":"publish","type":"product","link":"http:\/\/klubmamgdynia.pl\/index.php\/produkt\/steiff-overall-fleece-seashell-pink-dziewczynka-r-74\/","title":{"rendered":"Steiff Overall Fleece Seashell Pink &#8211; Dziewczynka &#8211; r. 74"},"content":{"rendered":"<p>Szczeg\u00f3\u0142y produktu: Kombinezon z polaru z kapturem Pasiasta Wywijane mankiety przy r\u0119kawach 2 rz\u0119dy zatrzask\u00f3w Na tylnej kieszeni wyhaftowany mi\u015b Materia\u0142 i piel\u0119gnacja: Materia\u0142: 100% poliester Mo\u017cna pra\u0107 w temperaturze do 40 \u00b0C Suszy\u0107 w suszarce b\u0119bnowej Nie wybiela\u0107 \u017belazo umiarkowanie gor\u0105ce<\/p>\n<h2>Steiff Overall Fleece Seashell Pink &#8211; Dziewczynka &#8211; r. 74 Steiff<\/h2>\n<p>gwiazda do wydruku, zagadki dla dzieci 9-10 lat z odpowiedziami, najpi\u0119kniejsze piosenki \u015bwi\u0105teczne dla dzieci, minecraft kolorowanki, zagadki z odpowiedziami, misie z bajek, zagadki matematyczne na logik\u0119, wyci\u0119cia szablon korony do druku, kolorowanki bajki, dzieci z bullerbyn quiz, prezent dla nastolatki, dziecko cytaty z\u0142ote my\u015bli, pan twardowski na ksi\u0119\u017cycu wiersz<\/p>\n<p>yyyyy<\/p>\n<p>&nbsp;<\/p>\n","protected":false},"excerpt":{"rendered":"<p>Szczeg\u00f3\u0142y produktu: Kombinezon z polaru z kapturem Pasiasta Wywijane mankiety przy r\u0119kawach 2 rz\u0119dy zatrzask\u00f3w Na tylnej kieszeni wyhaftowany mi\u015b Materia\u0142 i piel\u0119gnacja: Materia\u0142: 100% poliester Mo\u017cna pra\u0107 w temperaturze do 40 \u00b0C Suszy\u0107 w suszarce b\u0119bnowej Nie wybiela\u0107 \u017belazo umiarkowanie gor\u0105ce Steiff Overall Fleece Seashell Pink &#8211; Dziewczynka &#8211; r. 74 Steiff gwiazda do [&hellip;]<\/p>\n","protected":false},"featured_media":11986,"comment_status":"closed","ping_status":"open","template":"","meta":[],"product_cat":[2086,1599],"product_tag":[834,863,790,806,579,778],"class_list":["post-11985","product","type-product","status-publish","has-post-thumbnail","hentry","product_cat-kombinezony-dzieciece","product_cat-steiff","product_tag-bajka-do-czytania-na-dobranoc","product_tag-bajki-dla-dziewczynek","product_tag-gry-planszowe-dla-nastolatkow","product_tag-prezent-dla-dziecka-na-roczek","product_tag-quiz-opowiesci-z-narnii-lew-czarownica-i-stara-szafa","product_tag-zabawki-na-roczek-dla-chlopca"],"_links":{"self":[{"href":"http:\/\/klubmamgdynia.pl\/index.php\/wp-json\/wp\/v2\/product\/11985","targetHints":{"allow":["GET"]}}],"collection":[{"href":"http:\/\/klubmamgdynia.pl\/index.php\/wp-json\/wp\/v2\/product"}],"about":[{"href":"http:\/\/klubmamgdynia.pl\/index.php\/wp-json\/wp\/v2\/types\/product"}],"replies":[{"embeddable":true,"href":"http:\/\/klubmamgdynia.pl\/index.php\/wp-json\/wp\/v2\/comments?post=11985"}],"wp:featuredmedia":[{"embeddable":true,"href":"http:\/\/klubmamgdynia.pl\/index.php\/wp-json\/wp\/v2\/media\/11986"}],"wp:attachment":[{"href":"http:\/\/klubmamgdynia.pl\/index.php\/wp-json\/wp\/v2\/media?parent=11985"}],"wp:term":[{"taxonomy":"product_cat","embeddable":true,"href":"http:\/\/klubmamgdynia.pl\/index.php\/wp-json\/wp\/v2\/product_cat?post=11985"},{"taxonomy":"product_tag","embeddable":true,"href":"http:\/\/klubmamgdynia.pl\/index.php\/wp-json\/wp\/v2\/product_tag?post=11985"}],"curies":[{"name":"wp","href":"https:\/\/api.w.org\/{rel}","templated":true}]}}