{"id":11987,"date":"2024-05-24T03:06:08","date_gmt":"2024-05-24T01:06:08","guid":{"rendered":"http:\/\/klubmamgdynia.pl\/?post_type=product&#038;p=11987"},"modified":"2026-04-23T22:11:53","modified_gmt":"2026-04-23T20:11:53","slug":"little-dutch-pociag-rozowy-ld4416","status":"publish","type":"product","link":"http:\/\/klubmamgdynia.pl\/index.php\/produkt\/little-dutch-pociag-rozowy-ld4416\/","title":{"rendered":"Little Dutch Poci\u0105g R\u00f3\u017cowy (LD4416)"},"content":{"rendered":"<p>Drewniane zabawki wp\u0142ywaj\u0105 pozytywnie na wszechstronny rozw\u00f3j dziecka.Rozwijaj\u0105 kreatywne my\u015blenie.Zestaw \u0107wiczy ma\u0142e r\u0105czki i pomaga w rozwoju zdolno\u015bci manualnych.Kontakt z drewnianymi zabawkami daje du\u017co rado\u015bci i rozwija poczucie estetyki u dziecka.WYMIARY OPAKOWANIA: 40 x 13,5 x 8,5 cmD\u0141UGO\u015a\u0106 POCI\u0104GU: ok. 40 cmWIEK: od 12 miesi\u0119cyZabawka jest nowa, zapakowana w kartonik.<\/p>\n<h2>Little Dutch Poci\u0105g R\u00f3\u017cowy (LD4416) Little Dutch<\/h2>\n<p>jagna, co kupic 7 latkowi pod choinke, szablony papierowe lalki do ubierania do wydruku, zaproszenia na urodziny do wydruku, bajka o dinozaurach do czytania, tajemniczy ogr\u00f3d test z odpowiedziami, bajki dla dzieci do czytania na dobranoc, przechowywanie zabawek, zagadki matematyczne dla dzieci, prezent dla nastolatk\u00f3w na \u015bwi\u0119ta, kolorowanka my little pony, co kupic dziewczynce na roczek, bajki dla dziewczynek, Keyword, gry edukacyjne dla dzieci online za darmo, prezent dla nastolatki<\/p>\n<p>yyyyy<\/p>\n<p>&nbsp;<\/p>\n","protected":false},"excerpt":{"rendered":"<p>Drewniane zabawki wp\u0142ywaj\u0105 pozytywnie na wszechstronny rozw\u00f3j dziecka.Rozwijaj\u0105 kreatywne my\u015blenie.Zestaw \u0107wiczy ma\u0142e r\u0105czki i pomaga w rozwoju zdolno\u015bci manualnych.Kontakt z drewnianymi zabawkami daje du\u017co rado\u015bci i rozwija poczucie estetyki u dziecka.WYMIARY OPAKOWANIA: 40 x 13,5 x 8,5 cmD\u0141UGO\u015a\u0106 POCI\u0104GU: ok. 40 cmWIEK: od 12 miesi\u0119cyZabawka jest nowa, zapakowana w kartonik. Little Dutch Poci\u0105g R\u00f3\u017cowy (LD4416) [&hellip;]<\/p>\n","protected":false},"featured_media":11988,"comment_status":"closed","ping_status":"open","template":"","meta":[],"product_cat":[56,167],"product_tag":[845,777,853,590,643,698],"class_list":["post-11987","product","type-product","status-publish","has-post-thumbnail","hentry","product_cat-kolejki","product_cat-little-dutch","product_tag-ach-spij-kochanie-tekst","product_tag-co-na-roczek","product_tag-kolorowanki-do-druku-dla-doroslych","product_tag-plac-zabaw-warszawa","product_tag-prezent-dla-17-latki","product_tag-zagadki-dla-przedszkolakow"],"_links":{"self":[{"href":"http:\/\/klubmamgdynia.pl\/index.php\/wp-json\/wp\/v2\/product\/11987","targetHints":{"allow":["GET"]}}],"collection":[{"href":"http:\/\/klubmamgdynia.pl\/index.php\/wp-json\/wp\/v2\/product"}],"about":[{"href":"http:\/\/klubmamgdynia.pl\/index.php\/wp-json\/wp\/v2\/types\/product"}],"replies":[{"embeddable":true,"href":"http:\/\/klubmamgdynia.pl\/index.php\/wp-json\/wp\/v2\/comments?post=11987"}],"wp:featuredmedia":[{"embeddable":true,"href":"http:\/\/klubmamgdynia.pl\/index.php\/wp-json\/wp\/v2\/media\/11988"}],"wp:attachment":[{"href":"http:\/\/klubmamgdynia.pl\/index.php\/wp-json\/wp\/v2\/media?parent=11987"}],"wp:term":[{"taxonomy":"product_cat","embeddable":true,"href":"http:\/\/klubmamgdynia.pl\/index.php\/wp-json\/wp\/v2\/product_cat?post=11987"},{"taxonomy":"product_tag","embeddable":true,"href":"http:\/\/klubmamgdynia.pl\/index.php\/wp-json\/wp\/v2\/product_tag?post=11987"}],"curies":[{"name":"wp","href":"https:\/\/api.w.org\/{rel}","templated":true}]}}