{"id":11989,"date":"2016-12-18T07:10:35","date_gmt":"2016-12-18T06:10:35","guid":{"rendered":"http:\/\/klubmamgdynia.pl\/index.php\/produkt\/steiff-spodnie-dresowe-w-kolorze-jasnorozowym\/"},"modified":"2026-04-30T19:28:31","modified_gmt":"2026-04-30T17:28:31","slug":"steiff-spodnie-dresowe-w-kolorze-jasnorozowym","status":"publish","type":"product","link":"http:\/\/klubmamgdynia.pl\/index.php\/produkt\/steiff-spodnie-dresowe-w-kolorze-jasnorozowym\/","title":{"rendered":"Steiff Spodnie dresowe w kolorze jasnor\u00f3\u017cowym"},"content":{"rendered":"<p>Limango.pl to internetowy klub zakupowy dla kobiet i m\u0142odych rodzin, w kt\u00f3rym mog\u0105 kupowa\u0107 wy\u0142\u0105cznie cz\u0142onkowie. W naszej ofercie znajdziecie produkty renomowanych marek &#8211; czasami nawet do 80% taniej.Organizujemy trwaj\u0105ce 3 do 7 dni kampanie sprzeda\u017cowe dla naszych cz\u0142onk\u00f3w w \u015bcis\u0142ej wsp\u00f3\u0142pracy ze znanymi markami z ca\u0142ej Europy.W limango, ze wzgl\u0119du na ograniczenie ilo\u015bciowe produkt\u00f3w obowi\u0105zuje zasada: &#8222;kto pierwszy, ten lepszy!&#8221;. Aby nie przeoczy\u0107 po\u017c\u0105danych produkt\u00f3w, odwiedzaj nas codziennie. Informacje o kampaniach otrzymujesz od nas rano przed ich rozpocz\u0119ciem poprzez rozsy\u0142any newsletter.W limango znajdziecie nie tylko produkty \u015bwiatowych marek, promujemy r\u00f3wnie\u017c uznanych i niszowych polskich producent\u00f3w oraz designer\u00f3w, kt\u00f3rzy tworz\u0105 \u015bwietne i wysokiej jako\u015bci produkty z takich obszar\u00f3w jak: moda, dodatki, odzie\u017c dzieci\u0119ca, obuwie, zdrowie &amp; uroda, sport, trendy &amp; gad\u017cety oraz styl \u017cycia.Wsp\u00f3\u0142pracuj\u0105c bezpo\u015brednio z producentami znanych marek, mo\u017cemy oferowa\u0107 Wam tak korzystne ceny.Opis produktu:- pas \/ \u015bci\u0105gacz: elastyczny- zako\u0144czenia nogawek: \u015bci\u0105gacz- detale: aplikacje- kr\u00f3j: lu\u017any- look: jednokolorowy<\/p>\n<h2>Steiff Spodnie dresowe w kolorze jasnor\u00f3\u017cowym Steiff<\/h2>\n<p>wzory dyplom\u00f3w dyplomy do druku, szablon zaproszenia na urodziny do wydruku czarno bia\u0142e, cytaty o dzieciach i rodzinie, kolorowanka do druku lol, co dla rocznego dziecka<\/p>\n<p>yyyyy<\/p>\n<p>&nbsp;<\/p>\n","protected":false},"excerpt":{"rendered":"<p>Limango.pl to internetowy klub zakupowy dla kobiet i m\u0142odych rodzin, w kt\u00f3rym mog\u0105 kupowa\u0107 wy\u0142\u0105cznie cz\u0142onkowie. W naszej ofercie znajdziecie produkty renomowanych marek &#8211; czasami nawet do 80% taniej.Organizujemy trwaj\u0105ce 3 do 7 dni kampanie sprzeda\u017cowe dla naszych cz\u0142onk\u00f3w w \u015bcis\u0142ej wsp\u00f3\u0142pracy ze znanymi markami z ca\u0142ej Europy.W limango, ze wzgl\u0119du na ograniczenie ilo\u015bciowe produkt\u00f3w [&hellip;]<\/p>\n","protected":false},"featured_media":11990,"comment_status":"closed","ping_status":"open","template":"","meta":[],"product_cat":[1458,1599],"product_tag":[813,731,677,771,647],"class_list":["post-11989","product","type-product","status-publish","has-post-thumbnail","hentry","product_cat-spodnie-dzieciece","product_cat-steiff","product_tag-krotkie-zagadki-matematyczne-z-odpowiedziami","product_tag-maly-ksiaze-cytaty","product_tag-milosz-imie","product_tag-stolice-europy-quiz","product_tag-warszawa-z-dzieckiem"],"_links":{"self":[{"href":"http:\/\/klubmamgdynia.pl\/index.php\/wp-json\/wp\/v2\/product\/11989","targetHints":{"allow":["GET"]}}],"collection":[{"href":"http:\/\/klubmamgdynia.pl\/index.php\/wp-json\/wp\/v2\/product"}],"about":[{"href":"http:\/\/klubmamgdynia.pl\/index.php\/wp-json\/wp\/v2\/types\/product"}],"replies":[{"embeddable":true,"href":"http:\/\/klubmamgdynia.pl\/index.php\/wp-json\/wp\/v2\/comments?post=11989"}],"wp:featuredmedia":[{"embeddable":true,"href":"http:\/\/klubmamgdynia.pl\/index.php\/wp-json\/wp\/v2\/media\/11990"}],"wp:attachment":[{"href":"http:\/\/klubmamgdynia.pl\/index.php\/wp-json\/wp\/v2\/media?parent=11989"}],"wp:term":[{"taxonomy":"product_cat","embeddable":true,"href":"http:\/\/klubmamgdynia.pl\/index.php\/wp-json\/wp\/v2\/product_cat?post=11989"},{"taxonomy":"product_tag","embeddable":true,"href":"http:\/\/klubmamgdynia.pl\/index.php\/wp-json\/wp\/v2\/product_tag?post=11989"}],"curies":[{"name":"wp","href":"https:\/\/api.w.org\/{rel}","templated":true}]}}