{"id":11993,"date":"2024-09-14T08:00:24","date_gmt":"2024-09-14T06:00:24","guid":{"rendered":"http:\/\/klubmamgdynia.pl\/?post_type=product&#038;p=11993"},"modified":"2026-04-27T06:16:01","modified_gmt":"2026-04-27T04:16:01","slug":"smoby-big-bobby-klasyczny-jezdzik-dla-malucha-1303","status":"publish","type":"product","link":"http:\/\/klubmamgdynia.pl\/index.php\/produkt\/smoby-big-bobby-klasyczny-jezdzik-dla-malucha-1303\/","title":{"rendered":"Smoby Big-Bobby Klasyczny Jezdzik Dla Malucha 1303"},"content":{"rendered":"<p>JE\u0179DZIK BOBBY CAR CLASSICNajbardziej klasyczny model je\u017adzika firmy BIG &#8211; czerwony Bobby Car ClassicPojazd jest stabilny i bardzo bezpieczny. Specjalny profil siedziska pozwala na zabaw\u0119 w dw\u00f3ch pozycjach siedz\u0105c lub kl\u0119cz\u0105c na je\u017adziku. Dziecko odpychaj\u0105c si\u0119 nogami z pewno\u015bci\u0105 b\u0119dzie si\u0119 prawid\u0142owo rozwija\u0142o i \u015bwietnie bawi\u0142o.<\/p>\n<h2>Smoby Big-Bobby Klasyczny Jezdzik Dla Malucha 1303 Big<\/h2>\n<p>prezent dla 14 latki, peppa kolorowanka do druku, ma\u0142y ksi\u0105\u017c\u0119 cytaty, dobranoc zimowe, test z lektury ania z zielonego wzg\u00f3rza klasa 6 z odpowiedziami, pola imie, trudne zagadki, zagadki z odpowiedziami dla dzieci, prezent dla 13 latki na \u015bwi\u0119ta, psi patrol kolorowanka do druku, wiosna zagadki s\u0142owne, plac zamkowy, prezent dla ch\u0142opca na roczek, halloween dla dzieci 2021, zagadki matematyczne logiczne, kontynenty dla dzieci do druku, janusz, bajki dla dzieci na dobranoc, bajka psi patrol do czytania<\/p>\n<p>yyyyy<\/p>\n<p>&nbsp;<\/p>\n","protected":false},"excerpt":{"rendered":"<p>JE\u0179DZIK BOBBY CAR CLASSICNajbardziej klasyczny model je\u017adzika firmy BIG &#8211; czerwony Bobby Car ClassicPojazd jest stabilny i bardzo bezpieczny. Specjalny profil siedziska pozwala na zabaw\u0119 w dw\u00f3ch pozycjach siedz\u0105c lub kl\u0119cz\u0105c na je\u017adziku. Dziecko odpychaj\u0105c si\u0119 nogami z pewno\u015bci\u0105 b\u0119dzie si\u0119 prawid\u0142owo rozwija\u0142o i \u015bwietnie bawi\u0142o. Smoby Big-Bobby Klasyczny Jezdzik Dla Malucha 1303 Big prezent [&hellip;]<\/p>\n","protected":false},"featured_media":11994,"comment_status":"closed","ping_status":"open","template":"","meta":[],"product_cat":[400,74],"product_tag":[844,720,717,798],"class_list":["post-11993","product","type-product","status-publish","has-post-thumbnail","hentry","product_cat-big","product_cat-jezdziki","product_tag-co-kupic-na-roczek","product_tag-malowanki","product_tag-prezent-roczek","product_tag-prezenty-dla-nastolatki"],"_links":{"self":[{"href":"http:\/\/klubmamgdynia.pl\/index.php\/wp-json\/wp\/v2\/product\/11993","targetHints":{"allow":["GET"]}}],"collection":[{"href":"http:\/\/klubmamgdynia.pl\/index.php\/wp-json\/wp\/v2\/product"}],"about":[{"href":"http:\/\/klubmamgdynia.pl\/index.php\/wp-json\/wp\/v2\/types\/product"}],"replies":[{"embeddable":true,"href":"http:\/\/klubmamgdynia.pl\/index.php\/wp-json\/wp\/v2\/comments?post=11993"}],"wp:featuredmedia":[{"embeddable":true,"href":"http:\/\/klubmamgdynia.pl\/index.php\/wp-json\/wp\/v2\/media\/11994"}],"wp:attachment":[{"href":"http:\/\/klubmamgdynia.pl\/index.php\/wp-json\/wp\/v2\/media?parent=11993"}],"wp:term":[{"taxonomy":"product_cat","embeddable":true,"href":"http:\/\/klubmamgdynia.pl\/index.php\/wp-json\/wp\/v2\/product_cat?post=11993"},{"taxonomy":"product_tag","embeddable":true,"href":"http:\/\/klubmamgdynia.pl\/index.php\/wp-json\/wp\/v2\/product_tag?post=11993"}],"curies":[{"name":"wp","href":"https:\/\/api.w.org\/{rel}","templated":true}]}}