{"id":11997,"date":"2022-09-29T13:05:09","date_gmt":"2022-09-29T11:05:09","guid":{"rendered":"http:\/\/klubmamgdynia.pl\/index.php\/produkt\/lego-marvel-76141-mech-thanosa\/"},"modified":"2026-04-22T23:31:30","modified_gmt":"2026-04-22T21:31:30","slug":"lego-marvel-76141-mech-thanosa","status":"publish","type":"product","link":"http:\/\/klubmamgdynia.pl\/index.php\/produkt\/lego-marvel-76141-mech-thanosa\/","title":{"rendered":"LEGO Marvel 76141 Mech Thanosa"},"content":{"rendered":"<h2>LEGO Marvel 76141 Mech Thanosa LEGO<\/h2>\n<p>mapa europy do druku, prezenty dla m\u0142odzie\u017cy, wyci\u0119cia szablon korony do druku, leonardo imi\u0119, testy z lektury miko\u0142ajek, kolorowanka lol surprise, peppa kolorowanka, wzruszaj\u0105ce s\u0142owa dla przyjaciela, lato, carmen imie, natalia<\/p>\n<p>yyyyy<\/p>\n<p>&nbsp;<\/p>\n","protected":false},"excerpt":{"rendered":"<p>LEGO Marvel 76141 Mech Thanosa LEGO mapa europy do druku, prezenty dla m\u0142odzie\u017cy, wyci\u0119cia szablon korony do druku, leonardo imi\u0119, testy z lektury miko\u0142ajek, kolorowanka lol surprise, peppa kolorowanka, wzruszaj\u0105ce s\u0142owa dla przyjaciela, lato, carmen imie, natalia yyyyy &nbsp;<\/p>\n","protected":false},"featured_media":11998,"comment_status":"closed","ping_status":"open","template":"","meta":[],"product_cat":[113,540],"product_tag":[845,832,720,599,631],"class_list":["post-11997","product","type-product","status-publish","has-post-thumbnail","hentry","product_cat-klocki","product_cat-lego","product_tag-ach-spij-kochanie-tekst","product_tag-desery-dla-dzieci","product_tag-malowanki","product_tag-prezent-dla-nastolatkow-2021","product_tag-prezent-na-roczek"],"_links":{"self":[{"href":"http:\/\/klubmamgdynia.pl\/index.php\/wp-json\/wp\/v2\/product\/11997","targetHints":{"allow":["GET"]}}],"collection":[{"href":"http:\/\/klubmamgdynia.pl\/index.php\/wp-json\/wp\/v2\/product"}],"about":[{"href":"http:\/\/klubmamgdynia.pl\/index.php\/wp-json\/wp\/v2\/types\/product"}],"replies":[{"embeddable":true,"href":"http:\/\/klubmamgdynia.pl\/index.php\/wp-json\/wp\/v2\/comments?post=11997"}],"wp:featuredmedia":[{"embeddable":true,"href":"http:\/\/klubmamgdynia.pl\/index.php\/wp-json\/wp\/v2\/media\/11998"}],"wp:attachment":[{"href":"http:\/\/klubmamgdynia.pl\/index.php\/wp-json\/wp\/v2\/media?parent=11997"}],"wp:term":[{"taxonomy":"product_cat","embeddable":true,"href":"http:\/\/klubmamgdynia.pl\/index.php\/wp-json\/wp\/v2\/product_cat?post=11997"},{"taxonomy":"product_tag","embeddable":true,"href":"http:\/\/klubmamgdynia.pl\/index.php\/wp-json\/wp\/v2\/product_tag?post=11997"}],"curies":[{"name":"wp","href":"https:\/\/api.w.org\/{rel}","templated":true}]}}