{"id":11999,"date":"2020-06-22T09:22:34","date_gmt":"2020-06-22T07:22:34","guid":{"rendered":"http:\/\/klubmamgdynia.pl\/index.php\/produkt\/tm-toys-swinka-peppa-maskotka-peppa\/"},"modified":"2026-04-05T00:09:49","modified_gmt":"2026-04-04T22:09:49","slug":"tm-toys-swinka-peppa-maskotka-peppa","status":"publish","type":"product","link":"http:\/\/klubmamgdynia.pl\/index.php\/produkt\/tm-toys-swinka-peppa-maskotka-peppa\/","title":{"rendered":"TM Toys \u015awinka Peppa maskotka Peppa"},"content":{"rendered":"<p>Pluszowa Peppa 61 cm!Licencyjne zabawki pluszowe od wielu lat ciesz\u0105 si\u0119 nieustaj\u0105cym zainteresowaniem i zaufaniem Klient\u00f3w. Wiernie odwzorowane postaci bohater\u00f3w najpopularniejszych bajek dost\u0119pne s\u0105 w ofercie przez ca\u0142y rok, w wielu odmianach i rozmiarach. Ka\u017cdy znajdzie co\u015b dla siebie.Wszystkie zabawki z tej grupy wykonane s\u0105 z mi\u0119kkiego materia\u0142u, wewn\u0105trz znajduje si\u0119 delikatny i lekki wype\u0142niacz.Dzi\u0119ki temu pluszaki s\u0105 mi\u0142e i przyjemne w dotyku, a dzieci uwielbiaj\u0105 si\u0119 do nich przytula\u0107. Pluszowi bohaterowie mog\u0105 towarzyszy\u0107 dzieciom ju\u017c od pierwszych miesi\u0119cy \u017cycia. To doskona\u0142y spos\u00f3b na prezent na ka\u017cd\u0105 okazj\u0119.Dzi\u0119ki tej zabawce Twoje dziecko:Zazna ciep\u0142a i bezpiecze\u0144stwaB\u0119dzie rozwija\u0142o si\u0119 szybciejB\u0119dzie aktywne umys\u0142owo i emocjonalnie\u017bywe, radosne i ciep\u0142e kolory, kt\u00f3re zwr\u00f3c\u0105 uwag\u0119 ka\u017cdego dziecka\u015awietna jako pierwsza zabawka, z kt\u00f3r\u0105 maluch zwi\u0105\u017ce si\u0119 na d\u0142ugoNa w\u0142asne oczy zobaczysz, \u017ce nasza zabawka:Jest bezpieczna dla dzieci Jest wykonana z mi\u0142ego w dotyku materia\u0142uJest \u0142atwa do utrzymania w czysto\u015bci<\/p>\n<h2>TM Toys \u015awinka Peppa maskotka Peppa TM Toys<\/h2>\n<p>kolorowanka spiderman, prezent dla pi\u0119tnastolatka, test asiunia, przyja\u017a\u0144, pierwszy obudzi\u0142 si\u0119 pierwiosnek tekst, myszka miki kolorowanka, ubieranki do druku, szlaczki do druku, zagadki matematyczne dla dzieci, maski na twarz dla dzieci do wydruku, test z lektury narnia lew czarownica i stara szafa, wiosna zagadki s\u0142owne, koty kolorowanki, trudne zagadki matematyczne, \u015bmieszne zagadki dla dzieci, oryginalny prezent na roczek dla ch\u0142opca, zagadki o zwierz\u0119tach le\u015bnych dla dzieci, atrakcje dla dzieci pozna\u0144 2021<\/p>\n<p>yyyyy<\/p>\n<p>&nbsp;<\/p>\n","protected":false},"excerpt":{"rendered":"<p>Pluszowa Peppa 61 cm!Licencyjne zabawki pluszowe od wielu lat ciesz\u0105 si\u0119 nieustaj\u0105cym zainteresowaniem i zaufaniem Klient\u00f3w. Wiernie odwzorowane postaci bohater\u00f3w najpopularniejszych bajek dost\u0119pne s\u0105 w ofercie przez ca\u0142y rok, w wielu odmianach i rozmiarach. Ka\u017cdy znajdzie co\u015b dla siebie.Wszystkie zabawki z tej grupy wykonane s\u0105 z mi\u0119kkiego materia\u0142u, wewn\u0105trz znajduje si\u0119 delikatny i lekki wype\u0142niacz.Dzi\u0119ki [&hellip;]<\/p>\n","protected":false},"featured_media":12000,"comment_status":"closed","ping_status":"open","template":"","meta":[],"product_cat":[42,145],"product_tag":[717,739,694],"class_list":["post-11999","product","type-product","status-publish","has-post-thumbnail","hentry","product_cat-maskotki","product_cat-tm-toys","product_tag-prezent-roczek","product_tag-prima-aprilis-w-szkole","product_tag-zagadki-swiateczne-dla-dzieci"],"_links":{"self":[{"href":"http:\/\/klubmamgdynia.pl\/index.php\/wp-json\/wp\/v2\/product\/11999","targetHints":{"allow":["GET"]}}],"collection":[{"href":"http:\/\/klubmamgdynia.pl\/index.php\/wp-json\/wp\/v2\/product"}],"about":[{"href":"http:\/\/klubmamgdynia.pl\/index.php\/wp-json\/wp\/v2\/types\/product"}],"replies":[{"embeddable":true,"href":"http:\/\/klubmamgdynia.pl\/index.php\/wp-json\/wp\/v2\/comments?post=11999"}],"wp:featuredmedia":[{"embeddable":true,"href":"http:\/\/klubmamgdynia.pl\/index.php\/wp-json\/wp\/v2\/media\/12000"}],"wp:attachment":[{"href":"http:\/\/klubmamgdynia.pl\/index.php\/wp-json\/wp\/v2\/media?parent=11999"}],"wp:term":[{"taxonomy":"product_cat","embeddable":true,"href":"http:\/\/klubmamgdynia.pl\/index.php\/wp-json\/wp\/v2\/product_cat?post=11999"},{"taxonomy":"product_tag","embeddable":true,"href":"http:\/\/klubmamgdynia.pl\/index.php\/wp-json\/wp\/v2\/product_tag?post=11999"}],"curies":[{"name":"wp","href":"https:\/\/api.w.org\/{rel}","templated":true}]}}