{"id":120,"date":"2019-04-15T07:18:32","date_gmt":"2019-04-15T05:18:32","guid":{"rendered":"http:\/\/klubmamgdynia.pl\/?post_type=product&#038;p=120"},"modified":"2026-04-06T06:11:25","modified_gmt":"2026-04-06T04:11:25","slug":"vidaxl-audi-tt-rs-samochod-dla-dzieci-z-pilotem-bialy","status":"publish","type":"product","link":"http:\/\/klubmamgdynia.pl\/index.php\/produkt\/vidaxl-audi-tt-rs-samochod-dla-dzieci-z-pilotem-bialy\/","title":{"rendered":"Vidaxl Audi Tt Rs Samoch\u00f3d Dla Dzieci Z Pilotem Bia\u0142y"},"content":{"rendered":"<p>Samochodzik Audi TT RS \u0142\u0105czy w sobie super sportowy design i elementy przyjazne dziecku, dodatkowo, \u017cywy, jasny kolor b\u0119dzie przyci\u0105ga\u0142 wzrok ka\u017cdego. Biegi: prz\u00f3d i ty\u0142 sterowane peda\u0142em uczyni\u0105 jazd\u0119 ciekaw\u0105 i bezpieczn\u0105. Wbudowany odtwarzacz muzyki dawa\u0107 b\u0119dzie dodatkow\u0105 przyjemno\u015b\u0107 z jazdy. Rwnie\u017c rodzic mo\u017ce zmienia\u0107 pr\u0119dko\u015b\u0107 i kierunek jazdy za pomoc\u0105 pilota. Niska konstrukcja u\u0142atwia maluchom wej\u015bcie i wyj\u015bcie z pojazdu. Solidne wykonanie przek\u0142ada si\u0119 na estetyczny wygl\u0105d, co dodatkowo wzbogaca zabaw\u0119. Monta\u017c b\u0119dzie niezwykle prosty.<\/p>\n<h2>Vidaxl Audi Tt Rs Samoch\u00f3d Dla Dzieci Z Pilotem Bia\u0142y VidaXL<\/h2>\n<p>kanapki halloween, t\u0119cza kolorowanka, najlepsze \u017carty na prima aprilis, stolice europy quiz, jak narysowa\u0107, minecraft kolorowanki, kolorowanki do druku dla ch\u0142opc\u00f3w, psi patrol do czytania, medrcy swiata, akademia pana kleksa &#8211; test z odpowiedziami do druku, \u017carty na prima aprilis dla rodzic\u00f3w, policja kolorowanka<\/p>\n<p>yyyyy<\/p>\n<p>&nbsp;<\/p>\n","protected":false},"excerpt":{"rendered":"<p>Samochodzik Audi TT RS \u0142\u0105czy w sobie super sportowy design i elementy przyjazne dziecku, dodatkowo, \u017cywy, jasny kolor b\u0119dzie przyci\u0105ga\u0142 wzrok ka\u017cdego. Biegi: prz\u00f3d i ty\u0142 sterowane peda\u0142em uczyni\u0105 jazd\u0119 ciekaw\u0105 i bezpieczn\u0105. Wbudowany odtwarzacz muzyki dawa\u0107 b\u0119dzie dodatkow\u0105 przyjemno\u015b\u0107 z jazdy. Rwnie\u017c rodzic mo\u017ce zmienia\u0107 pr\u0119dko\u015b\u0107 i kierunek jazdy za pomoc\u0105 pilota. Niska konstrukcja [&hellip;]<\/p>\n","protected":false},"featured_media":121,"comment_status":"closed","ping_status":"open","template":"","meta":[],"product_cat":[24,23],"product_tag":[648,619,739,835],"class_list":["post-120","product","type-product","status-publish","has-post-thumbnail","hentry","product_cat-samochody-dla-dzieci","product_cat-vidaxl","product_tag-dobrej-nocy-i-sza","product_tag-iwo-imie","product_tag-prima-aprilis-w-szkole","product_tag-radosc-dziecka-cytaty"],"_links":{"self":[{"href":"http:\/\/klubmamgdynia.pl\/index.php\/wp-json\/wp\/v2\/product\/120","targetHints":{"allow":["GET"]}}],"collection":[{"href":"http:\/\/klubmamgdynia.pl\/index.php\/wp-json\/wp\/v2\/product"}],"about":[{"href":"http:\/\/klubmamgdynia.pl\/index.php\/wp-json\/wp\/v2\/types\/product"}],"replies":[{"embeddable":true,"href":"http:\/\/klubmamgdynia.pl\/index.php\/wp-json\/wp\/v2\/comments?post=120"}],"wp:featuredmedia":[{"embeddable":true,"href":"http:\/\/klubmamgdynia.pl\/index.php\/wp-json\/wp\/v2\/media\/121"}],"wp:attachment":[{"href":"http:\/\/klubmamgdynia.pl\/index.php\/wp-json\/wp\/v2\/media?parent=120"}],"wp:term":[{"taxonomy":"product_cat","embeddable":true,"href":"http:\/\/klubmamgdynia.pl\/index.php\/wp-json\/wp\/v2\/product_cat?post=120"},{"taxonomy":"product_tag","embeddable":true,"href":"http:\/\/klubmamgdynia.pl\/index.php\/wp-json\/wp\/v2\/product_tag?post=120"}],"curies":[{"name":"wp","href":"https:\/\/api.w.org\/{rel}","templated":true}]}}