{"id":1200,"date":"2025-04-01T00:38:05","date_gmt":"2025-03-31T22:38:05","guid":{"rendered":"http:\/\/klubmamgdynia.pl\/?post_type=product&#038;p=1200"},"modified":"2026-04-03T23:51:16","modified_gmt":"2026-04-03T21:51:16","slug":"dantoy-zestaw-kawowy-green-bean","status":"publish","type":"product","link":"http:\/\/klubmamgdynia.pl\/index.php\/produkt\/dantoy-zestaw-kawowy-green-bean\/","title":{"rendered":"Dantoy Zestaw kawowy GREEN BEAN"},"content":{"rendered":"<p>Zestaw kawowy z recyklingu Green Bean 2680 Zestaw kawowy do zabawy wykonany zosta\u0142 w 100% z przetworzonego tworzywa sztucznego. Idealny do zabawy w domu i w ogr\u00f3dku. Z uwagi na proces recyklingu kolory ka\u017cdego z produktu mog\u0105 si\u0119 r\u00f3\u017cni\u0107. Zestaw zapakowany jest w elastyczn\u0105 siateczk\u0119 i sk\u0142ada si\u0119 z zastawy kawowej na 4 osoby, kt\u00f3ra zawiera talerzyki, fili\u017canki, \u0142y\u017ceczki, dzbanek do kawy i na \u015bmietank\u0119 oraz cukierniczk\u0119 z przykrywk\u0105. Teraz ka\u017cdy maluch mo\u017ce zaprasza\u0107 domownik\u00f3w na kaw\u0119! Produkt nale\u017cy do linii Green Bean Dantoy, w kt\u00f3rej znajduj\u0105 si\u0119 zabawki wykonane w 100% z materia\u0142\u00f3w pochodz\u0105cych z recyklingu z oznakowaniem ekologicznym oraz certyfikatem Nordic Swan. Zabawki z tej linii nale\u017c\u0105 do limitowanej edycji, gdy\u017c zosta\u0142y wykonane z w\u0142asnych nadwy\u017cek odpad\u00f3w, kt\u00f3re fabryka DANTOY ma na stanie. Sprawia to, \u017ce ta seria zabawek jest jeszcze bardziej wyj\u0105tkowa. Wiek: 3 + Liczba cz\u0119\u015bci zestawu: 17 Linia GREEN BEAN Dantoy zabawki wykonane w 100% z recyklingu, opatrzone etykiet\u0105 Nordic Swan! Produkty wybrane do tej serii zabawek pozwalaj\u0105 dzieciom odkrywa\u0107 przyrod\u0119. Mniejsze dzieci s\u0105 szczeg\u00f3lnie nara\u017cone na chemikalia w swoim otoczeniu. Zabawki GREEN BEAN spe\u0142niaj\u0105 surowe wymagania \u015brodowiskowe i zdrowotne. WYMAGANIA DOT. ETYKIETY NORDIC SWAN: Kiedy Dantoy tworzy nowe zabawki z odpad\u00f3w, musi dok\u0142adnie wiedzie\u0107, jakie rodzaje tworzyw sztucznych poddawane s\u0105 recyklingowi. Odpady u\u017cywane w zabawkach GREEN BEAN s\u0105 zbierane z naszej w\u0142asnej produkcji, kt\u00f3ra jest opatrzona znakiem Nordic Swan, dzi\u0119ki czemu mo\u017cemy zapewni\u0107 produkt z recyklingu, kt\u00f3ry spe\u0142nia najwy\u017csze standardy bezpiecze\u0144stwa i ochrony \u015brodowiska. TO JEST WYJ\u0104TKOWA ZABAWKA: Zabawki GREEN BEAN s\u0105 wyj\u0105tkowe, a ze wzgl\u0119du na proces recyklingu nie ma dw\u00f3ch zabawek, kt\u00f3re wygl\u0105da\u0142yby dok\u0142adnie tak samo. R\u00f3\u017cne odcienie kolor\u00f3w w tych produktach s\u0105 tworzone przez losowe mieszanie plastikowych odpad\u00f3w dost\u0119pnych w danym czasie. Produkty GREEN BEAN s\u0105 zabawkami z limitowanej edycji, poniewa\u017c s\u0105 wykonane z naszych w\u0142asnych nadwy\u017cek odpad\u00f3w, kt\u00f3re mamy w magazynie, dzi\u0119ki czemu ta seria zabawek jest jeszcze bardziej wyj\u0105tkowa. CELE ZR\u00d3WNOWA\u017bONEGO ROZWOJU: W Dantoy chcemy skupi\u0107 si\u0119 na \u015awiatowych Celach Zr\u00f3wnowa\u017conego Rozwoju okre\u015blonych przez ONZ i pracowa\u0107 nad nimi. Jest to proces ci\u0105g\u0142y. Zawsze chcemy i\u015b\u0107 w dobrym kierunku i pozytywnie wp\u0142ywa\u0107 na \u015brodowisko. Recykling nadmiaru materia\u0142\u00f3w z naszej wewn\u0119trznej produkcji jest kolejnym krokiem ku temu.<\/p>\n<h2>Dantoy Zestaw kawowy GREEN BEAN Dantoy<\/h2>\n<p>wiosenne zagadki, ma\u0142y ksi\u0105\u017ce cytaty, kolorowanka spiderman, zagadki z odpowiedziami, s\u0142owa do przyjaciela, traktor z przyczep\u0105 kolorowanka, prezent na roczek od babci, w\u0142ochy, kolorowanki winx, zagadki dla dzieci 6-7 lat, mi\u0142o\u015b\u0107 do dziecka cytaty, cytaty z ma\u0142ego ksi\u0119cia, zagadki dla dzieci 6-7 lat online, piosenki dla dzieci tekst, kiekrz, traktor z przyczep\u0105 kolorowanka do druku, jazda konna dla dzieci<\/p>\n<p>yyyyy<\/p>\n<p>&nbsp;<\/p>\n","protected":false},"excerpt":{"rendered":"<p>Zestaw kawowy z recyklingu Green Bean 2680 Zestaw kawowy do zabawy wykonany zosta\u0142 w 100% z przetworzonego tworzywa sztucznego. Idealny do zabawy w domu i w ogr\u00f3dku. Z uwagi na proces recyklingu kolory ka\u017cdego z produktu mog\u0105 si\u0119 r\u00f3\u017cni\u0107. Zestaw zapakowany jest w elastyczn\u0105 siateczk\u0119 i sk\u0142ada si\u0119 z zastawy kawowej na 4 osoby, kt\u00f3ra [&hellip;]<\/p>\n","protected":false},"featured_media":1201,"comment_status":"closed","ping_status":"open","template":"","meta":[],"product_cat":[363,286],"product_tag":[754,583,654,764,843],"class_list":["post-1200","product","type-product","status-publish","has-post-thumbnail","hentry","product_cat-dantoy","product_cat-zabawki-do-piasku","product_tag-dyplomy-do-wydrukowania-a4","product_tag-kolysanki-dla-dzieci-tekst","product_tag-krotkie-bajki-dla-dzieci-do-czytania","product_tag-prezenty-na-roczek-dla-dziewczynki","product_tag-smieszne-zagadki-dla-dzieci"],"_links":{"self":[{"href":"http:\/\/klubmamgdynia.pl\/index.php\/wp-json\/wp\/v2\/product\/1200","targetHints":{"allow":["GET"]}}],"collection":[{"href":"http:\/\/klubmamgdynia.pl\/index.php\/wp-json\/wp\/v2\/product"}],"about":[{"href":"http:\/\/klubmamgdynia.pl\/index.php\/wp-json\/wp\/v2\/types\/product"}],"replies":[{"embeddable":true,"href":"http:\/\/klubmamgdynia.pl\/index.php\/wp-json\/wp\/v2\/comments?post=1200"}],"wp:featuredmedia":[{"embeddable":true,"href":"http:\/\/klubmamgdynia.pl\/index.php\/wp-json\/wp\/v2\/media\/1201"}],"wp:attachment":[{"href":"http:\/\/klubmamgdynia.pl\/index.php\/wp-json\/wp\/v2\/media?parent=1200"}],"wp:term":[{"taxonomy":"product_cat","embeddable":true,"href":"http:\/\/klubmamgdynia.pl\/index.php\/wp-json\/wp\/v2\/product_cat?post=1200"},{"taxonomy":"product_tag","embeddable":true,"href":"http:\/\/klubmamgdynia.pl\/index.php\/wp-json\/wp\/v2\/product_tag?post=1200"}],"curies":[{"name":"wp","href":"https:\/\/api.w.org\/{rel}","templated":true}]}}