{"id":12001,"date":"2020-10-14T14:03:06","date_gmt":"2020-10-14T12:03:06","guid":{"rendered":"http:\/\/klubmamgdynia.pl\/index.php\/produkt\/yeti-in-my-spaghetti\/"},"modified":"2026-04-26T03:38:47","modified_gmt":"2026-04-26T01:38:47","slug":"yeti-in-my-spaghetti","status":"publish","type":"product","link":"http:\/\/klubmamgdynia.pl\/index.php\/produkt\/yeti-in-my-spaghetti\/","title":{"rendered":"Yeti In My Spaghetti"},"content":{"rendered":"<p>Yeti in my Spaghetti to wspania\u0142a gra zr\u0119czno\u015bciowa oparta na prostych zasadach podobnych do tradycyjnych bierek. Yeti spokojnie siedzi na spaghetti\u2026Jednak kiedy zaczniesz wyci\u0105ga\u0107 nitki jedna po drugiej&#8230; Musisz by\u0107 ostro\u017cny! Yeti mo\u017ce nieoczekiwanie wpa\u015b\u0107 do miski! Je\u015bli nie chcesz przegra\u0107, Yeti musi zosta\u0107 na spaghetti podczas Twojej kolejki!Zawarto\u015b\u0107 Pude\u0142ka:figurka Yeti,30 nitek spaghetti,miska.<\/p>\n<h2>Yeti In My Spaghetti TM Toys<\/h2>\n<p>\u017c\u0105rty na prima aprilis, prezent dla ch\u0142opca 7 lat, prezent dla 17 latki, atrakcje we wroc\u0142awiu dla dzieci, wierszyk o wakacjach, przysz\u0142a zima bia\u0142a<\/p>\n<p>yyyyy<\/p>\n<p>&nbsp;<\/p>\n","protected":false},"excerpt":{"rendered":"<p>Yeti in my Spaghetti to wspania\u0142a gra zr\u0119czno\u015bciowa oparta na prostych zasadach podobnych do tradycyjnych bierek. Yeti spokojnie siedzi na spaghetti\u2026Jednak kiedy zaczniesz wyci\u0105ga\u0107 nitki jedna po drugiej&#8230; Musisz by\u0107 ostro\u017cny! Yeti mo\u017ce nieoczekiwanie wpa\u015b\u0107 do miski! Je\u015bli nie chcesz przegra\u0107, Yeti musi zosta\u0107 na spaghetti podczas Twojej kolejki!Zawarto\u015b\u0107 Pude\u0142ka:figurka Yeti,30 nitek spaghetti,miska. Yeti In [&hellip;]<\/p>\n","protected":false},"featured_media":12002,"comment_status":"closed","ping_status":"open","template":"","meta":[],"product_cat":[130,145],"product_tag":[754,852,683,582,579],"class_list":["post-12001","product","type-product","status-publish","has-post-thumbnail","hentry","product_cat-gry-dzieciece","product_cat-tm-toys","product_tag-dyplomy-do-wydrukowania-a4","product_tag-jak-zrobic-samolot-z-papieru","product_tag-karaluchy-pod-poduchy","product_tag-nauka-pisania-literek-do-wydruku-pdf","product_tag-quiz-opowiesci-z-narnii-lew-czarownica-i-stara-szafa"],"_links":{"self":[{"href":"http:\/\/klubmamgdynia.pl\/index.php\/wp-json\/wp\/v2\/product\/12001","targetHints":{"allow":["GET"]}}],"collection":[{"href":"http:\/\/klubmamgdynia.pl\/index.php\/wp-json\/wp\/v2\/product"}],"about":[{"href":"http:\/\/klubmamgdynia.pl\/index.php\/wp-json\/wp\/v2\/types\/product"}],"replies":[{"embeddable":true,"href":"http:\/\/klubmamgdynia.pl\/index.php\/wp-json\/wp\/v2\/comments?post=12001"}],"wp:featuredmedia":[{"embeddable":true,"href":"http:\/\/klubmamgdynia.pl\/index.php\/wp-json\/wp\/v2\/media\/12002"}],"wp:attachment":[{"href":"http:\/\/klubmamgdynia.pl\/index.php\/wp-json\/wp\/v2\/media?parent=12001"}],"wp:term":[{"taxonomy":"product_cat","embeddable":true,"href":"http:\/\/klubmamgdynia.pl\/index.php\/wp-json\/wp\/v2\/product_cat?post=12001"},{"taxonomy":"product_tag","embeddable":true,"href":"http:\/\/klubmamgdynia.pl\/index.php\/wp-json\/wp\/v2\/product_tag?post=12001"}],"curies":[{"name":"wp","href":"https:\/\/api.w.org\/{rel}","templated":true}]}}