{"id":12003,"date":"2018-12-10T10:22:27","date_gmt":"2018-12-10T09:22:27","guid":{"rendered":"http:\/\/klubmamgdynia.pl\/index.php\/produkt\/barbie-chelsea-mozesz-byc-kariera-lalka-weterynarz-jasnobrazowe-wlosy-gtn86-gtn88\/"},"modified":"2026-04-28T12:11:05","modified_gmt":"2026-04-28T10:11:05","slug":"barbie-chelsea-mozesz-byc-kariera-lalka-weterynarz-jasnobrazowe-wlosy-gtn86-gtn88","status":"publish","type":"product","link":"http:\/\/klubmamgdynia.pl\/index.php\/produkt\/barbie-chelsea-mozesz-byc-kariera-lalka-weterynarz-jasnobrazowe-wlosy-gtn86-gtn88\/","title":{"rendered":"Barbie Chelsea Mo\u017cesz by\u0107 Kariera Lalka Weterynarz Jasnobr\u0105zowe w\u0142osy GTN86 GTN88"},"content":{"rendered":"<p>Lalka Chelsea uwielbia pr\u00f3bowa\u0107 swoich si\u0142 w r\u00f3\u017cnych zawodach, podobnie jak jej starsza siostra, Barbie! Dzieci mog\u0105 odkry\u0107 cudowny \u015bwiat zabawy dzi\u0119ki lalkom (ok. 15 cm) z linii Barbie Chelsea Mo\u017cesz by\u0107, kt\u00f3re wypr\u00f3bowuj\u0105 r\u00f3\u017cne profesje.                            <\/p>\n<p>Ka\u017cda lalka Barbie Chelsea z linii Kariera ubrana jest w uroczy tematyczny str\u00f3j i ma akcesoria, kt\u00f3re sprawi\u0105, \u017ce zabawa w odgrywanie historii b\u0119dzie jeszcze ciekawsza!                            <\/p>\n<p>Mo\u017cesz wybiera\u0107 spo\u015br\u00f3d takich lalek jak Chelsea pilotka, lekarka, bizneswoman, gwiazda rocka czy majsterkowiczka (sprzedawane oddzielnie w zale\u017cno\u015bci od dost\u0119pno\u015bci).                            <\/p>\n<p>Dzieci mog\u0105 zebra\u0107 wszystkie lalki i sprawdzi\u0107 si\u0119 w r\u00f3\u017cnych zawodach, wykorzystuj\u0105c przy tym akcesoria, by zabawa by\u0142a jeszcze bardziej realistyczna. \u200b                            <\/p>\n<p>            Barbie Chelsea Mo\u017cesz by\u0107 Kariera Lalka Gwiazda rocka Niebieskie w\u0142osy GTN86 GTN89<\/p>\n<p>            Barbie Chelsea Mo\u017cesz by\u0107 Kariera Lalka Bizneswoman Br\u0105zowe w\u0142osy GTN86 GTN93<\/p>\n<p>            Barbie Chelsea Mo\u017cesz by\u0107 Kariera Lalka Majsterkowiczka Blond w\u0142osy GTN86 GTN87<\/p>\n<p>            Barbie Chelsea Mo\u017cesz by\u0107 Kariera Lalka Pilotka Blond w\u0142osy GTN86 GTN90<\/p>\n<p>            Barbie Chelsea Mo\u017cesz by\u0107 Kariera Lalka Weterynarz Jasnobr\u0105zowe w\u0142osy GTN86 GTN88<\/p>\n<h2>Barbie Chelsea Mo\u017cesz by\u0107 Kariera Lalka Weterynarz Jasnobr\u0105zowe w\u0142osy GTN86 GTN88 Barbie<\/h2>\n<p>zabawki na roczek, zagadki o bajkach, imiona dla ch\u0142opc\u00f3w, kolorowanka lol, najpi\u0119kniejsze cytaty o przyja\u017ani, test na znaki drogowe, prezent dla nastolatka, zagadki dla dzieci 5 lat, co mo\u017cna zrobi\u0107 z rolek po papierze toaletowym, dinozaur bajka, jakie prezenty na roczek, zagadki o zwierzetach, felix net i nika oraz gang niewidzialnych ludzi test z odpowiedziami, \u015bmigus dyngus lany poniedzia\u0142ek zyczenia<\/p>\n<p>yyyyy<\/p>\n<p>&nbsp;<\/p>\n","protected":false},"excerpt":{"rendered":"<p>Lalka Chelsea uwielbia pr\u00f3bowa\u0107 swoich si\u0142 w r\u00f3\u017cnych zawodach, podobnie jak jej starsza siostra, Barbie! Dzieci mog\u0105 odkry\u0107 cudowny \u015bwiat zabawy dzi\u0119ki lalkom (ok. 15 cm) z linii Barbie Chelsea Mo\u017cesz by\u0107, kt\u00f3re wypr\u00f3bowuj\u0105 r\u00f3\u017cne profesje. Ka\u017cda lalka Barbie Chelsea z linii Kariera ubrana jest w uroczy tematyczny str\u00f3j i ma akcesoria, kt\u00f3re sprawi\u0105, \u017ce [&hellip;]<\/p>\n","protected":false},"featured_media":12004,"comment_status":"closed","ping_status":"open","template":"","meta":[],"product_cat":[173,65],"product_tag":[853,830,659,849],"class_list":["post-12003","product","type-product","status-publish","has-post-thumbnail","hentry","product_cat-barbie","product_cat-lalki","product_tag-kolorowanki-do-druku-dla-doroslych","product_tag-rodzina-cytaty","product_tag-tupu-tup-po-sniegu-tekst","product_tag-zagadki-matematyczne-dla-dzieci"],"_links":{"self":[{"href":"http:\/\/klubmamgdynia.pl\/index.php\/wp-json\/wp\/v2\/product\/12003","targetHints":{"allow":["GET"]}}],"collection":[{"href":"http:\/\/klubmamgdynia.pl\/index.php\/wp-json\/wp\/v2\/product"}],"about":[{"href":"http:\/\/klubmamgdynia.pl\/index.php\/wp-json\/wp\/v2\/types\/product"}],"replies":[{"embeddable":true,"href":"http:\/\/klubmamgdynia.pl\/index.php\/wp-json\/wp\/v2\/comments?post=12003"}],"wp:featuredmedia":[{"embeddable":true,"href":"http:\/\/klubmamgdynia.pl\/index.php\/wp-json\/wp\/v2\/media\/12004"}],"wp:attachment":[{"href":"http:\/\/klubmamgdynia.pl\/index.php\/wp-json\/wp\/v2\/media?parent=12003"}],"wp:term":[{"taxonomy":"product_cat","embeddable":true,"href":"http:\/\/klubmamgdynia.pl\/index.php\/wp-json\/wp\/v2\/product_cat?post=12003"},{"taxonomy":"product_tag","embeddable":true,"href":"http:\/\/klubmamgdynia.pl\/index.php\/wp-json\/wp\/v2\/product_tag?post=12003"}],"curies":[{"name":"wp","href":"https:\/\/api.w.org\/{rel}","templated":true}]}}