{"id":12005,"date":"2013-09-01T03:33:46","date_gmt":"2013-09-01T01:33:46","guid":{"rendered":"http:\/\/klubmamgdynia.pl\/index.php\/produkt\/tm-toys-logicross-1934\/"},"modified":"2026-04-17T03:47:08","modified_gmt":"2026-04-17T01:47:08","slug":"tm-toys-logicross-1934","status":"publish","type":"product","link":"http:\/\/klubmamgdynia.pl\/index.php\/produkt\/tm-toys-logicross-1934\/","title":{"rendered":"Tm Toys Logicross 1934"},"content":{"rendered":"<p>Logicross to genialna gra logiczna, w kt\u00f3rej dzieci i doro\u015bli mog\u0105 zmierzy\u0107 si\u0119 z ciekawym wyzwaniem i rozwi\u0105za\u0107 \u0142amig\u0142\u00f3wk\u0119. Celem jest pomoc zwierz\u0119tom &#8211; aby bezpiecznie przekroczy\u0142y rzek\u0119 i wr\u00f3ci\u0142y do domu.Zwierz\u0119ta wiedz\u0105, \u017ce mog\u0105 przep\u0142yn\u0105\u0107 rzek\u0119 tylko jeden na raz. Podr\u00f3\u017cuj\u0105 w odpowiedniej kolejno\u015bci, by bezpiecznie dotrze\u0107 na drug\u0105 stron\u0119. NAZWA LOGICROSS PRODUCENT TM TOYS WIEK 5+ EAN 7290108380866 Znajd\u017a podobne wed\u0142ug klucza: TM_TOYS (394834)<\/p>\n<h2>Tm Toys Logicross 1934 TM Toys<\/h2>\n<p>quiz o tajemniczym ogrodzie, kolorowanki konie do druku, krok jak narysowa\u0107 konia, origami dla dzieci, aniela znaczenie imienia, wiersz o g\u00f3rniku, cytaty o mi\u0142o\u015bci do dziecka, kot rysunek dla dzieci, zagadki dla 4 latka do druku, quizy geograficzne, \u0142atwe zagadki, kolorowanki do druku kotki, opisy do zdj\u0119\u0107 dziecka, inteligentne zagadki<\/p>\n<p>yyyyy<\/p>\n<p>&nbsp;<\/p>\n","protected":false},"excerpt":{"rendered":"<p>Logicross to genialna gra logiczna, w kt\u00f3rej dzieci i doro\u015bli mog\u0105 zmierzy\u0107 si\u0119 z ciekawym wyzwaniem i rozwi\u0105za\u0107 \u0142amig\u0142\u00f3wk\u0119. Celem jest pomoc zwierz\u0119tom &#8211; aby bezpiecznie przekroczy\u0142y rzek\u0119 i wr\u00f3ci\u0142y do domu.Zwierz\u0119ta wiedz\u0105, \u017ce mog\u0105 przep\u0142yn\u0105\u0107 rzek\u0119 tylko jeden na raz. Podr\u00f3\u017cuj\u0105 w odpowiedniej kolejno\u015bci, by bezpiecznie dotrze\u0107 na drug\u0105 stron\u0119. NAZWA LOGICROSS PRODUCENT TM [&hellip;]<\/p>\n","protected":false},"featured_media":12006,"comment_status":"closed","ping_status":"open","template":"","meta":[],"product_cat":[130,145],"product_tag":[847,620,679],"class_list":["post-12005","product","type-product","status-publish","has-post-thumbnail","hentry","product_cat-gry-dzieciece","product_cat-tm-toys","product_tag-kolorowanki-pokemon","product_tag-quiz-opowiesci-z-narnii","product_tag-zabawki-na-roczek-dla-dziewczynki"],"_links":{"self":[{"href":"http:\/\/klubmamgdynia.pl\/index.php\/wp-json\/wp\/v2\/product\/12005","targetHints":{"allow":["GET"]}}],"collection":[{"href":"http:\/\/klubmamgdynia.pl\/index.php\/wp-json\/wp\/v2\/product"}],"about":[{"href":"http:\/\/klubmamgdynia.pl\/index.php\/wp-json\/wp\/v2\/types\/product"}],"replies":[{"embeddable":true,"href":"http:\/\/klubmamgdynia.pl\/index.php\/wp-json\/wp\/v2\/comments?post=12005"}],"wp:featuredmedia":[{"embeddable":true,"href":"http:\/\/klubmamgdynia.pl\/index.php\/wp-json\/wp\/v2\/media\/12006"}],"wp:attachment":[{"href":"http:\/\/klubmamgdynia.pl\/index.php\/wp-json\/wp\/v2\/media?parent=12005"}],"wp:term":[{"taxonomy":"product_cat","embeddable":true,"href":"http:\/\/klubmamgdynia.pl\/index.php\/wp-json\/wp\/v2\/product_cat?post=12005"},{"taxonomy":"product_tag","embeddable":true,"href":"http:\/\/klubmamgdynia.pl\/index.php\/wp-json\/wp\/v2\/product_tag?post=12005"}],"curies":[{"name":"wp","href":"https:\/\/api.w.org\/{rel}","templated":true}]}}