{"id":12009,"date":"2021-06-02T18:22:20","date_gmt":"2021-06-02T16:22:20","guid":{"rendered":"http:\/\/klubmamgdynia.pl\/index.php\/produkt\/jokomisiada-elegancka-torebka-kosmetyczka-z-lusterkiem-za3763\/"},"modified":"2026-04-30T09:14:46","modified_gmt":"2026-04-30T07:14:46","slug":"jokomisiada-elegancka-torebka-kosmetyczka-z-lusterkiem-za3763","status":"publish","type":"product","link":"http:\/\/klubmamgdynia.pl\/index.php\/produkt\/jokomisiada-elegancka-torebka-kosmetyczka-z-lusterkiem-za3763\/","title":{"rendered":"JOKOMISIADA ELEGANCKA TOREBKA KOSMETYCZKA Z LUSTERKIEM ZA3763"},"content":{"rendered":"<p>Elegancki zestaw torebka z lusterkiem + akcesoria do makija\u017cu na pewno sprawi du\u017co rado\u015bci ka\u017cdej ma\u0142ej gwie\u017adzie. Zestaw zawiera a\u017c 28 element\u00f3w, kt\u00f3re pozwol\u0105 na stworzenie pi\u0119knego makija\u017cu. Znajduj\u0105 si\u0119 w nim min. b\u0142yszczyki do ust, r\u00f3\u017c, p\u0119dzelek, cienie i ich aplikatory pomagaj\u0105ce uzyska\u0107 wystrza\u0142owy make-up na ka\u017cd\u0105 okazj\u0119. Torebka zosta\u0142a wykonana w ca\u0142o\u015bci z plastiku, ma bezpieczne lusterko, kt\u00f3re z pewno\u015bci\u0105 pomo\u017ce w nak\u0142adaniu cieni. Dzi\u0119ki swoim ma\u0142ym gabarytom i eleganckiemu wygl\u0105dowi nasza ma\u0142a strojnisia b\u0119dzie j\u0105 mog\u0142a zabra\u0107 wsz\u0119dzie nawet na bal. Po zako\u0144czeniu zabawy, torebk\u0119 mo\u017cna zamkn\u0105\u0107, chroni\u0105c akcesoria przed zniszczeniem lub pogubieniem.Sk\u0142ad zestawu:- kosmetyczka torebka- szminka do ust 4 szt.- b\u0142yszczyk 6 szt.- r\u00f3\u017c- bronzer- rozja\u015bniacz- g\u0105beczka 1 szt.- cienie do powiek 10 szt.- aplikator do cieni z g\u0105beczk\u0105 3szt.- p\u0119dzelek 1 szt.- lusterkoWymiary:Torebka kosmetyczka roz\u0142o\u017cone:szeroko\u015b\u0107: 19 cm, d\u0142ugo\u015b\u0107: 38 cm, wysoko\u015b\u0107: 4cmTorebka kosmetyczka z\u0142o\u017cona:szeroko\u015b\u0107: 11 cm, d\u0142ugo\u015b\u0107: 19 cm, wysoko\u015b\u0107: 4 cm.Wszystkie akcesoria do makija\u017cu s\u0105 bezpieczne dla dzieci. Zabawka zapakowana w \u0142adne kolorowe opakowanie, idealnie nadaj\u0105ce si\u0119 na prezent. Najwi\u0119kszy wyb\u00f3r zabawek znajdziecie Pa\u0144stwo w sklepie Jokomisiada. Taka kosmetyczka to nie lada frajda dla ka\u017cdej dziewczyny.<\/p>\n<h2>JOKOMISIADA ELEGANCKA TOREBKA KOSMETYCZKA Z LUSTERKIEM ZA3763 Jokomisiada<\/h2>\n<p>wroc\u0142aw atrakcje dla dzieci, quiz o stolicach europy, co robi\u0107 z dzieckiem w warszawie, traktor do druku, quiz stolice europy, zadania dla 7 latka do druku<\/p>\n<p>yyyyy<\/p>\n<p>&nbsp;<\/p>\n","protected":false},"excerpt":{"rendered":"<p>Elegancki zestaw torebka z lusterkiem + akcesoria do makija\u017cu na pewno sprawi du\u017co rado\u015bci ka\u017cdej ma\u0142ej gwie\u017adzie. Zestaw zawiera a\u017c 28 element\u00f3w, kt\u00f3re pozwol\u0105 na stworzenie pi\u0119knego makija\u017cu. Znajduj\u0105 si\u0119 w nim min. b\u0142yszczyki do ust, r\u00f3\u017c, p\u0119dzelek, cienie i ich aplikatory pomagaj\u0105ce uzyska\u0107 wystrza\u0142owy make-up na ka\u017cd\u0105 okazj\u0119. Torebka zosta\u0142a wykonana w ca\u0142o\u015bci z [&hellip;]<\/p>\n","protected":false},"featured_media":12010,"comment_status":"closed","ping_status":"open","template":"","meta":[],"product_cat":[131,1137],"product_tag":[827,859,619,580,715],"class_list":["post-12009","product","type-product","status-publish","has-post-thumbnail","hentry","product_cat-jokomisiada","product_cat-kosmetyczki","product_tag-bajki-dla-niemowlat","product_tag-dobranoc-pchly-na-noc","product_tag-iwo-imie","product_tag-janusz","product_tag-zosia-samosia"],"_links":{"self":[{"href":"http:\/\/klubmamgdynia.pl\/index.php\/wp-json\/wp\/v2\/product\/12009","targetHints":{"allow":["GET"]}}],"collection":[{"href":"http:\/\/klubmamgdynia.pl\/index.php\/wp-json\/wp\/v2\/product"}],"about":[{"href":"http:\/\/klubmamgdynia.pl\/index.php\/wp-json\/wp\/v2\/types\/product"}],"replies":[{"embeddable":true,"href":"http:\/\/klubmamgdynia.pl\/index.php\/wp-json\/wp\/v2\/comments?post=12009"}],"wp:featuredmedia":[{"embeddable":true,"href":"http:\/\/klubmamgdynia.pl\/index.php\/wp-json\/wp\/v2\/media\/12010"}],"wp:attachment":[{"href":"http:\/\/klubmamgdynia.pl\/index.php\/wp-json\/wp\/v2\/media?parent=12009"}],"wp:term":[{"taxonomy":"product_cat","embeddable":true,"href":"http:\/\/klubmamgdynia.pl\/index.php\/wp-json\/wp\/v2\/product_cat?post=12009"},{"taxonomy":"product_tag","embeddable":true,"href":"http:\/\/klubmamgdynia.pl\/index.php\/wp-json\/wp\/v2\/product_tag?post=12009"}],"curies":[{"name":"wp","href":"https:\/\/api.w.org\/{rel}","templated":true}]}}