{"id":12011,"date":"2025-06-17T05:15:00","date_gmt":"2025-06-17T03:15:00","guid":{"rendered":"http:\/\/klubmamgdynia.pl\/?post_type=product&#038;p=12011"},"modified":"2026-04-07T10:04:13","modified_gmt":"2026-04-07T08:04:13","slug":"berjuan-ubrania-dla-lalek-5049-22","status":"publish","type":"product","link":"http:\/\/klubmamgdynia.pl\/index.php\/produkt\/berjuan-ubrania-dla-lalek-5049-22\/","title":{"rendered":"Berjuan Ubrania Dla Lalek 5049-22"},"content":{"rendered":"<p>Dzieci zas\u0142uguj\u0105 na to co najlepsze, dlatego przedstawiamy Ci Ubrania dla lalek Berjuan 5049-22, idealny dla tych, kt\u00f3rzy szukaj\u0105 produkt\u00f3w wysokiej jako\u015bci dla dzieci! Zdob\u0105d\u017a Berjuan w najlepszych cenach!Zalecany Wiek: + 3 latZasilana bateriami: NieWymagany monta\u017c: NieRodzaj: Ubrania dla lalekStyl: trykotW paskiZawiera: KapeluszSkarpetyKolor: Granatowy<\/p>\n<h2>Berjuan Ubrania Dla Lalek 5049-22 Berjuan<\/h2>\n<p>gad\u017cety dla nastolatka, spos\u00f3b na elfa test, zagadki dla dzieci 7 lat o zwierz\u0119tach, kolorowanka do malowania farbami, darmowe bajki dla dzieci, prezent dla nastolatk\u00f3w ch\u0142opc\u00f3w, lamiglowki slowne<\/p>\n<p>yyyyy<\/p>\n<p>&nbsp;<\/p>\n","protected":false},"excerpt":{"rendered":"<p>Dzieci zas\u0142uguj\u0105 na to co najlepsze, dlatego przedstawiamy Ci Ubrania dla lalek Berjuan 5049-22, idealny dla tych, kt\u00f3rzy szukaj\u0105 produkt\u00f3w wysokiej jako\u015bci dla dzieci! Zdob\u0105d\u017a Berjuan w najlepszych cenach!Zalecany Wiek: + 3 latZasilana bateriami: NieWymagany monta\u017c: NieRodzaj: Ubrania dla lalekStyl: trykotW paskiZawiera: KapeluszSkarpetyKolor: Granatowy Berjuan Ubrania Dla Lalek 5049-22 Berjuan gad\u017cety dla nastolatka, spos\u00f3b na [&hellip;]<\/p>\n","protected":false},"featured_media":12012,"comment_status":"closed","ping_status":"open","template":"","meta":[],"product_cat":[943,50],"product_tag":[662,707,846,741],"class_list":["post-12011","product","type-product","status-publish","has-post-thumbnail","hentry","product_cat-berjuan","product_cat-ubranka-i-buty-dla-lalek","product_tag-bajki-na-dobranoc","product_tag-karty-pracy-dla-dzieci-z-ukrainy","product_tag-rysowanki","product_tag-wlochy"],"_links":{"self":[{"href":"http:\/\/klubmamgdynia.pl\/index.php\/wp-json\/wp\/v2\/product\/12011","targetHints":{"allow":["GET"]}}],"collection":[{"href":"http:\/\/klubmamgdynia.pl\/index.php\/wp-json\/wp\/v2\/product"}],"about":[{"href":"http:\/\/klubmamgdynia.pl\/index.php\/wp-json\/wp\/v2\/types\/product"}],"replies":[{"embeddable":true,"href":"http:\/\/klubmamgdynia.pl\/index.php\/wp-json\/wp\/v2\/comments?post=12011"}],"wp:featuredmedia":[{"embeddable":true,"href":"http:\/\/klubmamgdynia.pl\/index.php\/wp-json\/wp\/v2\/media\/12012"}],"wp:attachment":[{"href":"http:\/\/klubmamgdynia.pl\/index.php\/wp-json\/wp\/v2\/media?parent=12011"}],"wp:term":[{"taxonomy":"product_cat","embeddable":true,"href":"http:\/\/klubmamgdynia.pl\/index.php\/wp-json\/wp\/v2\/product_cat?post=12011"},{"taxonomy":"product_tag","embeddable":true,"href":"http:\/\/klubmamgdynia.pl\/index.php\/wp-json\/wp\/v2\/product_tag?post=12011"}],"curies":[{"name":"wp","href":"https:\/\/api.w.org\/{rel}","templated":true}]}}