{"id":12013,"date":"2014-10-15T14:20:11","date_gmt":"2014-10-15T12:20:11","guid":{"rendered":"http:\/\/klubmamgdynia.pl\/index.php\/produkt\/comansi-swinka-peppa-figurka-ublocony-george-4050\/"},"modified":"2026-04-08T22:12:10","modified_gmt":"2026-04-08T20:12:10","slug":"comansi-swinka-peppa-figurka-ublocony-george-4050","status":"publish","type":"product","link":"http:\/\/klubmamgdynia.pl\/index.php\/produkt\/comansi-swinka-peppa-figurka-ublocony-george-4050\/","title":{"rendered":"Comansi \u015awinka Peppa Figurka Ub\u0142ocony George 4050"},"content":{"rendered":"<p>&#8222;\u015awinka Peppa&#8221; to bajka uwielbiana przez wszystkie maluchy. Jej g\u0142\u00f3wna bohaterka &#8211; ma\u0142a \u015bwinka jest bardzo rozbrykana. Ci\u0105gle wpada w tarapaty i ma mn\u00f3stwo przyg\u00f3d. Peppa uwielbia czekoladowe ciasteczka, przyj\u0119cia urodzinowe oraz wycieczki rowerowe i pikniki. Najbardziej jednak kocha swoje b\u0142otnisko. W jej zabawnych perypetiach uczestniczy ca\u0142\u0105 rodzina: tata, mama, braciszek George, dziadek i babcia. Ka\u017cdy ma\u0142y fan \u015bwinki, ucieszy si\u0119 z serii figurek i zestaw\u00f3w tematycznych ze \u015bwink\u0105 Pepp\u0105.Figurki z bajki &#8222;\u015awinka Peppa&#8221; to wiernie odwzorowane postaci z uwielbianej przez dzieci animacji. Figurka Georgea brudnego od b\u0142ota stanowi wspania\u0142e uzupe\u0142nienie ca\u0142ej linii zabawek z kolekcji. Zbierz wszystkich bohater\u00f3w bajki i tw\u00f3rz nowe, fantastyczne przygody.<\/p>\n<h2>Comansi \u015awinka Peppa Figurka Ub\u0142ocony George 4050 Comansi<\/h2>\n<p>kolorowanki disney, cytaty ma\u0142y ksi\u0105\u017ce, pani wiosna do druku, kolorowanki kotki, zabawki na roczek, dobranoc zimowo, wierszyk o choince, kanapki na urodziny dziecka, pi\u0119kne cytaty o synku, maski do druku, gda\u0144sk atrakcje dla m\u0142odzie\u017cy, dzieci.pl, cytaty z ma\u0142ego ksi\u0119cia, god\u0142o polski do druku, dziecko cytaty z\u0142ote my\u015bli, cytat o dziecku, kundel bury tekst, zagadki dla 7 latka<\/p>\n<p>yyyyy<\/p>\n<p>&nbsp;<\/p>\n","protected":false},"excerpt":{"rendered":"<p>&#8222;\u015awinka Peppa&#8221; to bajka uwielbiana przez wszystkie maluchy. Jej g\u0142\u00f3wna bohaterka &#8211; ma\u0142a \u015bwinka jest bardzo rozbrykana. Ci\u0105gle wpada w tarapaty i ma mn\u00f3stwo przyg\u00f3d. Peppa uwielbia czekoladowe ciasteczka, przyj\u0119cia urodzinowe oraz wycieczki rowerowe i pikniki. Najbardziej jednak kocha swoje b\u0142otnisko. W jej zabawnych perypetiach uczestniczy ca\u0142\u0105 rodzina: tata, mama, braciszek George, dziadek i babcia. [&hellip;]<\/p>\n","protected":false},"featured_media":12014,"comment_status":"closed","ping_status":"open","template":"","meta":[],"product_cat":[1142,95],"product_tag":[740,753,703,786,738,779],"class_list":["post-12013","product","type-product","status-publish","has-post-thumbnail","hentry","product_cat-comansi","product_cat-figurki-makiety-i-zestawy","product_tag-fajne-prezenty-dla-nastolatkow","product_tag-kamila","product_tag-prezent-dla-nastolatki","product_tag-prezent-na-1-urodziny","product_tag-wroclaw-dla-dzieci","product_tag-zarty-na-prima-aprilis-w-domu"],"_links":{"self":[{"href":"http:\/\/klubmamgdynia.pl\/index.php\/wp-json\/wp\/v2\/product\/12013","targetHints":{"allow":["GET"]}}],"collection":[{"href":"http:\/\/klubmamgdynia.pl\/index.php\/wp-json\/wp\/v2\/product"}],"about":[{"href":"http:\/\/klubmamgdynia.pl\/index.php\/wp-json\/wp\/v2\/types\/product"}],"replies":[{"embeddable":true,"href":"http:\/\/klubmamgdynia.pl\/index.php\/wp-json\/wp\/v2\/comments?post=12013"}],"wp:featuredmedia":[{"embeddable":true,"href":"http:\/\/klubmamgdynia.pl\/index.php\/wp-json\/wp\/v2\/media\/12014"}],"wp:attachment":[{"href":"http:\/\/klubmamgdynia.pl\/index.php\/wp-json\/wp\/v2\/media?parent=12013"}],"wp:term":[{"taxonomy":"product_cat","embeddable":true,"href":"http:\/\/klubmamgdynia.pl\/index.php\/wp-json\/wp\/v2\/product_cat?post=12013"},{"taxonomy":"product_tag","embeddable":true,"href":"http:\/\/klubmamgdynia.pl\/index.php\/wp-json\/wp\/v2\/product_tag?post=12013"}],"curies":[{"name":"wp","href":"https:\/\/api.w.org\/{rel}","templated":true}]}}