{"id":12015,"date":"2011-01-12T04:45:57","date_gmt":"2011-01-12T03:45:57","guid":{"rendered":"http:\/\/klubmamgdynia.pl\/index.php\/produkt\/barbie-loves-the-ocean-zestaw-malibu-bar-plazowy-gyg23\/"},"modified":"2026-05-17T22:51:56","modified_gmt":"2026-05-17T20:51:56","slug":"barbie-loves-the-ocean-zestaw-malibu-bar-plazowy-gyg23","status":"publish","type":"product","link":"http:\/\/klubmamgdynia.pl\/index.php\/produkt\/barbie-loves-the-ocean-zestaw-malibu-bar-plazowy-gyg23\/","title":{"rendered":"Barbie Loves The Ocean Zestaw Malibu Bar Pla\u017cowy GYG23"},"content":{"rendered":"<p>Udaj si\u0119 na pla\u017c\u0119 i sp\u0119d\u017a idealny letni dzie\u0144 z zestawem Barbie\u00ae Loves the Ocean Pla\u017cowy Bar.<br \/>\n\u00a0Zestaw w ca\u0142o\u015bci jest wykonany z plastiku pochodz\u0105cego z recyklingu.                            <\/p>\n<p>Jest tak wiele okazji do pomys\u0142owej zabawy \u2014 pom\u00f3\u017c lalce Barbie\u00ae (sprzedawanej osobno) obs\u0142u\u017cy\u0107 klient\u00f3w lub pozw\u00f3l lalce usi\u0105\u015b\u0107 przy barze i spr\u00f3bowa\u0107 wspania\u0142ych lod\u00f3w.<\/p>\n<p>Urocze elementy do opowiadania historii obejmuj\u0105 ukulele, stacj\u0119 recyklingu, tablic\u0119 menu i wiele innych.                            <\/p>\n<p>Barbie Malibu Beach Bar to idealne miejsce na och\u0142od\u0119 w upalny dzie\u0144.<\/p>\n<p>Usi\u0105d\u017a na sto\u0142ku lub wejd\u017a za kontuar, aby rozpocz\u0105\u0107 wspania\u0142\u0105 zabaw\u0119!                            <\/p>\n<p>Zainspiruj realistyczne opowiadanie historii szczeg\u00f3\u0142ami, takimi jak lada barowa, tablica menu i stacja recyklingu z wahad\u0142owymi drzwiami.                            <\/p>\n<p>Ponad 18 akcesori\u00f3w obejmuje napoje, ro\u017cki do lod\u00f3w, blender, przek\u0105ski i nie tylko                            <\/p>\n<p>Dzieci w wieku od 3 do 7 lat mog\u0105 zbiera\u0107 inne lalki i zestawy do zabawy Barbie Loves the Ocean, aby odgrywa\u0107 r\u00f3\u017cne historie, od wylegiwania si\u0119 na piasku po surfowanie, a nawet organizowanie sprz\u0105tania pla\u017cy!                            <\/p>\n<p>            Barbie Loves The Ocean  Lalka Mix Grb35<\/p>\n<p>            Barbie Loves The Ocean Zestaw Malibu Bar Pla\u017cowy GYG23<\/p>\n<p>            Barbie Loves the Ocean Zestaw do siatk\u00f3wki pla\u017cowej GYG16 GYG18<\/p>\n<p>            Barbie Loves the Ocean Lalka Fioletowa sukienka GRB35 GRB36<\/p>\n<p>            Barbie Loves The Ocean Le\u017cak Parasol + Akcesoria GYG17<\/p>\n<p>            Barbie Loves the Ocean zestaw pla\u017cowy HFG23<\/p>\n<p>            Barbie Loves the Ocean Zestaw pla\u017cowy, mix wzor\u00f3w GYG16<\/p>\n<p>            Barbie Loves the Ocean Lalka Niebieski str\u00f3j GRB35 GRB37<\/p>\n<p>            Barbie Loves the Ocean Lalka Sukienka w paski GRB35 GRB38<\/p>\n<h2>Barbie Loves The Ocean Zestaw Malibu Bar Pla\u017cowy GYG23 Barbie<\/h2>\n<p>gry planszowe dla m\u0142odzie\u017cy, list do \u015bw miko\u0142aja &#8212; wz\u00f3r, zings kolorowanka, sporty po francusku, co dla rocznego dziecka, zadania logiczne, zabawy ruchowe dla dzieci, zygzak mcqueen kolorowanka, rodzina sentencja, bajki do czytania na dobranoc, quizy flagi, rysunki dla pocz\u0105tkuj\u0105cych, super zings kolorowanki, tr\u00f3jmiasto atrakcje dla dzieci, sentencje o przyja\u017ani, gry dla nastolatk\u00f3w, plac zabaw pozna\u0144, lody kolorowanka, wiosenne zagadki, cytat mama<\/p>\n<p>yyyyy<\/p>\n<p>&nbsp;<\/p>\n","protected":false},"excerpt":{"rendered":"<p>Udaj si\u0119 na pla\u017c\u0119 i sp\u0119d\u017a idealny letni dzie\u0144 z zestawem Barbie\u00ae Loves the Ocean Pla\u017cowy Bar. \u00a0Zestaw w ca\u0142o\u015bci jest wykonany z plastiku pochodz\u0105cego z recyklingu. Jest tak wiele okazji do pomys\u0142owej zabawy \u2014 pom\u00f3\u017c lalce Barbie\u00ae (sprzedawanej osobno) obs\u0142u\u017cy\u0107 klient\u00f3w lub pozw\u00f3l lalce usi\u0105\u015b\u0107 przy barze i spr\u00f3bowa\u0107 wspania\u0142ych lod\u00f3w. Urocze elementy do [&hellip;]<\/p>\n","protected":false},"featured_media":12016,"comment_status":"closed","ping_status":"open","template":"","meta":[],"product_cat":[172,173],"product_tag":[828,727,798,629,675],"class_list":["post-12015","product","type-product","status-publish","has-post-thumbnail","hentry","product_cat-akcesoria-dla-lalek","product_cat-barbie","product_tag-filmy-wigilijne-dla-dzieci","product_tag-godlo-polski-do-druku","product_tag-prezenty-dla-nastolatki","product_tag-smieszne-zagadki-z-odpowiedziami","product_tag-test-z-lektury-kajko-i-kokosz-szkola-latania"],"_links":{"self":[{"href":"http:\/\/klubmamgdynia.pl\/index.php\/wp-json\/wp\/v2\/product\/12015","targetHints":{"allow":["GET"]}}],"collection":[{"href":"http:\/\/klubmamgdynia.pl\/index.php\/wp-json\/wp\/v2\/product"}],"about":[{"href":"http:\/\/klubmamgdynia.pl\/index.php\/wp-json\/wp\/v2\/types\/product"}],"replies":[{"embeddable":true,"href":"http:\/\/klubmamgdynia.pl\/index.php\/wp-json\/wp\/v2\/comments?post=12015"}],"wp:featuredmedia":[{"embeddable":true,"href":"http:\/\/klubmamgdynia.pl\/index.php\/wp-json\/wp\/v2\/media\/12016"}],"wp:attachment":[{"href":"http:\/\/klubmamgdynia.pl\/index.php\/wp-json\/wp\/v2\/media?parent=12015"}],"wp:term":[{"taxonomy":"product_cat","embeddable":true,"href":"http:\/\/klubmamgdynia.pl\/index.php\/wp-json\/wp\/v2\/product_cat?post=12015"},{"taxonomy":"product_tag","embeddable":true,"href":"http:\/\/klubmamgdynia.pl\/index.php\/wp-json\/wp\/v2\/product_tag?post=12015"}],"curies":[{"name":"wp","href":"https:\/\/api.w.org\/{rel}","templated":true}]}}