{"id":12019,"date":"2013-08-29T08:35:00","date_gmt":"2013-08-29T06:35:00","guid":{"rendered":"http:\/\/klubmamgdynia.pl\/index.php\/produkt\/jazwares-squishmallows-pluszowy-gigi-pregowany-kot-19cm-jazwares\/"},"modified":"2026-04-04T14:49:50","modified_gmt":"2026-04-04T12:49:50","slug":"jazwares-squishmallows-pluszowy-gigi-pregowany-kot-19cm-jazwares","status":"publish","type":"product","link":"http:\/\/klubmamgdynia.pl\/index.php\/produkt\/jazwares-squishmallows-pluszowy-gigi-pregowany-kot-19cm-jazwares\/","title":{"rendered":"Jazwares Squishmallows Pluszowy Gigi Pr\u0119gowany Kot 19Cm Jazwares"},"content":{"rendered":"<p>Gigi to urocza, pomara\u0144czowa, pr\u0119gowana kotka z mi\u0119kkim, bia\u0142ym brzuszkiem. Ta supermi\u0119kka, pluszowa zabawka kolekcjonerska jest idealnym kanapowym przyjacielem i przytulank\u0105 do snu dla dzieci w r\u00f3\u017cnym wieku. Ma wyj\u0105tkow\u0105, piankow\u0105 struktur\u0119 \u2013 \u015bci\u015bnij maskotk\u0119, a przekonasz si\u0119, jaka jest niezwyk\u0142a!Ka\u017cdy Squishmallow ma w\u0142asny styl i osobowo\u015b\u0107, co zach\u0119ca dzieci do zabawy i anga\u017cuje ich wyobra\u017ani\u0119. Kotka Gigi porusza si\u0119 b\u0142yskawicznie, bo pije du\u017co soku jab\u0142kowego! Dlatego kiedy jest w pobli\u017cu, zanim j\u0105 zobaczysz, najpierw poczujesz smakowity, jab\u0142kowy zapach!Gdy ju\u017c dostaniesz swoj\u0105 pierwsz\u0105 maskotk\u0119 Squishmallow, zrozumiesz, czym jest prawdziwa przytulanka!Cechy produktu:\u2022 ka\u017cdy Squishmallow ma supermi\u0119kk\u0105, piankow\u0105 struktur\u0119,\u2022 ka\u017cdy Squishmallow ma w\u0142asny, wyj\u0105tkowy styl i wygl\u0105d,\u2022 ka\u017cdy Squishmallow ma niepowtarzaln\u0105 osobowo\u015b\u0107 \u2013 sprawd\u017a informacj\u0119 na zawieszce,\u2022 idealnie nadaje si\u0119 do przytulania i \u015bciskania,\u2022 zbierz je wszystkie i stw\u00f3rz ca\u0142\u0105 dru\u017cyn\u0119 Squishmallow.<\/p>\n<h2>Jazwares Squishmallows Pluszowy Gigi Pr\u0119gowany Kot 19Cm Jazwares Jazwares<\/h2>\n<p>kanapki na urodziny dziecka, co\u015b dla nastolatk\u00f3w, kolorowanka star wars, co oznacza jordan, bajka o smoku wawelskim, zagadki dla dzieci z odpowiedziami, quizy dla dzieci 10 lat, korczak cytaty, cytaty z ma\u0142ego ksi\u0119cia<\/p>\n<p>yyyyy<\/p>\n<p>&nbsp;<\/p>\n","protected":false},"excerpt":{"rendered":"<p>Gigi to urocza, pomara\u0144czowa, pr\u0119gowana kotka z mi\u0119kkim, bia\u0142ym brzuszkiem. Ta supermi\u0119kka, pluszowa zabawka kolekcjonerska jest idealnym kanapowym przyjacielem i przytulank\u0105 do snu dla dzieci w r\u00f3\u017cnym wieku. Ma wyj\u0105tkow\u0105, piankow\u0105 struktur\u0119 \u2013 \u015bci\u015bnij maskotk\u0119, a przekonasz si\u0119, jaka jest niezwyk\u0142a!Ka\u017cdy Squishmallow ma w\u0142asny styl i osobowo\u015b\u0107, co zach\u0119ca dzieci do zabawy i anga\u017cuje ich [&hellip;]<\/p>\n","protected":false},"featured_media":12020,"comment_status":"closed","ping_status":"open","template":"","meta":[],"product_cat":[912,42],"product_tag":[655,742,830,791],"class_list":["post-12019","product","type-product","status-publish","has-post-thumbnail","hentry","product_cat-jazwares","product_cat-maskotki","product_tag-najlepsze-zagadki","product_tag-piosenki-dla-dzieci-tekst","product_tag-rodzina-cytaty","product_tag-zagadki-na-myslenie"],"_links":{"self":[{"href":"http:\/\/klubmamgdynia.pl\/index.php\/wp-json\/wp\/v2\/product\/12019","targetHints":{"allow":["GET"]}}],"collection":[{"href":"http:\/\/klubmamgdynia.pl\/index.php\/wp-json\/wp\/v2\/product"}],"about":[{"href":"http:\/\/klubmamgdynia.pl\/index.php\/wp-json\/wp\/v2\/types\/product"}],"replies":[{"embeddable":true,"href":"http:\/\/klubmamgdynia.pl\/index.php\/wp-json\/wp\/v2\/comments?post=12019"}],"wp:featuredmedia":[{"embeddable":true,"href":"http:\/\/klubmamgdynia.pl\/index.php\/wp-json\/wp\/v2\/media\/12020"}],"wp:attachment":[{"href":"http:\/\/klubmamgdynia.pl\/index.php\/wp-json\/wp\/v2\/media?parent=12019"}],"wp:term":[{"taxonomy":"product_cat","embeddable":true,"href":"http:\/\/klubmamgdynia.pl\/index.php\/wp-json\/wp\/v2\/product_cat?post=12019"},{"taxonomy":"product_tag","embeddable":true,"href":"http:\/\/klubmamgdynia.pl\/index.php\/wp-json\/wp\/v2\/product_tag?post=12019"}],"curies":[{"name":"wp","href":"https:\/\/api.w.org\/{rel}","templated":true}]}}