{"id":1202,"date":"2024-11-24T09:40:15","date_gmt":"2024-11-24T08:40:15","guid":{"rendered":"http:\/\/klubmamgdynia.pl\/?post_type=product&#038;p=1202"},"modified":"2026-04-12T15:05:19","modified_gmt":"2026-04-12T13:05:19","slug":"gra-planszowa-kosmos-spiele-kosmos-adventure-games-das-verlies-wersja-niemiecka","status":"publish","type":"product","link":"http:\/\/klubmamgdynia.pl\/index.php\/produkt\/gra-planszowa-kosmos-spiele-kosmos-adventure-games-das-verlies-wersja-niemiecka\/","title":{"rendered":"Gra planszowa Kosmos Spiele Kosmos Adventure Games &#8211; Das Verlies (wersja niemiecka)"},"content":{"rendered":"<p>ACHTUNG! F\u00fcr Kinder unter 3 Jahren nicht geeignet. Erstickungsgefahr, da kleine Teile verschluckt oder eingeatmet werden k\u00f6nnen.<\/p>\n<h2>Gra planszowa Kosmos Spiele Kosmos Adventure Games &#8211; Das Verlies (wersja niemiecka) <\/h2>\n<p>nowoczesna babcia wiersz, kolorowanka pokemon, mia imie, literki do druku, z\u0142ote my\u015bli kubu\u015b puchatek cytaty, fajne prezenty dla nastolatk\u00f3w, policja kolorowanka, malowanki dla dziewczynek, mira imie, kolorowanki do druku kotki<\/p>\n<p>yyyyy<\/p>\n<p>&nbsp;<\/p>\n","protected":false},"excerpt":{"rendered":"<p>ACHTUNG! F\u00fcr Kinder unter 3 Jahren nicht geeignet. Erstickungsgefahr, da kleine Teile verschluckt oder eingeatmet werden k\u00f6nnen. Gra planszowa Kosmos Spiele Kosmos Adventure Games &#8211; Das Verlies (wersja niemiecka) nowoczesna babcia wiersz, kolorowanka pokemon, mia imie, literki do druku, z\u0142ote my\u015bli kubu\u015b puchatek cytaty, fajne prezenty dla nastolatk\u00f3w, policja kolorowanka, malowanki dla dziewczynek, mira imie, [&hellip;]<\/p>\n","protected":false},"featured_media":1203,"comment_status":"closed","ping_status":"open","template":"","meta":[],"product_cat":[235],"product_tag":[740,624,665,634,796],"class_list":["post-1202","product","type-product","status-publish","has-post-thumbnail","hentry","product_cat-gry-planszowe","product_tag-fajne-prezenty-dla-nastolatkow","product_tag-krotkie-zagadki","product_tag-proste-zagadki","product_tag-zagadki-wielkanocne-dla-dzieci","product_tag-zagatki"],"_links":{"self":[{"href":"http:\/\/klubmamgdynia.pl\/index.php\/wp-json\/wp\/v2\/product\/1202","targetHints":{"allow":["GET"]}}],"collection":[{"href":"http:\/\/klubmamgdynia.pl\/index.php\/wp-json\/wp\/v2\/product"}],"about":[{"href":"http:\/\/klubmamgdynia.pl\/index.php\/wp-json\/wp\/v2\/types\/product"}],"replies":[{"embeddable":true,"href":"http:\/\/klubmamgdynia.pl\/index.php\/wp-json\/wp\/v2\/comments?post=1202"}],"wp:featuredmedia":[{"embeddable":true,"href":"http:\/\/klubmamgdynia.pl\/index.php\/wp-json\/wp\/v2\/media\/1203"}],"wp:attachment":[{"href":"http:\/\/klubmamgdynia.pl\/index.php\/wp-json\/wp\/v2\/media?parent=1202"}],"wp:term":[{"taxonomy":"product_cat","embeddable":true,"href":"http:\/\/klubmamgdynia.pl\/index.php\/wp-json\/wp\/v2\/product_cat?post=1202"},{"taxonomy":"product_tag","embeddable":true,"href":"http:\/\/klubmamgdynia.pl\/index.php\/wp-json\/wp\/v2\/product_tag?post=1202"}],"curies":[{"name":"wp","href":"https:\/\/api.w.org\/{rel}","templated":true}]}}